{"id":6439,"date":"2024-10-30T16:33:10","date_gmt":"2024-10-30T20:33:10","guid":{"rendered":"https:\/\/dev.proliquidpc.com\/boutique\/non%20class\u00e9\/bloc-cpu-intel-bykski-avec-affichage-de-la-temperature-cpu-fire-on-i-noir\/"},"modified":"2025-03-01T13:44:53","modified_gmt":"2025-03-01T18:44:53","slug":"bloc-cpu-intel-bykski-avec-affichage-de-la-temperature-cpu-fire-on-i-noir","status":"publish","type":"product","link":"https:\/\/proliquidpc.com\/fr\/boutique\/cpu-waterblock\/cpu-intel\/bloc-cpu-intel-bykski-avec-affichage-de-la-temperature-cpu-fire-on-i-noir\/","title":{"rendered":"Bloc CPU Intel Bykski avec affichage de la temp\u00e9rature CPU-FIRE-ON-I &#8211; Noir"},"content":{"rendered":"<p>Le bloc de refroidissement par eau Bykski CPU-FIRE-ON-I CPU avec affichage num\u00e9rique de la temp\u00e9rature dispose d\u2019un affichage de la temp\u00e9rature en temps r\u00e9el. Cet \u00e9cran est int\u00e9gr\u00e9 directement sur le dessus du bloc, cr\u00e9ant une sortie facile \u00e0 lire ainsi qu\u2019une esth\u00e9tique visuelle \u00e9poustouflante. L\u2019\u00e9cran affiche la temp\u00e9rature en temps r\u00e9el.<\/p>\n<p>Le bloc de refroidissement par eau Bykski CPU-FIRE-ON-I CPU est dot\u00e9 d\u2019une base usin\u00e9e avec pr\u00e9cision enti\u00e8rement en cuivre. La plaque sup\u00e9rieure est en PMMA transparent de haute qualit\u00e9 avec une plaque frontale en aluminium (non en contact avec le liquide de refroidissement). Ce bloc s\u2019adapte \u00e0 une grande vari\u00e9t\u00e9 de processeurs Intel actuels, ce qui en fait un excellent choix pour les utilisateurs d\u2019Intel.<\/p>\n<p>La base du bloc est galvanis\u00e9e pour \u00e9viter l\u2019oxydation. Une conception \u00e0 haut d\u00e9bit est utilis\u00e9e pour permettre des performances maximales.<\/p>\n<p>Fonctionnalit\u00e9s<br \/>\nLe meilleur savoir-faire<br \/>\nCon\u00e7u pour s\u2019adapter aux fittings filet\u00e9s standard G1\/4&Prime;<br \/>\nAffichage num\u00e9rique de la temp\u00e9rature<br \/>\nSp\u00e9cifications<br \/>\nMod\u00e8le :CPU-FIRE-ON-I<br \/>\nMarque :Bykski<br \/>\nMat\u00e9riel : Base en cuivre haute puret\u00e9 galvanis\u00e9 \/ dessus en PMMA<br \/>\nFiletage : G1 \/ 4<br \/>\nCanaux :0.5mm<br \/>\nCompatibilit\u00e9<br \/>\nBoucle : Non-aluminium<br \/>\nSocket :Intel LGA 1150\/1151\/1155\/1156\/1200 \/ LGA 1366 \/ LGA 2011\/2066<br \/>\nfittings :G1\/4&Prime; filetage<br \/>\nPi\u00e8ces incluses<br \/>\n1x bloc de refroidissement par eau du processeur<br \/>\n1x mat\u00e9riel de montage<br \/>\n1x \u00e9clairage RVB adressable 5v (RBW)<br \/>\nAvertissements<br \/>\nLe fabricant se r\u00e9serve le droit de modifier la conception du bloc pour \u00e9tendre la compatibilit\u00e9. L\u2019article livr\u00e9 peut ne pas correspondre \u00e0 100% \u00e0 l\u2019article illustr\u00e9.<\/p>\n","protected":false},"excerpt":{"rendered":"<p>Le bloc de refroidissement par eau Bykski CPU-FIRE-ON-I CPU avec affichage num\u00e9rique de la temp\u00e9rature dispose d\u2019un affichage de la temp\u00e9rature en temps r\u00e9el. Cet \u00e9cran est int\u00e9gr\u00e9 directement sur le dessus du bloc, cr\u00e9ant une sortie facile \u00e0 lire ainsi qu\u2019une esth\u00e9tique visuelle \u00e9poustouflante. L\u2019\u00e9cran affiche la temp\u00e9rature en temps r\u00e9el. Le bloc de [&hellip;]<\/p>\n","protected":false},"featured_media":10418,"template":"","meta":{"_genesis_hide_title":false,"_genesis_hide_breadcrumbs":false,"_genesis_hide_singular_image":false,"_genesis_hide_footer_widgets":false,"_genesis_custom_body_class":"","_genesis_custom_post_class":"","_genesis_layout":""},"product_brand":[],"product_cat":[43,36],"product_tag":[],"class_list":{"0":"post-6439","1":"product","2":"type-product","3":"status-publish","4":"has-post-thumbnail","6":"product_cat-cpu-intel","7":"product_cat-cpu-waterblock","8":"entry","10":"first","11":"instock","12":"taxable","13":"shipping-taxable","14":"purchasable","15":"product-type-simple"},"_links":{"self":[{"href":"https:\/\/proliquidpc.com\/fr\/wp-json\/wp\/v2\/product\/6439","targetHints":{"allow":["GET"]}}],"collection":[{"href":"https:\/\/proliquidpc.com\/fr\/wp-json\/wp\/v2\/product"}],"about":[{"href":"https:\/\/proliquidpc.com\/fr\/wp-json\/wp\/v2\/types\/product"}],"wp:featuredmedia":[{"embeddable":true,"href":"https:\/\/proliquidpc.com\/fr\/wp-json\/wp\/v2\/media\/10418"}],"wp:attachment":[{"href":"https:\/\/proliquidpc.com\/fr\/wp-json\/wp\/v2\/media?parent=6439"}],"wp:term":[{"taxonomy":"product_brand","embeddable":true,"href":"https:\/\/proliquidpc.com\/fr\/wp-json\/wp\/v2\/product_brand?post=6439"},{"taxonomy":"product_cat","embeddable":true,"href":"https:\/\/proliquidpc.com\/fr\/wp-json\/wp\/v2\/product_cat?post=6439"},{"taxonomy":"product_tag","embeddable":true,"href":"https:\/\/proliquidpc.com\/fr\/wp-json\/wp\/v2\/product_tag?post=6439"}],"curies":[{"name":"wp","href":"https:\/\/api.w.org\/{rel}","templated":true}]}}