{"id":6440,"date":"2024-10-30T16:33:10","date_gmt":"2024-10-30T20:33:10","guid":{"rendered":"https:\/\/dev.proliquidpc.com\/boutique\/non%20class\u00e9\/distroplate-barrow-lrc2-0-pour-corsair-570x-500d-cr570x-sdb\/"},"modified":"2025-03-09T21:50:37","modified_gmt":"2025-03-10T01:50:37","slug":"distroplate-barrow-lrc2-0-pour-corsair-570x-500d-cr570x-sdb","status":"publish","type":"product","link":"https:\/\/proliquidpc.com\/fr\/boutique\/reservoirs\/distroplates\/distroplate-barrow-lrc2-0-pour-corsair-570x-500d-cr570x-sdb\/","title":{"rendered":"Distroplate Barrow LRC2.0 pour CORSAIR 570X\/500D &#8211; CR570X-SDB"},"content":{"rendered":"<p>Cette planche de canal d\u2019eau de Barrow est fabriqu\u00e9e en acrylique et est sp\u00e9cialement con\u00e7ue pour s\u2019adapter \u00e0 l\u2019int\u00e9rieur du Corsair 570X ou 500D.<\/p>\n<p>Veuillez noter : Les canaux d\u2019eau \u00e0 l\u2019int\u00e9rieur de ces plaques de voies navigables peuvent \u00eatre mis \u00e0 jour sans pr\u00e9avis. La d\u00e9limitation globale de la voie navigable restera la m\u00eame<\/p>\n<p>Les mod\u00e8les de cartes m\u00e8res avec lesquels la carte int\u00e9gr\u00e9e \u00e0 canal d\u2019eau est compatible sont :<br \/>\n\u2022 ROG STRIX Z390-E GAMING<br \/>\n\u2022 ROG STRIX Z390-H GAMING<br \/>\n\u2022 ROG STRIX Z370-F GAMING<br \/>\n\u2022 ROG MAXIMUS X H\u00c9ROS<br \/>\n\u2022 ROG MAXIMUS X HERO (WI-FI AC)<br \/>\n\u2022 ROG MAXIMUS IX. H\u00c9ROS<br \/>\n\u2022 ROG STRIX Z370-E GAMING<br \/>\n\u2022 ROG STRIX Z370-H GAMING<br \/>\n\u2022 ROG STRIX Z370-F GAMING<br \/>\n\u2022 ROG STRIX B360-F GAMING<br \/>\n\u2022 ROG STRIX Z270F GAMING<br \/>\n\u2022 ROG STRIX Z270E GAMING<br \/>\n\u2022 ROG STRIX Z270H GAMING<br \/>\n\u2022 ROG MAXIMUS XI EXTREME<br \/>\n\u2022 ROG MAXIMUS XI GENE<br \/>\n\u2022 H\u00e9ros ROG Maximus XI<br \/>\n\u2022 ROG Maximus XI Hero Black Ops<br \/>\n\u2022 ROG MAXIMUS VIII EXTREME\/ASSEMBLAGE<br \/>\n\u2022 PRIME Z370-A<br \/>\n\u2022 PRIME Z390-A<br \/>\n\u2022 PRIME Z390-P<br \/>\n\u2022 TUF Z390-PRO GAMING<br \/>\n\u2022 TUF Z370-PRO GAMING<br \/>\n\u2022 H\u00c9ROS MAXIMUS VIII<br \/>\n\u2022 MAXIMUS VIII RANGER<br \/>\n\u2022 Z170 PRO GAMING<br \/>\n\u2022 Z170-AR<\/p>\n<p>Nous vous recommandons d\u2019utiliser les mod\u00e8les de cartes m\u00e8res ci-dessus. Veuillez vous r\u00e9f\u00e9rer \u00e0 Barrowint.com pour la mise \u00e0 jour de cartes m\u00e8res plus compatibles.<\/p>\n<p>Les blocs CPU compatibles sont :<br \/>\n\u2022 LTYK3-04 V2<br \/>\n\u2022 LTYKB-04N-V2<br \/>\n\u2022 LTYKB-ARK<br \/>\n\u2022 LTFHB-04N V2<br \/>\n\u2022 FBLTFI-04N V2<\/p>\n<p>Produits recommand\u00e9s<br \/>\n1 x Rallonge Barrowch M\u00e2le \u00e0 Femelle &#8211; 7.5mm &#8211; FBNYZ-G7.5<br \/>\n2 x Rallonge Barrowch M\u00e2le \u00e0 Femelle &#8211; 10mm &#8211; FBNYZ-G10<br \/>\n6 x Adaptateur rotatif Barrow 90\u00b0 (m\u00e2le vers femelle) &#8211; TWT90-v2.5<br \/>\n10 x fitting \u00e0 compression Barrow &#8211; OD : Tube rigide de 14 mm (lisse) &#8211; TLGYKN-14<br \/>\n1 x clapet anti-retour de type poussoir plat Barrow (m\u00e2le \u00e0 femelle) &#8211; TTLPFG<br \/>\n3 x Barrow Multicolore Nouveau CD Plaque Composite Finition Stop Plug Fitting &#8211; TLCDT-V1<br \/>\n1 x Barrow Dual G1\/4&Prime; Tuyau Aqua Link r\u00e9glable (22-31MM) &#8211; TSSXK-A01<br \/>\n1 x soupape d\u2019\u00e9chappement manuelle multicolore style Barrowch 19 &#8211; FBPQZ-V3<br \/>\n1 x Barrow 16 voies full function RGB et ventilateur contr\u00f4leur int\u00e9gr\u00e9 (prise en charge de la t\u00e9l\u00e9commande et de la synchronisation de la carte m\u00e8re RGB) &#8211; DK301-16<br \/>\n1 x BARROWCH Chameleon Fish s\u00e9rie radiateur amovible 360 \u00e9dition POM &#8211; FBCFR-360P<br \/>\n1 x BARROW LRC2.0 PLUS version PWM control speed 17w kit de pompe avec sp\u00e9cial utilis\u00e9 pour le trou traversant de la plaque de voie navigable &#8211; SPB17-T PLUS<br \/>\n4 x Barrow RGB R\u00e9gulation de vitesse en couleur et ventilateur int\u00e9gr\u00e9 d\u2019\u00e9clairage avec roulement hydraulique R\u00e9gulation de vitesse PWM &#8211; BF04-PR<br \/>\n6 x Barrow 14*10 Tube PETG type temp\u00e9rature normale (ID : 10MM, OD : 14MM, Longueur : 500MM) &#8211; PG1410-L<br \/>\n2 x Barrow New Edition Liquide de refroidissement par eau &#8211; SLYS-V2<br \/>\nLa liste ci-dessus n\u2019affiche que les sp\u00e9cifications de connecteur applicables.<br \/>\nLes joueurs peuvent choisir d\u2019autres produits en fonction des sp\u00e9cifications du produit ci-dessus<\/p>\n","protected":false},"excerpt":{"rendered":"<p>Cette planche de canal d\u2019eau de Barrow est fabriqu\u00e9e en acrylique et est sp\u00e9cialement con\u00e7ue pour s\u2019adapter \u00e0 l\u2019int\u00e9rieur du Corsair 570X ou 500D. Veuillez noter : Les canaux d\u2019eau \u00e0 l\u2019int\u00e9rieur de ces plaques de voies navigables peuvent \u00eatre mis \u00e0 jour sans pr\u00e9avis. La d\u00e9limitation globale de la voie navigable restera la m\u00eame [&hellip;]<\/p>\n","protected":false},"featured_media":10030,"template":"","meta":{"_genesis_hide_title":false,"_genesis_hide_breadcrumbs":false,"_genesis_hide_singular_image":false,"_genesis_hide_footer_widgets":false,"_genesis_custom_body_class":"","_genesis_custom_post_class":"","_genesis_layout":""},"product_brand":[233],"product_cat":[42,41],"product_tag":[],"class_list":{"0":"post-6440","1":"product","2":"type-product","3":"status-publish","4":"has-post-thumbnail","6":"product_brand-barrow","7":"product_cat-distroplates","8":"product_cat-reservoirs","9":"entry","11":"first","12":"outofstock","13":"taxable","14":"shipping-taxable","15":"purchasable","16":"product-type-simple"},"_links":{"self":[{"href":"https:\/\/proliquidpc.com\/fr\/wp-json\/wp\/v2\/product\/6440","targetHints":{"allow":["GET"]}}],"collection":[{"href":"https:\/\/proliquidpc.com\/fr\/wp-json\/wp\/v2\/product"}],"about":[{"href":"https:\/\/proliquidpc.com\/fr\/wp-json\/wp\/v2\/types\/product"}],"wp:featuredmedia":[{"embeddable":true,"href":"https:\/\/proliquidpc.com\/fr\/wp-json\/wp\/v2\/media\/10030"}],"wp:attachment":[{"href":"https:\/\/proliquidpc.com\/fr\/wp-json\/wp\/v2\/media?parent=6440"}],"wp:term":[{"taxonomy":"product_brand","embeddable":true,"href":"https:\/\/proliquidpc.com\/fr\/wp-json\/wp\/v2\/product_brand?post=6440"},{"taxonomy":"product_cat","embeddable":true,"href":"https:\/\/proliquidpc.com\/fr\/wp-json\/wp\/v2\/product_cat?post=6440"},{"taxonomy":"product_tag","embeddable":true,"href":"https:\/\/proliquidpc.com\/fr\/wp-json\/wp\/v2\/product_tag?post=6440"}],"curies":[{"name":"wp","href":"https:\/\/api.w.org\/{rel}","templated":true}]}}