{"id":6443,"date":"2024-10-30T16:33:10","date_gmt":"2024-10-30T20:33:10","guid":{"rendered":"https:\/\/dev.proliquidpc.com\/boutique\/non%20class\u00e9\/barrowch-kits-modifies-pour-pompe-d5-fbd5tz-argent\/"},"modified":"2025-12-17T12:55:50","modified_gmt":"2025-12-17T17:55:50","slug":"barrowch-kits-modifies-pour-pompe-d5-fbd5tz-argent","status":"publish","type":"product","link":"https:\/\/proliquidpc.com\/fr\/boutique\/pompes\/pompes-d5-accessoires\/barrowch-kits-modifies-pour-pompe-d5-fbd5tz-argent\/","title":{"rendered":"Barrowch Kits modifi\u00e9s pour pompe D5 &#8211; FBD5TZ &#8211; Argent"},"content":{"rendered":"<p>Les kits modifi\u00e9s Barrowch pour pompe D5 ont une dissipation de chaleur super forte et assurent un fonctionnement stable de la pompe. Il est fabriqu\u00e9 en aluminium et en acrylique et a un rgb int\u00e9gr\u00e9 dans le dessus de la pompe.<\/p>\n","protected":false},"excerpt":{"rendered":"<p>Les kits modifi\u00e9s Barrowch pour pompe D5 ont une dissipation de chaleur super forte et assurent un fonctionnement stable de la pompe. Il est fabriqu\u00e9 en aluminium et en acrylique et a un rgb int\u00e9gr\u00e9 dans le dessus de la pompe.<\/p>\n","protected":false},"featured_media":2423,"template":"","meta":{"_genesis_hide_title":false,"_genesis_hide_breadcrumbs":false,"_genesis_hide_singular_image":false,"_genesis_hide_footer_widgets":false,"_genesis_custom_body_class":"","_genesis_custom_post_class":"","_genesis_layout":""},"product_brand":[233],"product_cat":[46,50],"product_tag":[],"class_list":{"0":"post-6443","1":"product","2":"type-product","3":"status-publish","4":"has-post-thumbnail","6":"product_brand-barrow","7":"product_cat-pompes","8":"product_cat-pompes-d5-accessoires","9":"entry","11":"first","12":"outofstock","13":"taxable","14":"shipping-taxable","15":"purchasable","16":"product-type-simple"},"_links":{"self":[{"href":"https:\/\/proliquidpc.com\/fr\/wp-json\/wp\/v2\/product\/6443","targetHints":{"allow":["GET"]}}],"collection":[{"href":"https:\/\/proliquidpc.com\/fr\/wp-json\/wp\/v2\/product"}],"about":[{"href":"https:\/\/proliquidpc.com\/fr\/wp-json\/wp\/v2\/types\/product"}],"wp:featuredmedia":[{"embeddable":true,"href":"https:\/\/proliquidpc.com\/fr\/wp-json\/wp\/v2\/media\/2423"}],"wp:attachment":[{"href":"https:\/\/proliquidpc.com\/fr\/wp-json\/wp\/v2\/media?parent=6443"}],"wp:term":[{"taxonomy":"product_brand","embeddable":true,"href":"https:\/\/proliquidpc.com\/fr\/wp-json\/wp\/v2\/product_brand?post=6443"},{"taxonomy":"product_cat","embeddable":true,"href":"https:\/\/proliquidpc.com\/fr\/wp-json\/wp\/v2\/product_cat?post=6443"},{"taxonomy":"product_tag","embeddable":true,"href":"https:\/\/proliquidpc.com\/fr\/wp-json\/wp\/v2\/product_tag?post=6443"}],"curies":[{"name":"wp","href":"https:\/\/api.w.org\/{rel}","templated":true}]}}