{"id":6444,"date":"2024-10-30T16:33:10","date_gmt":"2024-10-30T20:33:10","guid":{"rendered":"https:\/\/dev.proliquidpc.com\/boutique\/non%20class\u00e9\/barrowch-ecran-daffichage-a-expansion-externe-fbehd-01-argent\/"},"modified":"2025-03-09T21:50:54","modified_gmt":"2025-03-10T01:50:54","slug":"barrowch-ecran-daffichage-a-expansion-externe-fbehd-01-argent","status":"publish","type":"product","link":"https:\/\/proliquidpc.com\/fr\/boutique\/outils\/barrowch-ecran-daffichage-a-expansion-externe-fbehd-01-argent\/","title":{"rendered":"BarrowCH \u00c9cran d&rsquo;affichage \u00e0 expansion externe &#8211; FBEHD-01 &#8211; Argent"},"content":{"rendered":"<p>Barrowch Affichage \u00e0 expansion externe<\/p>\n<p>01 Module d\u2019affichage secondaire int\u00e9gr\u00e9 et externe<br \/>\nUn module autonome avec une entr\u00e9e vid\u00e9o compl\u00e8te et une entr\u00e9e d\u2019alimentation, suffisamment polyvalent pour \u00eatre install\u00e9 \u00e0 l\u2019int\u00e9rieur d\u2019un bo\u00eetier d\u2019ordinateur ou \u00e0 l\u2019ext\u00e9rieur sur un bureau<\/p>\n<p>02 \u00c9cran large haute r\u00e9solution<br \/>\nR\u00e9solution de 1920 x 480, angle de vision IPS complet, rapport de contraste \u00e9lev\u00e9 de 800:1, taux de rafra\u00eechissement de 60 Hz.<\/p>\n<p>03 Plusieurs interfaces de surveillance AIDA64 rempla\u00e7ables<br \/>\nLes officiels continueront \u00e0 publier une vari\u00e9t\u00e9 d\u2019interfaces bas\u00e9es sur le logiciel de surveillance du syst\u00e8me AIDA64 pour le remplacement, et les joueurs peuvent \u00e9galement participer \u00e0 des versions faites maison et partag\u00e9es des m\u00eames mod\u00e8les d\u2019interface de surveillance de r\u00e9solution.<\/p>\n<p>04 Rainure de support de t\u00e9l\u00e9phone portable r\u00e9serv\u00e9e<br \/>\nLa fente \u00e0 griffes du support de t\u00e9l\u00e9phone portable commun est r\u00e9serv\u00e9e \u00e0 la partie inf\u00e9rieure du bo\u00eetier. Lorsque le produit est utilis\u00e9 comme \u00e9cran externe, il est plus pratique d\u2019installer le support de t\u00e9l\u00e9phone portable, et la compatibilit\u00e9 de la plupart des supports de t\u00e9l\u00e9phone portable ne sera pas affect\u00e9e par l\u2019\u00e9paisseur du produit.<\/p>\n<p>05 Alimentation USB basse tension 5V<br \/>\nEn utilisant le micro USB standard comme interface d\u2019alimentation, basse tension s\u00fbre 5V, prend en charge le fonctionnement \u00e0 chaud.<\/p>\n<p>06 Interface d\u2019entr\u00e9e vid\u00e9o mini HDMI universelle<br \/>\nLe Mini HDMI standard est utilis\u00e9 comme interface d\u2019entr\u00e9e vid\u00e9o, et la longueur standard du produit est de 50 cm.<\/p>\n<p>07 La coque arri\u00e8re a une conception de rainure enterr\u00e9e lat\u00e9rale<br \/>\nLe circuit de commande arri\u00e8re du produit est con\u00e7u \u00e0 partir du centre et a une double rainure int\u00e9rieure, qui cache raisonnablement l\u2019exposition de l\u2019interface externe et du fil, et est plus belle et pratique.<\/p>\n<p>08 Support \u00e9quip\u00e9 selon la norme<br \/>\nSelon le support de fonction \u00e9quip\u00e9 de s\u00e9rie, \u00e0 travers la position de montage du double ventilateur du ch\u00e2ssis ou du radiateur pour l\u2019installation, pour une installation simple et facile du produit.<\/p>\n<p>09 Effet d\u2019\u00e9clairage RVB int\u00e9gr\u00e9<br \/>\nLa couverture arri\u00e8re transparente en acrylique est \u00e9quip\u00e9e du syst\u00e8me d\u2019\u00e9clairage Barrow LRC2.0. L\u2019arri\u00e8re et le c\u00f4t\u00e9 du produit peuvent r\u00e9aliser la magnifique couleur du contr\u00f4le synchrone et asynchrone de l\u2019\u00e9clairage, et peuvent \u00e9galement \u00eatre compatibles avec la plupart des interfaces de tube lumineux programmables 5V de la carte m\u00e8re.<\/p>\n<p>10 Panneau avant en alliage d\u2019aluminium<br \/>\nLe panneau est fait d\u2019un alliage d\u2019aluminium CNC entier, et il a une bonne apparence et une bonne durabilit\u00e9 apr\u00e8s anodisation et coloration.<\/p>\n<p>11 Syst\u00e8me de contr\u00f4le 2.0<br \/>\nLe syst\u00e8me de contr\u00f4le de l\u2019\u00e9clairage RVB couleur LRC 2.0 comprend le contr\u00f4leur manuel de la version 2.0 de Barrow et la t\u00e9l\u00e9commande \u00e0 16 canaux. Il peut \u00eatre compatible avec les composants d\u2019\u00e9clairage RGB et d\u2019autres produits ind\u00e9pendants, ainsi qu\u2019avec les composants d\u2019\u00e9clairage int\u00e9gr\u00e9s de toutes les versions 2.0 de Barrow.<\/p>\n","protected":false},"excerpt":{"rendered":"<p>Barrowch Affichage \u00e0 expansion externe 01 Module d\u2019affichage secondaire int\u00e9gr\u00e9 et externe Un module autonome avec une entr\u00e9e vid\u00e9o compl\u00e8te et une entr\u00e9e d\u2019alimentation, suffisamment polyvalent pour \u00eatre install\u00e9 \u00e0 l\u2019int\u00e9rieur d\u2019un bo\u00eetier d\u2019ordinateur ou \u00e0 l\u2019ext\u00e9rieur sur un bureau 02 \u00c9cran large haute r\u00e9solution R\u00e9solution de 1920 x 480, angle de vision IPS complet, [&hellip;]<\/p>\n","protected":false},"featured_media":10329,"template":"","meta":{"_genesis_hide_title":false,"_genesis_hide_breadcrumbs":false,"_genesis_hide_singular_image":false,"_genesis_hide_footer_widgets":false,"_genesis_custom_body_class":"","_genesis_custom_post_class":"","_genesis_layout":""},"product_brand":[233],"product_cat":[44],"product_tag":[],"class_list":{"0":"post-6444","1":"product","2":"type-product","3":"status-publish","4":"has-post-thumbnail","6":"product_brand-barrow","7":"product_cat-outils","8":"entry","10":"first","11":"instock","12":"taxable","13":"shipping-taxable","14":"purchasable","15":"product-type-simple"},"_links":{"self":[{"href":"https:\/\/proliquidpc.com\/fr\/wp-json\/wp\/v2\/product\/6444","targetHints":{"allow":["GET"]}}],"collection":[{"href":"https:\/\/proliquidpc.com\/fr\/wp-json\/wp\/v2\/product"}],"about":[{"href":"https:\/\/proliquidpc.com\/fr\/wp-json\/wp\/v2\/types\/product"}],"wp:featuredmedia":[{"embeddable":true,"href":"https:\/\/proliquidpc.com\/fr\/wp-json\/wp\/v2\/media\/10329"}],"wp:attachment":[{"href":"https:\/\/proliquidpc.com\/fr\/wp-json\/wp\/v2\/media?parent=6444"}],"wp:term":[{"taxonomy":"product_brand","embeddable":true,"href":"https:\/\/proliquidpc.com\/fr\/wp-json\/wp\/v2\/product_brand?post=6444"},{"taxonomy":"product_cat","embeddable":true,"href":"https:\/\/proliquidpc.com\/fr\/wp-json\/wp\/v2\/product_cat?post=6444"},{"taxonomy":"product_tag","embeddable":true,"href":"https:\/\/proliquidpc.com\/fr\/wp-json\/wp\/v2\/product_tag?post=6444"}],"curies":[{"name":"wp","href":"https:\/\/api.w.org\/{rel}","templated":true}]}}