{"id":6445,"date":"2024-10-30T16:33:10","date_gmt":"2024-10-30T20:33:10","guid":{"rendered":"https:\/\/dev.proliquidpc.com\/boutique\/non%20class\u00e9\/dissipateur-thermique-a-affichage-numerique-barrowch-m-2-2280-22110-fbm2tz-01-noir\/"},"modified":"2025-03-20T23:12:10","modified_gmt":"2025-03-21T03:12:10","slug":"dissipateur-thermique-a-affichage-numerique-barrowch-m-2-2280-22110-fbm2tz-01-noir","status":"publish","type":"product","link":"https:\/\/proliquidpc.com\/fr\/boutique\/autres-waterblock\/hdd-m-2\/dissipateur-thermique-a-affichage-numerique-barrowch-m-2-2280-22110-fbm2tz-01-noir\/","title":{"rendered":"Dissipateur thermique \u00e0 affichage num\u00e9rique Barrowch M.2 2280\/22110 &#8211; FBM2TZ-01 &#8211; Noir"},"content":{"rendered":"<p>Ce dissipateur thermique \u00e0 affichage num\u00e9rique de BarrowCH convient aux disques M2 de sp\u00e9cification 2280\/22110. L\u2019affichage num\u00e9rique permet d\u2019afficher la temp\u00e9rature en temps r\u00e9el et est facilement aliment\u00e9 par un emplacement pour le ventilateur de la carte m\u00e8re.<\/p>\n","protected":false},"excerpt":{"rendered":"<p>Ce dissipateur thermique \u00e0 affichage num\u00e9rique de BarrowCH convient aux disques M2 de sp\u00e9cification 2280\/22110. L\u2019affichage num\u00e9rique permet d\u2019afficher la temp\u00e9rature en temps r\u00e9el et est facilement aliment\u00e9 par un emplacement pour le ventilateur de la carte m\u00e8re.<\/p>\n","protected":false},"featured_media":10714,"template":"","meta":{"_genesis_hide_title":false,"_genesis_hide_breadcrumbs":false,"_genesis_hide_singular_image":false,"_genesis_hide_footer_widgets":false,"_genesis_custom_body_class":"","_genesis_custom_post_class":"","_genesis_layout":""},"product_brand":[233],"product_cat":[63,62],"product_tag":[],"class_list":{"0":"post-6445","1":"product","2":"type-product","3":"status-publish","4":"has-post-thumbnail","6":"product_brand-barrow","7":"product_cat-hdd-m-2","8":"product_cat-autres-waterblock","9":"entry","11":"first","12":"instock","13":"taxable","14":"shipping-taxable","15":"purchasable","16":"product-type-simple"},"_links":{"self":[{"href":"https:\/\/proliquidpc.com\/fr\/wp-json\/wp\/v2\/product\/6445","targetHints":{"allow":["GET"]}}],"collection":[{"href":"https:\/\/proliquidpc.com\/fr\/wp-json\/wp\/v2\/product"}],"about":[{"href":"https:\/\/proliquidpc.com\/fr\/wp-json\/wp\/v2\/types\/product"}],"wp:featuredmedia":[{"embeddable":true,"href":"https:\/\/proliquidpc.com\/fr\/wp-json\/wp\/v2\/media\/10714"}],"wp:attachment":[{"href":"https:\/\/proliquidpc.com\/fr\/wp-json\/wp\/v2\/media?parent=6445"}],"wp:term":[{"taxonomy":"product_brand","embeddable":true,"href":"https:\/\/proliquidpc.com\/fr\/wp-json\/wp\/v2\/product_brand?post=6445"},{"taxonomy":"product_cat","embeddable":true,"href":"https:\/\/proliquidpc.com\/fr\/wp-json\/wp\/v2\/product_cat?post=6445"},{"taxonomy":"product_tag","embeddable":true,"href":"https:\/\/proliquidpc.com\/fr\/wp-json\/wp\/v2\/product_tag?post=6445"}],"curies":[{"name":"wp","href":"https:\/\/api.w.org\/{rel}","templated":true}]}}