{"id":6446,"date":"2024-10-30T16:34:28","date_gmt":"2024-10-30T20:34:28","guid":{"rendered":"https:\/\/dev.proliquidpc.com\/boutique\/non%20class\u00e9\/barrowch-250mm-boxfish-series-reservoir-en-acetal-avec-ecran-oled-fbre1-250y-noir\/"},"modified":"2025-03-09T21:50:46","modified_gmt":"2025-03-10T01:50:46","slug":"barrowch-250mm-boxfish-series-reservoir-en-acetal-avec-ecran-oled-fbre1-250y-noir","status":"publish","type":"product","link":"https:\/\/proliquidpc.com\/fr\/boutique\/reservoirs\/box\/barrowch-250mm-boxfish-series-reservoir-en-acetal-avec-ecran-oled-fbre1-250y-noir\/","title":{"rendered":"Barrowch 250mm Boxfish Series R\u00e9servoir en ac\u00e9tal avec \u00e9cran OLED &#8211; FBRE1-250Y &#8211; Noir"},"content":{"rendered":"<p>Un autre design tr\u00e8s unique de Barrowch, les r\u00e9servoirs de la s\u00e9rie Boxfish s&rsquo;inspirent de l&rsquo;animal marin du m\u00eame homonyme pour vous offrir cette s\u00e9rie de r\u00e9servoirs unique en son genre. Avec son \u00e9clairage D-RGB int\u00e9gr\u00e9 et son affichage de la temp\u00e9rature OLED, il est dot\u00e9 de fonctionnalit\u00e9s que vous attendez d&rsquo;un produit beaucoup plus cher, tout en conservant une excellente qualit\u00e9 de construction et en utilisant des mat\u00e9riaux haut de gamme. Avec un total de 8 options d&rsquo;entr\u00e9e\/sortie G1\/4&Prime;, vous avez une myriade d&rsquo;options pour alimenter votre boucle. Avec le syst\u00e8me d&rsquo;\u00e9clairage LRC 2.0, vous obtenez des effets d&rsquo;\u00e9clairage \u00e9blouissants qui peuvent \u00eatre contr\u00f4l\u00e9s avec une carte m\u00e8re compatible ou ind\u00e9pendamment avec un contr\u00f4leur LRC (tous deux disponibles s\u00e9par\u00e9ment). Pour aider \u00e0 r\u00e9duire les co\u00fbts, des bandes de montage Velcro sont incluses, mais un support de montage est disponible s\u00e9par\u00e9ment si c&rsquo;est votre m\u00e9thode pr\u00e9f\u00e9r\u00e9e pour s\u00e9curiser la r\u00e9solution.<\/p>\n","protected":false},"excerpt":{"rendered":"<p>Un autre design tr\u00e8s unique de Barrowch, les r\u00e9servoirs de la s\u00e9rie Boxfish s&rsquo;inspirent de l&rsquo;animal marin du m\u00eame homonyme pour vous offrir cette s\u00e9rie de r\u00e9servoirs unique en son genre. Avec son \u00e9clairage D-RGB int\u00e9gr\u00e9 et son affichage de la temp\u00e9rature OLED, il est dot\u00e9 de fonctionnalit\u00e9s que vous attendez d&rsquo;un produit beaucoup plus [&hellip;]<\/p>\n","protected":false},"featured_media":10205,"template":"","meta":{"_genesis_hide_title":false,"_genesis_hide_breadcrumbs":false,"_genesis_hide_singular_image":false,"_genesis_hide_footer_widgets":false,"_genesis_custom_body_class":"","_genesis_custom_post_class":"","_genesis_layout":""},"product_brand":[233],"product_cat":[41,52],"product_tag":[],"class_list":{"0":"post-6446","1":"product","2":"type-product","3":"status-publish","4":"has-post-thumbnail","6":"product_brand-barrow","7":"product_cat-reservoirs","8":"product_cat-box","9":"entry","11":"first","12":"instock","13":"taxable","14":"shipping-taxable","15":"purchasable","16":"product-type-simple"},"_links":{"self":[{"href":"https:\/\/proliquidpc.com\/fr\/wp-json\/wp\/v2\/product\/6446","targetHints":{"allow":["GET"]}}],"collection":[{"href":"https:\/\/proliquidpc.com\/fr\/wp-json\/wp\/v2\/product"}],"about":[{"href":"https:\/\/proliquidpc.com\/fr\/wp-json\/wp\/v2\/types\/product"}],"wp:featuredmedia":[{"embeddable":true,"href":"https:\/\/proliquidpc.com\/fr\/wp-json\/wp\/v2\/media\/10205"}],"wp:attachment":[{"href":"https:\/\/proliquidpc.com\/fr\/wp-json\/wp\/v2\/media?parent=6446"}],"wp:term":[{"taxonomy":"product_brand","embeddable":true,"href":"https:\/\/proliquidpc.com\/fr\/wp-json\/wp\/v2\/product_brand?post=6446"},{"taxonomy":"product_cat","embeddable":true,"href":"https:\/\/proliquidpc.com\/fr\/wp-json\/wp\/v2\/product_cat?post=6446"},{"taxonomy":"product_tag","embeddable":true,"href":"https:\/\/proliquidpc.com\/fr\/wp-json\/wp\/v2\/product_tag?post=6446"}],"curies":[{"name":"wp","href":"https:\/\/api.w.org\/{rel}","templated":true}]}}