{"id":6447,"date":"2024-10-30T16:34:28","date_gmt":"2024-10-30T20:34:28","guid":{"rendered":"https:\/\/dev.proliquidpc.com\/boutique\/non%20class\u00e9\/barrowch-17w-pwm-pompe-de-bord-deau-intelligente-affichage-numerique-oled-fbsp17b-t-noir\/"},"modified":"2025-03-09T21:50:51","modified_gmt":"2025-03-10T01:50:51","slug":"barrowch-17w-pwm-pompe-de-bord-deau-intelligente-affichage-numerique-oled-fbsp17b-t-noir","status":"publish","type":"product","link":"https:\/\/proliquidpc.com\/fr\/boutique\/pompes\/pompes-ddc\/barrowch-17w-pwm-pompe-de-bord-deau-intelligente-affichage-numerique-oled-fbsp17b-t-noir\/","title":{"rendered":"Barrowch 17W PWM Pompe de bord d&rsquo;eau intelligente, affichage num\u00e9rique OLED &#8211; FBSP17B-T &#8211; Noir"},"content":{"rendered":"<p>Ces pompes Barrowch sont destin\u00e9es \u00e0 \u00eatre connect\u00e9es aux plaques de la voie navigable Barrow et comprennent un \u00e9cran OLED int\u00e9gr\u00e9 et un interrupteur de protection intelligent \u00ab Auto \u00bb activant le mode de protection, lorsque le d\u00e9faut cesse de fonctionner, il contr\u00f4lera l\u2019ordinateur pour s\u2019arr\u00eater, emp\u00eacher la surchauffe et prot\u00e9ger le mat\u00e9riel, le couvercle de la pompe et la coque en alliage d\u2019aluminium \u00e0 couverture compl\u00e8te.<\/p>\n<p>Ils ont un d\u00e9bit maximal de 960 L\/H<\/p>\n","protected":false},"excerpt":{"rendered":"<p>Ces pompes Barrowch sont destin\u00e9es \u00e0 \u00eatre connect\u00e9es aux plaques de la voie navigable Barrow et comprennent un \u00e9cran OLED int\u00e9gr\u00e9 et un interrupteur de protection intelligent \u00ab Auto \u00bb activant le mode de protection, lorsque le d\u00e9faut cesse de fonctionner, il contr\u00f4lera l\u2019ordinateur pour s\u2019arr\u00eater, emp\u00eacher la surchauffe et prot\u00e9ger le mat\u00e9riel, le couvercle [&hellip;]<\/p>\n","protected":false},"featured_media":10537,"template":"","meta":{"_genesis_hide_title":false,"_genesis_hide_breadcrumbs":false,"_genesis_hide_singular_image":false,"_genesis_hide_footer_widgets":false,"_genesis_custom_body_class":"","_genesis_custom_post_class":"","_genesis_layout":""},"product_brand":[233],"product_cat":[46,47],"product_tag":[],"class_list":{"0":"post-6447","1":"product","2":"type-product","3":"status-publish","4":"has-post-thumbnail","6":"product_brand-barrow","7":"product_cat-pompes","8":"product_cat-pompes-ddc","9":"entry","11":"first","12":"instock","13":"taxable","14":"shipping-taxable","15":"purchasable","16":"product-type-simple"},"_links":{"self":[{"href":"https:\/\/proliquidpc.com\/fr\/wp-json\/wp\/v2\/product\/6447","targetHints":{"allow":["GET"]}}],"collection":[{"href":"https:\/\/proliquidpc.com\/fr\/wp-json\/wp\/v2\/product"}],"about":[{"href":"https:\/\/proliquidpc.com\/fr\/wp-json\/wp\/v2\/types\/product"}],"wp:featuredmedia":[{"embeddable":true,"href":"https:\/\/proliquidpc.com\/fr\/wp-json\/wp\/v2\/media\/10537"}],"wp:attachment":[{"href":"https:\/\/proliquidpc.com\/fr\/wp-json\/wp\/v2\/media?parent=6447"}],"wp:term":[{"taxonomy":"product_brand","embeddable":true,"href":"https:\/\/proliquidpc.com\/fr\/wp-json\/wp\/v2\/product_brand?post=6447"},{"taxonomy":"product_cat","embeddable":true,"href":"https:\/\/proliquidpc.com\/fr\/wp-json\/wp\/v2\/product_cat?post=6447"},{"taxonomy":"product_tag","embeddable":true,"href":"https:\/\/proliquidpc.com\/fr\/wp-json\/wp\/v2\/product_tag?post=6447"}],"curies":[{"name":"wp","href":"https:\/\/api.w.org\/{rel}","templated":true}]}}