{"id":6449,"date":"2024-10-30T16:34:28","date_gmt":"2024-10-30T20:34:28","guid":{"rendered":"https:\/\/dev.proliquidpc.com\/boutique\/non%20class\u00e9\/liquide-refrigerant-fluido-refrigerant-opaque-performance-1000ml-violet-violet\/"},"modified":"2025-03-17T19:39:46","modified_gmt":"2025-03-17T23:39:46","slug":"liquide-refrigerant-fluido-refrigerant-opaque-performance-1000ml-violet-violet","status":"publish","type":"product","link":"https:\/\/proliquidpc.com\/fr\/boutique\/liquides\/premixe\/liquide-refrigerant-fluido-refrigerant-opaque-performance-1000ml-violet-violet\/","title":{"rendered":"Liquide r\u00e9frig\u00e9rant Fluido-R\u00e9frig\u00e9rant Opaque Performance &#8211; 1000ml &#8211; Violet Violet"},"content":{"rendered":"<p>Liquide de refroidissement haute performance pour votre syst\u00e8me de refroidissement par eau d\u2019ordinateur de Liquid.cool.<\/p>\n<p>Ce m\u00e9lange pr\u00eat \u00e0 l\u2019emploi est compos\u00e9 de composants de haute qualit\u00e9 tels que de l\u2019eau d\u2019osmose, de l\u2019\u00e9thyl\u00e8ne glycol non toxique et des peintures solubles dans l\u2019eau dans l\u2019UE.<\/p>\n<p>Gr\u00e2ce aux derni\u00e8res technologies de transfert de chaleur, le CFX est un tr\u00e8s bon fluide caloporteur et maintient vos composants tels que le radiateur, le refroidisseur de processeur ou la pompe toujours frais.<\/p>\n<p>Gr\u00e2ce aux particules de peinture 100% solubles, il donne \u00e0 votre syst\u00e8me le meilleur effet de modding.<\/p>\n<p>CFX a une dur\u00e9e de conservation de 3 ans et contient des agents anticorrosion synergiques pour prot\u00e9ger votre ordinateur de jeu.<\/p>\n<p>100% Pr\u00eat \u00e0 l\u2019emploi<br \/>\nInhibiteur de corrosion synergique pour la protection du cuivre, du nickel, du laiton, de l\u2019acier et de l\u2019aluminium<br \/>\nTest\u00e9 selon les normes BS5117, BS6580 et ASTM D1384<br \/>\nConductivit\u00e9 \u00e9lectrique inf\u00e9rieure \u00e0 10\u03bcS\/cm (20\u00b0C)<\/p>\n<p>Classification &#8211; R\u00e8glement (CE) n\u00b0 1272\/2008 (CLP)<\/p>\n<p>Dangers physiques et chimiques : Non class\u00e9 comme danger physique ou chimique<br \/>\nSant\u00e9 humaine : Non class\u00e9 comme dangereux pour la sant\u00e9.<br \/>\nEnvironnement : Non class\u00e9 comme dangereux pour l\u2019environnement.<br \/>\nLe produit contient moins de 0,1 % de benzisothiazolinonea et est dot\u00e9 d\u2019un capuchon de s\u00e9curit\u00e9 pour enfants et d\u2019un contenu scell\u00e9 par induction.<\/p>\n<p>Note:<\/p>\n<p>Ne pas utiliser pendant plus de 12 mois avec des tubes durs ! Avant de changer le liquide de refroidissement, rincez le syst\u00e8me \u00e0 l\u2019eau distill\u00e9e !<\/p>\n","protected":false},"excerpt":{"rendered":"<p>Liquide de refroidissement haute performance pour votre syst\u00e8me de refroidissement par eau d\u2019ordinateur de Liquid.cool. Ce m\u00e9lange pr\u00eat \u00e0 l\u2019emploi est compos\u00e9 de composants de haute qualit\u00e9 tels que de l\u2019eau d\u2019osmose, de l\u2019\u00e9thyl\u00e8ne glycol non toxique et des peintures solubles dans l\u2019eau dans l\u2019UE. Gr\u00e2ce aux derni\u00e8res technologies de transfert de chaleur, le CFX [&hellip;]<\/p>\n","protected":false},"featured_media":11184,"template":"","meta":{"_genesis_hide_title":false,"_genesis_hide_breadcrumbs":false,"_genesis_hide_singular_image":false,"_genesis_hide_footer_widgets":false,"_genesis_custom_body_class":"","_genesis_custom_post_class":"","_genesis_layout":""},"product_brand":[],"product_cat":[66,67],"product_tag":[],"class_list":{"0":"post-6449","1":"product","2":"type-product","3":"status-publish","4":"has-post-thumbnail","6":"product_cat-liquides","7":"product_cat-premixe","8":"entry","10":"first","11":"instock","12":"taxable","13":"shipping-taxable","14":"purchasable","15":"product-type-simple"},"_links":{"self":[{"href":"https:\/\/proliquidpc.com\/fr\/wp-json\/wp\/v2\/product\/6449","targetHints":{"allow":["GET"]}}],"collection":[{"href":"https:\/\/proliquidpc.com\/fr\/wp-json\/wp\/v2\/product"}],"about":[{"href":"https:\/\/proliquidpc.com\/fr\/wp-json\/wp\/v2\/types\/product"}],"wp:featuredmedia":[{"embeddable":true,"href":"https:\/\/proliquidpc.com\/fr\/wp-json\/wp\/v2\/media\/11184"}],"wp:attachment":[{"href":"https:\/\/proliquidpc.com\/fr\/wp-json\/wp\/v2\/media?parent=6449"}],"wp:term":[{"taxonomy":"product_brand","embeddable":true,"href":"https:\/\/proliquidpc.com\/fr\/wp-json\/wp\/v2\/product_brand?post=6449"},{"taxonomy":"product_cat","embeddable":true,"href":"https:\/\/proliquidpc.com\/fr\/wp-json\/wp\/v2\/product_cat?post=6449"},{"taxonomy":"product_tag","embeddable":true,"href":"https:\/\/proliquidpc.com\/fr\/wp-json\/wp\/v2\/product_tag?post=6449"}],"curies":[{"name":"wp","href":"https:\/\/api.w.org\/{rel}","templated":true}]}}