{"id":6451,"date":"2024-10-30T16:34:28","date_gmt":"2024-10-30T20:34:28","guid":{"rendered":"https:\/\/dev.proliquidpc.com\/boutique\/non%20class\u00e9\/modmymods-outil-de-suppression-de-goupille-atx-universel-a-double-extremite-de-renommee-mondiale-de-billy-brown-mod-0001\/"},"modified":"2025-03-11T04:55:13","modified_gmt":"2025-03-11T08:55:13","slug":"modmymods-outil-de-suppression-de-goupille-atx-universel-a-double-extremite-de-renommee-mondiale-de-billy-brown-mod-0001","status":"publish","type":"product","link":"https:\/\/proliquidpc.com\/fr\/boutique\/outils\/modmymods-outil-de-suppression-de-goupille-atx-universel-a-double-extremite-de-renommee-mondiale-de-billy-brown-mod-0001\/","title":{"rendered":"ModMyMods Outil de suppression de goupille ATX universel \u00e0 double extr\u00e9mit\u00e9 de renomm\u00e9e mondiale de Billy Brown &#8211; MOD-0001"},"content":{"rendered":"<p>Tout simplement le meilleur outil de retrait de goupilles !<\/p>\n<p>Fabriqu\u00e9 en aluminium, en acier et en plastique ; cet outil de retrait de goupille ATX\/Fan double face est s\u00fbr de surpasser et de durer plus longtemps que la concurrence.<\/p>\n<p>Livr\u00e9 avec une poign\u00e9e en plastique anti-couteau astucieuse qui rend cet outil \u00e0 la fois facile et s\u00fbr \u00e0 utiliser.<\/p>\n<p>AVEZ-VOUS UNE SOIF INEXTINGUIBLE D\u2019UN OUTIL DE RETRAIT DE GOUPILLE DE QUALIT\u00c9 SUP\u00c9RIEURE ?<\/p>\n<p>De la tache odieuse que les broches ATX apportent \u00e0 la sc\u00e8ne \u00e0 la frustration \u00e0 glacer le cerveau des broches de fans masculins et f\u00e9minins, cet outil peut toutes les supprimer. Fabriqu\u00e9s \u00e0 partir d\u2019aluminium de l\u2019\u00e8re spatiale, d\u2019acier de haute qualit\u00e9 et de plastique ABS robuste par un ma\u00eetre machiniste, ces outils ATX sont destin\u00e9s \u00e0 durer plus longtemps et \u00e0 mieux se comporter que ceux de la concurrence. Cet outil double face est dot\u00e9 d\u2019une t\u00eate de retrait ATX \u00e0 deux broches qui peut lib\u00e9rer facilement les broches ATX m\u00e2les et femelles de leurs connecteurs. La glissi\u00e8re en plastique de la poign\u00e9e peut facilement \u00eatre remplac\u00e9e de l\u2019autre c\u00f4t\u00e9 de l\u2019outil pour r\u00e9v\u00e9ler la t\u00eate de retrait de la goupille de ventilateur \u00e0 une seule broche.<\/p>\n<p>Instructions de retrait de la goupille ATX : Ins\u00e9rez simplement l\u2019extr\u00e9mit\u00e9 \u00e0 deux dents de l\u2019outil autour de l\u2019ext\u00e9rieur de la goupille ATX m\u00e2le ou femelle incrimin\u00e9e et poussez doucement jusqu\u2019\u00e0 ce que vous entendiez un l\u00e9ger clic. La broche et le fil non endommag\u00e9s doivent facilement glisser hors du port du connecteur et peuvent \u00eatre r\u00e9utilis\u00e9s. Si, pour une raison quelconque, les petites languettes m\u00e9talliques de l\u2019ATX Pin se plient \u00e0 des angles non naturels lors du processus de retrait de la goupille, vous pouvez les plier doucement en arri\u00e8re \u00e0 l\u2019aide du c\u00f4t\u00e9 \u00e0 deux dents de cet outil ou utiliser soigneusement la pointe d\u2019une lame de couteau de loisir.<\/p>\n<p>Instructions de retrait de la goupille du ventilateur : Ins\u00e9rez l\u2019extr\u00e9mit\u00e9 \u00e0 une broche de l\u2019outil dans la fente de la goupille du connecteur de la goupille du ventilateur m\u00e2le ou femelle et poussez doucement contre les languettes m\u00e9talliques qui maintiennent les goupilles en place. La broche et le connecteur non endommag\u00e9s devraient facilement tomber pour une utilisation ult\u00e9rieure. Si les languettes m\u00e9talliques de la goupille du ventilateur sont pli\u00e9es apr\u00e8s le d\u00e9goupillage, vous pouvez les plier vers l\u2019arri\u00e8re avec le c\u00f4t\u00e9 ATX \u00e0 deux dents de l\u2019outil ou vous pouvez les plier soigneusement avec la pointe d\u2019un couteau.<\/p>\n<p>Avertissement : Cet outil n\u2019est pas un jouet. Veuillez noter que cet outil est tranchant et n\u2019a aucun probl\u00e8me \u00e0 poignarder potentiellement votre peau ou d\u2019autres parties sensibles de votre corps.<\/p>\n<p>Peu importe \u00e0 quel point cela peut \u00eatre tentant, s\u2019il vous pla\u00eet, abstenez-vous de lancer cet outil en forme de fl\u00e9chette sur des personnes, des animaux ou des biens personnels co\u00fbteux, il est tranchant et peut entra\u00eener des appels inutiles aux autorit\u00e9s&#8230;<\/p>\n","protected":false},"excerpt":{"rendered":"<p>Tout simplement le meilleur outil de retrait de goupilles ! Fabriqu\u00e9 en aluminium, en acier et en plastique ; cet outil de retrait de goupille ATX\/Fan double face est s\u00fbr de surpasser et de durer plus longtemps que la concurrence. Livr\u00e9 avec une poign\u00e9e en plastique anti-couteau astucieuse qui rend cet outil \u00e0 la fois [&hellip;]<\/p>\n","protected":false},"featured_media":3418,"template":"","meta":{"_genesis_hide_title":false,"_genesis_hide_breadcrumbs":false,"_genesis_hide_singular_image":false,"_genesis_hide_footer_widgets":false,"_genesis_custom_body_class":"","_genesis_custom_post_class":"","_genesis_layout":""},"product_brand":[],"product_cat":[44],"product_tag":[],"class_list":{"0":"post-6451","1":"product","2":"type-product","3":"status-publish","4":"has-post-thumbnail","6":"product_cat-outils","7":"entry","9":"first","10":"instock","11":"taxable","12":"shipping-taxable","13":"purchasable","14":"product-type-simple"},"_links":{"self":[{"href":"https:\/\/proliquidpc.com\/fr\/wp-json\/wp\/v2\/product\/6451","targetHints":{"allow":["GET"]}}],"collection":[{"href":"https:\/\/proliquidpc.com\/fr\/wp-json\/wp\/v2\/product"}],"about":[{"href":"https:\/\/proliquidpc.com\/fr\/wp-json\/wp\/v2\/types\/product"}],"wp:featuredmedia":[{"embeddable":true,"href":"https:\/\/proliquidpc.com\/fr\/wp-json\/wp\/v2\/media\/3418"}],"wp:attachment":[{"href":"https:\/\/proliquidpc.com\/fr\/wp-json\/wp\/v2\/media?parent=6451"}],"wp:term":[{"taxonomy":"product_brand","embeddable":true,"href":"https:\/\/proliquidpc.com\/fr\/wp-json\/wp\/v2\/product_brand?post=6451"},{"taxonomy":"product_cat","embeddable":true,"href":"https:\/\/proliquidpc.com\/fr\/wp-json\/wp\/v2\/product_cat?post=6451"},{"taxonomy":"product_tag","embeddable":true,"href":"https:\/\/proliquidpc.com\/fr\/wp-json\/wp\/v2\/product_tag?post=6451"}],"curies":[{"name":"wp","href":"https:\/\/api.w.org\/{rel}","templated":true}]}}