{"id":6454,"date":"2024-10-30T16:34:28","date_gmt":"2024-10-30T20:34:28","guid":{"rendered":"https:\/\/dev.proliquidpc.com\/boutique\/non%20class\u00e9\/gpu-waterblock-a-couverture-complete-bykski-avec-backplate-active-integree-pour-gigabyte-aorus-rtx-3090-xtreme-n-gv3090aorusxe-tc\/"},"modified":"2025-03-12T05:35:35","modified_gmt":"2025-03-12T09:35:35","slug":"gpu-waterblock-a-couverture-complete-bykski-avec-backplate-active-integree-pour-gigabyte-aorus-rtx-3090-xtreme-n-gv3090aorusxe-tc","status":"publish","type":"product","link":"https:\/\/proliquidpc.com\/fr\/boutique\/gpu-waterblock\/gpu-nvidia\/serie-3000\/gpu-waterblock-a-couverture-complete-bykski-avec-backplate-active-integree-pour-gigabyte-aorus-rtx-3090-xtreme-n-gv3090aorusxe-tc\/","title":{"rendered":"GPU Waterblock Bykski Gigabyte Aorus RTX 3090 Xtreme avec backplate active int\u00e9gr\u00e9e &#8211; N-GV3090AORUSXE-TC"},"content":{"rendered":"<p>Ce bloc de couverture compl\u00e8te refroidit directement le c\u0153ur de la carte vid\u00e9o (GPU), la m\u00e9moire graphique (RAM) et les modules de r\u00e9gulation de tension (VRM) des deux c\u00f4t\u00e9s des GPU. En refroidissant directement ces composants, vous pouvez atteindre d\u2019excellentes temp\u00e9ratures ainsi que la possibilit\u00e9 d\u2019atteindre des overclocks plus \u00e9lev\u00e9s ou de prolonger la dur\u00e9e de vie globale de votre carte en fonctionnant \u00e0 des temp\u00e9ratures inf\u00e9rieures \u00e0 celles de l\u2019usine.<\/p>\n<p>Le bloc et la backplate active sont fabriqu\u00e9s en cuivre de haute puret\u00e9 qui est galvanis\u00e9 pour \u00e9viter l\u2019oxydation. Une conception \u00e0 haut d\u00e9bit est utilis\u00e9e pour permettre \u00e0 plusieurs blocs de fonctionner en s\u00e9rie. L\u2019acc\u00e8s aux ports G1\/4&Prime; sup\u00e9rieur et inf\u00e9rieur est requis sur le bloc de pont.<\/p>\n<p>Sp\u00e9cifications<br \/>\nMat\u00e9riau du bloc : Cuivre \u00e9lectrolytique de haute puret\u00e9 \/ Acrylique transparent<br \/>\nMat\u00e9riau actif de la backplate : Cuivre \u00e9lectrolytique de haute puret\u00e9 \/ Acrylique transparent<br \/>\nCompatibilit\u00e9<br \/>\n(Y compris, mais sans s\u2019y limiter, les mod\u00e8les suivants)<br \/>\nGigabyte AORUS GeForce RTX 3090 XTREME 24G<br \/>\nVeuillez v\u00e9rifier l\u2019ensemble de l\u2019image du PCB apr\u00e8s avoir affin\u00e9 votre s\u00e9lection pour assurer la compatibilit\u00e9. Si vous avez des questions, veuillez contacter l\u2019assistance pour confirmation.<br \/>\nCompatibilit\u00e9 bas\u00e9e uniquement sur ces conceptions de circuits imprim\u00e9s<br \/>\nAccastillage : G1\/4&Prime; po. Fil<br \/>\nPi\u00e8ces incluses<br \/>\n1x bloc d\u2019eau GPU \u00e0 couverture compl\u00e8te<br \/>\n1x bloc de backplate actif<br \/>\n2x fitting d\u2019arr\u00eat<br \/>\n1x mat\u00e9riel de montage<br \/>\nGraisse thermique<br \/>\n1x Lumi\u00e8re A-RGB (RBW) 5v<br \/>\n(Avertissement : le RVB adressable (RBW) est de 5 V et est UNIQUEMENT compatible avec les composants RVB adressables (RBW). RGB est 12V et est UNIQUEMENT compatible avec les composants RGB. Le m\u00e9lange et l\u2019assortiment ne fonctionneront PAS et causeront des dommages.<br \/>\nAvertissements<br \/>\nIl s\u2019agit d\u2019un article de r\u00e9paration ou de remplacement uniquement. Les retours ne sont pas accept\u00e9s pour des probl\u00e8mes de compatibilit\u00e9 ou si l\u2019eau ou le liquide du bloc a \u00e9t\u00e9 travers\u00e9.<\/p>\n<p>Le fabricant se r\u00e9serve le droit de modifier la conception du bloc pour \u00e9tendre la compatibilit\u00e9. L\u2019article livr\u00e9 peut ne pas correspondre \u00e0 100% \u00e0 l\u2019article illustr\u00e9. Le produit n\u2019est PAS livr\u00e9 avec des instructions en anglais ni en fran\u00e7ais. Veuillez consulter les images de la galerie de produits pour le guide d\u2019installation si disponible. En r\u00e8gle g\u00e9n\u00e9rale, les pads thermiques doivent \u00eatre install\u00e9s sur la carte o\u00f9 le bloc a des points de contact en relief correspondants, \u00e0 l\u2019exception du c\u0153ur du GPU, qui utilise de la p\u00e2te thermique. Pour les blocs -TC SKU avec des plaques arri\u00e8re actives, la VRAM \u00e0 l\u2019arri\u00e8re de la carte doit \u00eatre rembourr\u00e9e. L\u2019installation de pastilles sur d\u2019autres composants tels que des condensateurs et des inductances peut entra\u00eener un contact inappropri\u00e9 et de mauvaises performances.<\/p>\n<p>Nous ne sommes pas responsables des dommages caus\u00e9s par ou lors de l\u2019utilisation de ce produit. Veuillez utiliser \u00e0 vos risques et p\u00e9rils.<\/p>\n","protected":false},"excerpt":{"rendered":"<p>Ce bloc de couverture compl\u00e8te refroidit directement le c\u0153ur de la carte vid\u00e9o (GPU), la m\u00e9moire graphique (RAM) et les modules de r\u00e9gulation de tension (VRM) des deux c\u00f4t\u00e9s des GPU. En refroidissant directement ces composants, vous pouvez atteindre d\u2019excellentes temp\u00e9ratures ainsi que la possibilit\u00e9 d\u2019atteindre des overclocks plus \u00e9lev\u00e9s ou de prolonger la dur\u00e9e [&hellip;]<\/p>\n","protected":false},"featured_media":2533,"template":"","meta":{"_genesis_hide_title":false,"_genesis_hide_breadcrumbs":false,"_genesis_hide_singular_image":false,"_genesis_hide_footer_widgets":false,"_genesis_custom_body_class":"","_genesis_custom_post_class":"","_genesis_layout":""},"product_brand":[],"product_cat":[39,57,38],"product_tag":[],"class_list":{"0":"post-6454","1":"product","2":"type-product","3":"status-publish","4":"has-post-thumbnail","6":"product_cat-gpu-nvidia","7":"product_cat-serie-3000","8":"product_cat-gpu-waterblock","9":"entry","11":"first","12":"instock","13":"taxable","14":"shipping-taxable","15":"purchasable","16":"product-type-simple"},"_links":{"self":[{"href":"https:\/\/proliquidpc.com\/fr\/wp-json\/wp\/v2\/product\/6454","targetHints":{"allow":["GET"]}}],"collection":[{"href":"https:\/\/proliquidpc.com\/fr\/wp-json\/wp\/v2\/product"}],"about":[{"href":"https:\/\/proliquidpc.com\/fr\/wp-json\/wp\/v2\/types\/product"}],"wp:featuredmedia":[{"embeddable":true,"href":"https:\/\/proliquidpc.com\/fr\/wp-json\/wp\/v2\/media\/2533"}],"wp:attachment":[{"href":"https:\/\/proliquidpc.com\/fr\/wp-json\/wp\/v2\/media?parent=6454"}],"wp:term":[{"taxonomy":"product_brand","embeddable":true,"href":"https:\/\/proliquidpc.com\/fr\/wp-json\/wp\/v2\/product_brand?post=6454"},{"taxonomy":"product_cat","embeddable":true,"href":"https:\/\/proliquidpc.com\/fr\/wp-json\/wp\/v2\/product_cat?post=6454"},{"taxonomy":"product_tag","embeddable":true,"href":"https:\/\/proliquidpc.com\/fr\/wp-json\/wp\/v2\/product_tag?post=6454"}],"curies":[{"name":"wp","href":"https:\/\/api.w.org\/{rel}","templated":true}]}}