{"id":6455,"date":"2024-10-30T16:34:28","date_gmt":"2024-10-30T20:34:28","guid":{"rendered":"https:\/\/dev.proliquidpc.com\/boutique\/non%20class\u00e9\/bykski-gpu-bloc-n-gv3090gmoc-x\/"},"modified":"2025-03-17T19:43:12","modified_gmt":"2025-03-17T23:43:12","slug":"bykski-gpu-bloc-n-gv3090gmoc-x","status":"publish","type":"product","link":"https:\/\/proliquidpc.com\/fr\/boutique\/gpu-waterblock\/gpu-nvidia\/serie-3000\/bykski-gpu-bloc-n-gv3090gmoc-x\/","title":{"rendered":"Bykski GPU waterbloc N-GV3090GMOC-X"},"content":{"rendered":"<p>Ce bloc de couverture compl\u00e8te refroidit directement le c\u0153ur de la carte vid\u00e9o (GPU), la m\u00e9moire graphique (RAM) et les modules de r\u00e9gulation de tension (VRM). En refroidissant directement ces composants, vous pouvez atteindre d\u2019excellentes temp\u00e9ratures et atteindre des overclocks plus \u00e9lev\u00e9s ou prolonger la dur\u00e9e de vie globale de votre carte en fonctionnant \u00e0 des temp\u00e9ratures inf\u00e9rieures \u00e0 celles d\u2019usine.<\/p>\n<p>Le bloc est construit en cuivre de haute puret\u00e9 qui est nickel\u00e9 galvanis\u00e9 pour \u00e9viter l\u2019oxydation. Une conception \u00e0 haut d\u00e9bit est utilis\u00e9e pour permettre \u00e0 plusieurs blocs de fonctionner en s\u00e9rie. Les ports sup\u00e9rieur et inf\u00e9rieur peuvent \u00eatre utilis\u00e9s pour configurer des conceptions parall\u00e8les ou en s\u00e9rie dans des configurations multiblocs.<\/p>\n<p>Compatibilit\u00e9<br \/>\nBas\u00e9 uniquement sur les conceptions de ces GPU (circuits imprim\u00e9s). Compatible avec<br \/>\nGIGABYTE GeForce RTX 3080 TI GAMING OC 3X 12G<br \/>\nGIGABYTE GeForce RTX 3080TI EAGLE OC 12G<br \/>\nGIGABYTE GeForce RTX 3080TI VISION OC 12G<br \/>\nGIGABYTE GeForce RTX 3080TI TURBO 12G<br \/>\nGIGABYTE GeForce RTX 3080 GAMING OC 3X 10G<br \/>\nGIGABYTE GeForce RTX 3080 EAGLE OC 10G<br \/>\nGIGABYTE GeForce RTX 3080 VISION OC 10G<br \/>\nBO\u00ceTE DE JEU GIGABYTE GeForce RTX 3080<br \/>\nGIGABYTE GeForce RTX 3080 TURBO 10G<br \/>\nGIGABYTE GeForce RTX 3090 GAMING OC 3X 24G 24G<br \/>\nGIGABYTE GeForce RTX 3090 EAGLE OC 24G<br \/>\nGIGABYTE GeForce RTX 3090 VISION OC 24G<br \/>\nGIGABYTE GeForce RTX 3090 TURBO 24G<\/p>\n<p>Apr\u00e8s avoir affin\u00e9 votre s\u00e9lection, veuillez v\u00e9rifier l\u2019ensemble de l\u2019image du PCB pour vous assurer de la compatibilit\u00e9. Si vous avez des questions, n\u2019h\u00e9sitez pas \u00e0 contacter le support pour confirmation.<br \/>\nAccastillage : G1\/4&Prime; po. Fil<br \/>\nPi\u00e8ces incluses<br \/>\n1x bloc d\u2019eau GPU \u00e0 couverture compl\u00e8te<br \/>\n1x backplate<br \/>\n2x fitting d\u2019arr\u00eat<br \/>\n1x mat\u00e9riel de montage<br \/>\nGraisse thermique<br \/>\n1x Lumi\u00e8re A-RGB (RBW) 5v<br \/>\n(Avertissement : le RVB adressable (RBW) est de 5 V et est UNIQUEMENT compatible avec les composants RVB adressables (RBW). RGB est 12V et est UNIQUEMENT compatible avec les composants RGB. Le m\u00e9lange et l\u2019assortiment ne fonctionneront PAS et causeront des dommages.<br \/>\nAvertissements<br \/>\nIl s\u2019agit d\u2019un article de r\u00e9paration ou de remplacement uniquement. Les retours ne sont pas accept\u00e9s pour des probl\u00e8mes de compatibilit\u00e9 ou si l\u2019eau ou le liquide a coul\u00e9 dans le bloc.<\/p>\n<p>Le fabricant se r\u00e9serve le droit de modifier la conception du bloc pour \u00e9tendre la compatibilit\u00e9. L\u2019article livr\u00e9 peut ne pas correspondre \u00e0 100% \u00e0 l\u2019article illustr\u00e9. Le produit n\u2019est PAS livr\u00e9 avec des instructions en anglais ni en fran\u00e7ais. Veuillez consulter les images de la galerie de produits pour le guide d\u2019installation si disponible. En r\u00e8gle g\u00e9n\u00e9rale, les pads thermiques doivent \u00eatre install\u00e9s sur la carte o\u00f9 le bloc a des points de contact en relief correspondants, \u00e0 l\u2019exception du c\u0153ur du GPU, qui utilise de la p\u00e2te thermique. L\u2019installation de tampons sur d\u2019autres composants peut entra\u00eener un contact inappropri\u00e9 et de mauvaises performances.<\/p>\n<p>Ce produit est con\u00e7u pour l\u2019auto-installation. Le fabricant n\u2019est pas responsable des dommages r\u00e9sultant d\u2019une mauvaise utilisation, y compris, mais sans s\u2019y limiter, une mauvaise installation ou l\u2019utilisation de mat\u00e9riel ou de fluides incompatibles. En utilisant ce produit, vous acceptez tous les risques qui y sont li\u00e9s.<\/p>\n","protected":false},"excerpt":{"rendered":"<p>Ce bloc de couverture compl\u00e8te refroidit directement le c\u0153ur de la carte vid\u00e9o (GPU), la m\u00e9moire graphique (RAM) et les modules de r\u00e9gulation de tension (VRM). En refroidissant directement ces composants, vous pouvez atteindre d\u2019excellentes temp\u00e9ratures et atteindre des overclocks plus \u00e9lev\u00e9s ou prolonger la dur\u00e9e de vie globale de votre carte en fonctionnant \u00e0 [&hellip;]<\/p>\n","protected":false},"featured_media":11205,"template":"","meta":{"_genesis_hide_title":false,"_genesis_hide_breadcrumbs":false,"_genesis_hide_singular_image":false,"_genesis_hide_footer_widgets":false,"_genesis_custom_body_class":"","_genesis_custom_post_class":"","_genesis_layout":""},"product_brand":[],"product_cat":[39,57,38],"product_tag":[],"class_list":{"0":"post-6455","1":"product","2":"type-product","3":"status-publish","4":"has-post-thumbnail","6":"product_cat-gpu-nvidia","7":"product_cat-serie-3000","8":"product_cat-gpu-waterblock","9":"entry","11":"first","12":"outofstock","13":"taxable","14":"shipping-taxable","15":"purchasable","16":"product-type-simple"},"_links":{"self":[{"href":"https:\/\/proliquidpc.com\/fr\/wp-json\/wp\/v2\/product\/6455","targetHints":{"allow":["GET"]}}],"collection":[{"href":"https:\/\/proliquidpc.com\/fr\/wp-json\/wp\/v2\/product"}],"about":[{"href":"https:\/\/proliquidpc.com\/fr\/wp-json\/wp\/v2\/types\/product"}],"wp:featuredmedia":[{"embeddable":true,"href":"https:\/\/proliquidpc.com\/fr\/wp-json\/wp\/v2\/media\/11205"}],"wp:attachment":[{"href":"https:\/\/proliquidpc.com\/fr\/wp-json\/wp\/v2\/media?parent=6455"}],"wp:term":[{"taxonomy":"product_brand","embeddable":true,"href":"https:\/\/proliquidpc.com\/fr\/wp-json\/wp\/v2\/product_brand?post=6455"},{"taxonomy":"product_cat","embeddable":true,"href":"https:\/\/proliquidpc.com\/fr\/wp-json\/wp\/v2\/product_cat?post=6455"},{"taxonomy":"product_tag","embeddable":true,"href":"https:\/\/proliquidpc.com\/fr\/wp-json\/wp\/v2\/product_tag?post=6455"}],"curies":[{"name":"wp","href":"https:\/\/api.w.org\/{rel}","templated":true}]}}