{"id":6457,"date":"2024-10-30T16:34:28","date_gmt":"2024-10-30T20:34:28","guid":{"rendered":"https:\/\/dev.proliquidpc.com\/boutique\/non%20class\u00e9\/coupe-tube-en-caoutchouc-pour-tubes-en-pvc-barrow-prg-v1\/"},"modified":"2025-03-11T04:49:48","modified_gmt":"2025-03-11T08:49:48","slug":"coupe-tube-en-caoutchouc-pour-tubes-en-pvc-barrow-prg-v1","status":"publish","type":"product","link":"https:\/\/proliquidpc.com\/fr\/boutique\/outils\/coupe-tube-en-caoutchouc-pour-tubes-en-pvc-barrow-prg-v1\/","title":{"rendered":"Coupe-tube en caoutchouc pour tubes en PVC Barrow &#8211; PRG-V1"},"content":{"rendered":"<p>Arr\u00eatez d\u2019utiliser des ciseaux ou des coupe-tubes de qualit\u00e9 inf\u00e9rieure ! Le coupe-tube en PVC Barrow vous donnera cette coupe impeccable et nette avec une pression sans effort. Confortable dans la main et coupant des tubes jusqu\u2019\u00e0 25 mm de diam\u00e8tre ext\u00e9rieur comme du beurre, c\u2019est l\u2019outil indispensable d\u2019un moddeur.<\/p>\n<p>Ce coupe-tube pour Barrow est con\u00e7u avec un corps en plastique ABS durable et une lame de coupe tranchante en acier inoxydable.<\/p>\n","protected":false},"excerpt":{"rendered":"<p>Arr\u00eatez d\u2019utiliser des ciseaux ou des coupe-tubes de qualit\u00e9 inf\u00e9rieure ! Le coupe-tube en PVC Barrow vous donnera cette coupe impeccable et nette avec une pression sans effort. Confortable dans la main et coupant des tubes jusqu\u2019\u00e0 25 mm de diam\u00e8tre ext\u00e9rieur comme du beurre, c\u2019est l\u2019outil indispensable d\u2019un moddeur. Ce coupe-tube pour Barrow est [&hellip;]<\/p>\n","protected":false},"featured_media":4076,"template":"","meta":{"_genesis_hide_title":false,"_genesis_hide_breadcrumbs":false,"_genesis_hide_singular_image":false,"_genesis_hide_footer_widgets":false,"_genesis_custom_body_class":"","_genesis_custom_post_class":"","_genesis_layout":""},"product_brand":[233],"product_cat":[44],"product_tag":[],"class_list":{"0":"post-6457","1":"product","2":"type-product","3":"status-publish","4":"has-post-thumbnail","6":"product_brand-barrow","7":"product_cat-outils","8":"entry","10":"first","11":"instock","12":"taxable","13":"shipping-taxable","14":"purchasable","15":"product-type-simple"},"_links":{"self":[{"href":"https:\/\/proliquidpc.com\/fr\/wp-json\/wp\/v2\/product\/6457","targetHints":{"allow":["GET"]}}],"collection":[{"href":"https:\/\/proliquidpc.com\/fr\/wp-json\/wp\/v2\/product"}],"about":[{"href":"https:\/\/proliquidpc.com\/fr\/wp-json\/wp\/v2\/types\/product"}],"wp:featuredmedia":[{"embeddable":true,"href":"https:\/\/proliquidpc.com\/fr\/wp-json\/wp\/v2\/media\/4076"}],"wp:attachment":[{"href":"https:\/\/proliquidpc.com\/fr\/wp-json\/wp\/v2\/media?parent=6457"}],"wp:term":[{"taxonomy":"product_brand","embeddable":true,"href":"https:\/\/proliquidpc.com\/fr\/wp-json\/wp\/v2\/product_brand?post=6457"},{"taxonomy":"product_cat","embeddable":true,"href":"https:\/\/proliquidpc.com\/fr\/wp-json\/wp\/v2\/product_cat?post=6457"},{"taxonomy":"product_tag","embeddable":true,"href":"https:\/\/proliquidpc.com\/fr\/wp-json\/wp\/v2\/product_tag?post=6457"}],"curies":[{"name":"wp","href":"https:\/\/api.w.org\/{rel}","templated":true}]}}