{"id":6459,"date":"2024-10-30T16:34:28","date_gmt":"2024-10-30T20:34:28","guid":{"rendered":"https:\/\/dev.proliquidpc.com\/boutique\/non%20class\u00e9\/support-de-montage-barrow-ddc-tcbj-ddf\/"},"modified":"2025-09-25T12:24:33","modified_gmt":"2025-09-25T16:24:33","slug":"support-de-montage-barrow-ddc-tcbj-ddf","status":"publish","type":"product","link":"https:\/\/proliquidpc.com\/fr\/boutique\/supports\/support-de-montage-barrow-ddc-tcbj-ddf\/","title":{"rendered":"Support de montage Barrow DDC &#8211; TCBJ-DDF"},"content":{"rendered":"<p>Le support de montage de pompe Barrow DDC offre une vari\u00e9t\u00e9 d\u2019options de montage pour les pompes DDC. Les trous M4 standard permettent d\u2019installer facilement le support et la pompe dans votre bo\u00eetier. Avec l\u2019utilisation des supports Barrow TCBJ-G ou TCBJ-P (non inclus), vous pouvez monter votre pompe sur n\u2019importe quel espacement standard de 120 mm entre les trous de ventilateur, comme un radiateur. Les supports TCBJ-G14 et TCBJ-P14 (non inclus) permettent la m\u00eame chose pour un espacement de 140 mm. Ce support offre une compatibilit\u00e9 totale avec le kit de refroidissement DDC bas\u00e9 sur Barrow ainsi qu\u2019avec de nombreux autres couvercles de pompe DDC.<\/p>\n","protected":false},"excerpt":{"rendered":"<p>Le support de montage de pompe Barrow DDC offre une vari\u00e9t\u00e9 d\u2019options de montage pour les pompes DDC. Les trous M4 standard permettent d\u2019installer facilement le support et la pompe dans votre bo\u00eetier. Avec l\u2019utilisation des supports Barrow TCBJ-G ou TCBJ-P (non inclus), vous pouvez monter votre pompe sur n\u2019importe quel espacement standard de 120 [&hellip;]<\/p>\n","protected":false},"featured_media":11235,"template":"","meta":{"_genesis_hide_title":false,"_genesis_hide_breadcrumbs":false,"_genesis_hide_singular_image":false,"_genesis_hide_footer_widgets":false,"_genesis_custom_body_class":"","_genesis_custom_post_class":"","_genesis_layout":""},"product_brand":[233],"product_cat":[53],"product_tag":[],"class_list":{"0":"post-6459","1":"product","2":"type-product","3":"status-publish","4":"has-post-thumbnail","6":"product_brand-barrow","7":"product_cat-supports","8":"entry","10":"first","11":"outofstock","12":"taxable","13":"shipping-taxable","14":"purchasable","15":"product-type-simple"},"_links":{"self":[{"href":"https:\/\/proliquidpc.com\/fr\/wp-json\/wp\/v2\/product\/6459","targetHints":{"allow":["GET"]}}],"collection":[{"href":"https:\/\/proliquidpc.com\/fr\/wp-json\/wp\/v2\/product"}],"about":[{"href":"https:\/\/proliquidpc.com\/fr\/wp-json\/wp\/v2\/types\/product"}],"wp:featuredmedia":[{"embeddable":true,"href":"https:\/\/proliquidpc.com\/fr\/wp-json\/wp\/v2\/media\/11235"}],"wp:attachment":[{"href":"https:\/\/proliquidpc.com\/fr\/wp-json\/wp\/v2\/media?parent=6459"}],"wp:term":[{"taxonomy":"product_brand","embeddable":true,"href":"https:\/\/proliquidpc.com\/fr\/wp-json\/wp\/v2\/product_brand?post=6459"},{"taxonomy":"product_cat","embeddable":true,"href":"https:\/\/proliquidpc.com\/fr\/wp-json\/wp\/v2\/product_cat?post=6459"},{"taxonomy":"product_tag","embeddable":true,"href":"https:\/\/proliquidpc.com\/fr\/wp-json\/wp\/v2\/product_tag?post=6459"}],"curies":[{"name":"wp","href":"https:\/\/api.w.org\/{rel}","templated":true}]}}