{"id":6461,"date":"2024-10-30T16:34:28","date_gmt":"2024-10-30T20:34:28","guid":{"rendered":"https:\/\/dev.proliquidpc.com\/boutique\/non%20class\u00e9\/fitting-dextension-barrow-15mm-male-a-male-avec-micro-ajustement-thdj15-v1-argent\/"},"modified":"2025-03-09T21:51:26","modified_gmt":"2025-03-10T01:51:26","slug":"fitting-dextension-barrow-15mm-male-a-male-avec-micro-ajustement-thdj15-v1-argent","status":"publish","type":"product","link":"https:\/\/proliquidpc.com\/fr\/boutique\/fittings\/fitting-spacer\/fitting-dextension-barrow-15mm-male-a-male-avec-micro-ajustement-thdj15-v1-argent\/","title":{"rendered":"Fitting d&rsquo;extension Barrow 15mm m\u00e2le \u00e0 m\u00e2le avec micro-ajustement &#8211; THDJ15-V1 &#8211; Argent"},"content":{"rendered":"<p>Un fitting polyvalent avec 1,5 mm d&rsquo;extension pour permettre \u00e0 la fois la rotation et les micro-ajustements.<\/p>\n<p>Dispose de 2 fittings \u00e9pais au centre amovible pour garantir un fonctionnement sans fuite.<\/p>\n<p>NE PAS DEPASSER 1,5MM d&rsquo;extension !<\/p>\n","protected":false},"excerpt":{"rendered":"<p>Un fitting polyvalent avec 1,5 mm d&rsquo;extension pour permettre \u00e0 la fois la rotation et les micro-ajustements. Dispose de 2 fittings \u00e9pais au centre amovible pour garantir un fonctionnement sans fuite. NE PAS DEPASSER 1,5MM d&rsquo;extension !<\/p>\n","protected":false},"featured_media":2828,"template":"","meta":{"_genesis_hide_title":false,"_genesis_hide_breadcrumbs":false,"_genesis_hide_singular_image":false,"_genesis_hide_footer_widgets":false,"_genesis_custom_body_class":"","_genesis_custom_post_class":"","_genesis_layout":""},"product_brand":[233],"product_cat":[30,29],"product_tag":[],"class_list":{"0":"post-6461","1":"product","2":"type-product","3":"status-publish","4":"has-post-thumbnail","6":"product_brand-barrow","7":"product_cat-fitting-spacer","8":"product_cat-fittings","9":"entry","11":"first","12":"instock","13":"taxable","14":"shipping-taxable","15":"purchasable","16":"product-type-simple"},"_links":{"self":[{"href":"https:\/\/proliquidpc.com\/fr\/wp-json\/wp\/v2\/product\/6461","targetHints":{"allow":["GET"]}}],"collection":[{"href":"https:\/\/proliquidpc.com\/fr\/wp-json\/wp\/v2\/product"}],"about":[{"href":"https:\/\/proliquidpc.com\/fr\/wp-json\/wp\/v2\/types\/product"}],"wp:featuredmedia":[{"embeddable":true,"href":"https:\/\/proliquidpc.com\/fr\/wp-json\/wp\/v2\/media\/2828"}],"wp:attachment":[{"href":"https:\/\/proliquidpc.com\/fr\/wp-json\/wp\/v2\/media?parent=6461"}],"wp:term":[{"taxonomy":"product_brand","embeddable":true,"href":"https:\/\/proliquidpc.com\/fr\/wp-json\/wp\/v2\/product_brand?post=6461"},{"taxonomy":"product_cat","embeddable":true,"href":"https:\/\/proliquidpc.com\/fr\/wp-json\/wp\/v2\/product_cat?post=6461"},{"taxonomy":"product_tag","embeddable":true,"href":"https:\/\/proliquidpc.com\/fr\/wp-json\/wp\/v2\/product_tag?post=6461"}],"curies":[{"name":"wp","href":"https:\/\/api.w.org\/{rel}","templated":true}]}}