{"id":6467,"date":"2024-10-30T16:35:34","date_gmt":"2024-10-30T20:35:34","guid":{"rendered":"https:\/\/dev.proliquidpc.com\/boutique\/non%20class\u00e9\/reservoirs-combines-serie-barrow-pour-pompes-barrow-avec-filetage-tkddcg50-140mm-noir\/"},"modified":"2025-03-09T21:50:35","modified_gmt":"2025-03-10T01:50:35","slug":"reservoirs-combines-serie-barrow-pour-pompes-barrow-avec-filetage-tkddcg50-140mm-noir","status":"publish","type":"product","link":"https:\/\/proliquidpc.com\/fr\/boutique\/pompes\/pompes-ddc-accessoires\/reservoirs-combines-serie-barrow-pour-pompes-barrow-avec-filetage-tkddcg50-140mm-noir\/","title":{"rendered":"R\u00e9servoirs combin\u00e9s s\u00e9rie Barrow pour pompes Barrow avec filetage &#8211; TKDDCG50-140mm &#8211; Noir"},"content":{"rendered":"<p>Pompes de la s\u00e9rie DDC \/ TKDDCG50 sp\u00e9cial couvercle modifi\u00e9 vase d\u2019expansion TKDDCG50 series<br \/>\nLa vente de produits pour le tube acrylique, le capuchon de tube en mat\u00e9riau POM et les accessoires associ\u00e9s<br \/>\nPeut \u00eatre utilis\u00e9 avec le fittingement PBTS20-V1 \/ YKBTS20-V1-Y, le couvercle de pompe et les ensembles combin\u00e9s<\/p>\n<p>Apr\u00e8s la combinaison de la structure int\u00e9gr\u00e9e pompe\/r\u00e9servoir de l\u2019ensemble<\/p>\n<p>Couvrir deux groupes G1\/4&Prime; conception d\u2019interface de filetage interne<\/p>\n<p>Ampoules \u00e0 d\u00e9charge de tube de tirage \u00e0 vis amovibles et interchangeables int\u00e9gr\u00e9es<\/p>\n","protected":false},"excerpt":{"rendered":"<p>Pompes de la s\u00e9rie DDC \/ TKDDCG50 sp\u00e9cial couvercle modifi\u00e9 vase d\u2019expansion TKDDCG50 series La vente de produits pour le tube acrylique, le capuchon de tube en mat\u00e9riau POM et les accessoires associ\u00e9s Peut \u00eatre utilis\u00e9 avec le fittingement PBTS20-V1 \/ YKBTS20-V1-Y, le couvercle de pompe et les ensembles combin\u00e9s Apr\u00e8s la combinaison de la [&hellip;]<\/p>\n","protected":false},"featured_media":10294,"template":"","meta":{"_genesis_hide_title":false,"_genesis_hide_breadcrumbs":false,"_genesis_hide_singular_image":false,"_genesis_hide_footer_widgets":false,"_genesis_custom_body_class":"","_genesis_custom_post_class":"","_genesis_layout":""},"product_brand":[233],"product_cat":[46,74],"product_tag":[],"class_list":{"0":"post-6467","1":"product","2":"type-product","3":"status-publish","4":"has-post-thumbnail","6":"product_brand-barrow","7":"product_cat-pompes","8":"product_cat-pompes-ddc-accessoires","9":"entry","11":"first","12":"instock","13":"taxable","14":"shipping-taxable","15":"purchasable","16":"product-type-simple"},"_links":{"self":[{"href":"https:\/\/proliquidpc.com\/fr\/wp-json\/wp\/v2\/product\/6467","targetHints":{"allow":["GET"]}}],"collection":[{"href":"https:\/\/proliquidpc.com\/fr\/wp-json\/wp\/v2\/product"}],"about":[{"href":"https:\/\/proliquidpc.com\/fr\/wp-json\/wp\/v2\/types\/product"}],"wp:featuredmedia":[{"embeddable":true,"href":"https:\/\/proliquidpc.com\/fr\/wp-json\/wp\/v2\/media\/10294"}],"wp:attachment":[{"href":"https:\/\/proliquidpc.com\/fr\/wp-json\/wp\/v2\/media?parent=6467"}],"wp:term":[{"taxonomy":"product_brand","embeddable":true,"href":"https:\/\/proliquidpc.com\/fr\/wp-json\/wp\/v2\/product_brand?post=6467"},{"taxonomy":"product_cat","embeddable":true,"href":"https:\/\/proliquidpc.com\/fr\/wp-json\/wp\/v2\/product_cat?post=6467"},{"taxonomy":"product_tag","embeddable":true,"href":"https:\/\/proliquidpc.com\/fr\/wp-json\/wp\/v2\/product_tag?post=6467"}],"curies":[{"name":"wp","href":"https:\/\/api.w.org\/{rel}","templated":true}]}}