{"id":6478,"date":"2024-10-30T16:35:34","date_gmt":"2024-10-30T20:35:34","guid":{"rendered":"https:\/\/dev.proliquidpc.com\/boutique\/non%20class\u00e9\/cable-dextension-rgb-barrow-ycr-800\/"},"modified":"2025-03-09T21:50:06","modified_gmt":"2025-03-10T01:50:06","slug":"cable-dextension-rgb-barrow-ycr-800","status":"publish","type":"product","link":"https:\/\/proliquidpc.com\/fr\/boutique\/led-controleurs\/12-volt\/cable-dextension-rgb-barrow-ycr-800\/","title":{"rendered":"C\u00e2ble d&rsquo;extension RGB Barrow &#8211; YCR-800"},"content":{"rendered":"<p>Cette rallonge RGB de Barrow mesure 80 cm de long et vous permet d\u2019ajouter de l\u2019\u00e9clairage aux extr\u00e9mit\u00e9s de votre bo\u00eetier. Compatible avec tous les produits d\u2019\u00e9clairage Barrow RGB.<\/p>\n","protected":false},"excerpt":{"rendered":"<p>Cette rallonge RGB de Barrow mesure 80 cm de long et vous permet d\u2019ajouter de l\u2019\u00e9clairage aux extr\u00e9mit\u00e9s de votre bo\u00eetier. Compatible avec tous les produits d\u2019\u00e9clairage Barrow RGB.<\/p>\n","protected":false},"featured_media":3829,"template":"","meta":{"_genesis_hide_title":false,"_genesis_hide_breadcrumbs":false,"_genesis_hide_singular_image":false,"_genesis_hide_footer_widgets":false,"_genesis_custom_body_class":"","_genesis_custom_post_class":"","_genesis_layout":""},"product_brand":[233],"product_cat":[49,25],"product_tag":[],"class_list":{"0":"post-6478","1":"product","2":"type-product","3":"status-publish","4":"has-post-thumbnail","6":"product_brand-barrow","7":"product_cat-12-volt","8":"product_cat-led-controleurs","9":"entry","11":"first","12":"instock","13":"taxable","14":"shipping-taxable","15":"purchasable","16":"product-type-simple"},"_links":{"self":[{"href":"https:\/\/proliquidpc.com\/fr\/wp-json\/wp\/v2\/product\/6478","targetHints":{"allow":["GET"]}}],"collection":[{"href":"https:\/\/proliquidpc.com\/fr\/wp-json\/wp\/v2\/product"}],"about":[{"href":"https:\/\/proliquidpc.com\/fr\/wp-json\/wp\/v2\/types\/product"}],"wp:featuredmedia":[{"embeddable":true,"href":"https:\/\/proliquidpc.com\/fr\/wp-json\/wp\/v2\/media\/3829"}],"wp:attachment":[{"href":"https:\/\/proliquidpc.com\/fr\/wp-json\/wp\/v2\/media?parent=6478"}],"wp:term":[{"taxonomy":"product_brand","embeddable":true,"href":"https:\/\/proliquidpc.com\/fr\/wp-json\/wp\/v2\/product_brand?post=6478"},{"taxonomy":"product_cat","embeddable":true,"href":"https:\/\/proliquidpc.com\/fr\/wp-json\/wp\/v2\/product_cat?post=6478"},{"taxonomy":"product_tag","embeddable":true,"href":"https:\/\/proliquidpc.com\/fr\/wp-json\/wp\/v2\/product_tag?post=6478"}],"curies":[{"name":"wp","href":"https:\/\/api.w.org\/{rel}","templated":true}]}}