{"id":6479,"date":"2024-10-30T16:35:34","date_gmt":"2024-10-30T20:35:34","guid":{"rendered":"https:\/\/dev.proliquidpc.com\/boutique\/non%20class\u00e9\/barrow-hard-tubing-alesoir-outil-debavurage-interne-et-externe-ygjdj-v1\/"},"modified":"2025-03-11T04:53:19","modified_gmt":"2025-03-11T08:53:19","slug":"barrow-hard-tubing-alesoir-outil-debavurage-interne-et-externe-ygjdj-v1","status":"publish","type":"product","link":"https:\/\/proliquidpc.com\/fr\/boutique\/outils\/barrow-hard-tubing-alesoir-outil-debavurage-interne-et-externe-ygjdj-v1\/","title":{"rendered":"Barrow Hard Tubing Al\u00e9soir \/ Outil d&rsquo;\u00e9bavurage interne et externe &#8211; YGJDJ-V1"},"content":{"rendered":"<p>La coupe de vos tubes rigides peut laisser des \u00e9clats et des bavures qui peuvent entra\u00eener des fissures et des fuites. R\u00e9solvez ce probl\u00e8me avec l\u2019al\u00e9soir \u00e0 tubes durs et l\u2019outil de chanfrein de Barrow. Chaque extr\u00e9mit\u00e9 de l\u2019outil est dot\u00e9e de lames de coupe triangulaires pour l\u2019\u00e9bavurage et l\u2019al\u00e9sage de vos tubes !<\/p>\n<p>En raison de complications avec l\u2019emploi du temps de notre photographe ; Les photos montrent le mod\u00e8le rouge plut\u00f4t que le noir que nous vous enverrons.<\/p>\n<p>Avertissement : Cet outil est tranchant, gardez-le hors de port\u00e9e des enfants et n\u2019y mettez pas vos doigts.<\/p>\n","protected":false},"excerpt":{"rendered":"<p>La coupe de vos tubes rigides peut laisser des \u00e9clats et des bavures qui peuvent entra\u00eener des fissures et des fuites. R\u00e9solvez ce probl\u00e8me avec l\u2019al\u00e9soir \u00e0 tubes durs et l\u2019outil de chanfrein de Barrow. Chaque extr\u00e9mit\u00e9 de l\u2019outil est dot\u00e9e de lames de coupe triangulaires pour l\u2019\u00e9bavurage et l\u2019al\u00e9sage de vos tubes ! En [&hellip;]<\/p>\n","protected":false},"featured_media":3812,"template":"","meta":{"_genesis_hide_title":false,"_genesis_hide_breadcrumbs":false,"_genesis_hide_singular_image":false,"_genesis_hide_footer_widgets":false,"_genesis_custom_body_class":"","_genesis_custom_post_class":"","_genesis_layout":""},"product_brand":[233],"product_cat":[44],"product_tag":[],"class_list":{"0":"post-6479","1":"product","2":"type-product","3":"status-publish","4":"has-post-thumbnail","6":"product_brand-barrow","7":"product_cat-outils","8":"entry","10":"first","11":"instock","12":"taxable","13":"shipping-taxable","14":"purchasable","15":"product-type-simple"},"_links":{"self":[{"href":"https:\/\/proliquidpc.com\/fr\/wp-json\/wp\/v2\/product\/6479","targetHints":{"allow":["GET"]}}],"collection":[{"href":"https:\/\/proliquidpc.com\/fr\/wp-json\/wp\/v2\/product"}],"about":[{"href":"https:\/\/proliquidpc.com\/fr\/wp-json\/wp\/v2\/types\/product"}],"wp:featuredmedia":[{"embeddable":true,"href":"https:\/\/proliquidpc.com\/fr\/wp-json\/wp\/v2\/media\/3812"}],"wp:attachment":[{"href":"https:\/\/proliquidpc.com\/fr\/wp-json\/wp\/v2\/media?parent=6479"}],"wp:term":[{"taxonomy":"product_brand","embeddable":true,"href":"https:\/\/proliquidpc.com\/fr\/wp-json\/wp\/v2\/product_brand?post=6479"},{"taxonomy":"product_cat","embeddable":true,"href":"https:\/\/proliquidpc.com\/fr\/wp-json\/wp\/v2\/product_cat?post=6479"},{"taxonomy":"product_tag","embeddable":true,"href":"https:\/\/proliquidpc.com\/fr\/wp-json\/wp\/v2\/product_tag?post=6479"}],"curies":[{"name":"wp","href":"https:\/\/api.w.org\/{rel}","templated":true}]}}