{"id":6483,"date":"2024-10-30T16:35:34","date_gmt":"2024-10-30T20:35:34","guid":{"rendered":"https:\/\/dev.proliquidpc.com\/boutique\/non%20class\u00e9\/reservoirs-de-barrow-avec-combinaison-multiple-de-position-de-radiateur-ykzr-01\/"},"modified":"2025-03-09T21:50:26","modified_gmt":"2025-03-10T01:50:26","slug":"reservoirs-de-barrow-avec-combinaison-multiple-de-position-de-radiateur-ykzr-01","status":"publish","type":"product","link":"https:\/\/proliquidpc.com\/fr\/boutique\/reservoirs\/box\/reservoirs-de-barrow-avec-combinaison-multiple-de-position-de-radiateur-ykzr-01\/","title":{"rendered":"R\u00e9servoirs de Barrow avec combinaison multiple de position de radiateur &#8211; YKZR-01"},"content":{"rendered":"<p>Ce r\u00e9servoir Barrow vous donne la possibilit\u00e9 de lier plusieurs personnes pour augmenter le volume global de votre lupe.<\/p>\n<p>01 \u00c9conomie d\u2019espace interne<br \/>\nUn r\u00e9servoir de type combin\u00e9 avec position d\u2019installation du radiateur peut \u00eatre install\u00e9 sur le site \u00e0 120 trous de radiateur pour mieux utiliser l\u2019espace interne du bo\u00eetier.<\/p>\n<p>02 Combinaison multidimensionnelle<br \/>\nGr\u00e2ce au module de connexion POM correspondant, plusieurs r\u00e9servoirs peuvent \u00eatre combin\u00e9s de mani\u00e8re al\u00e9atoire.<\/p>\n<p>03 Conception de l\u2019apparence<br \/>\nUne mod\u00e9lisation unique associ\u00e9e \u00e0 des effets de lumi\u00e8re fantastiques montre un sch\u00e9ma de refroidissement par eau extraordinaire.<\/p>\n<p>04 fitting de bouchon d\u2019arr\u00eat cach\u00e9<br \/>\nLe fitting d\u2019arr\u00eat cach\u00e9 con\u00e7u habilement laisse un meilleur espace d\u2019installation entre deux r\u00e9servoirs, et en m\u00eame temps un seul r\u00e9servoir peut avoir un aspect propre.<\/p>\n<p>05 Plaque acrylique \u00e0 haute transmittancie<br \/>\nLa plaque acrylique transparente de haute qualit\u00e9 est adopt\u00e9e pour afficher parfaitement l\u2019effet d\u2019\u00e9clairage brillant interne.<\/p>\n<p>06 Usinage et mod\u00e9lisation CNC<br \/>\nLes mati\u00e8res premi\u00e8res de haute qualit\u00e9 s\u00e9lectionn\u00e9es sont mod\u00e9lis\u00e9es par CNC qui est adopt\u00e9e pour montrer grandement la texture de la texture.<\/p>\n<p>07 Installation pratique<br \/>\nGr\u00e2ce au support d\u2019arche standard, le r\u00e9servoir peut \u00eatre install\u00e9 sur le site du trou de radiateur 120.<\/p>\n<p>08 \u00c9clairage color\u00e9<br \/>\nPortez le syst\u00e8me d\u2019\u00e9clairage BARROW LRC 2,0, il peut r\u00e9aliser un contr\u00f4le synchrone et asynchrone. Il montre les couleurs magnifiques et est compatible avec les interfaces d\u2019\u00e9clairage programmables 5V de certaines cartes m\u00e8res.<\/p>\n","protected":false},"excerpt":{"rendered":"<p>Ce r\u00e9servoir Barrow vous donne la possibilit\u00e9 de lier plusieurs personnes pour augmenter le volume global de votre lupe. 01 \u00c9conomie d\u2019espace interne Un r\u00e9servoir de type combin\u00e9 avec position d\u2019installation du radiateur peut \u00eatre install\u00e9 sur le site \u00e0 120 trous de radiateur pour mieux utiliser l\u2019espace interne du bo\u00eetier. 02 Combinaison multidimensionnelle Gr\u00e2ce [&hellip;]<\/p>\n","protected":false},"featured_media":3287,"template":"","meta":{"_genesis_hide_title":false,"_genesis_hide_breadcrumbs":false,"_genesis_hide_singular_image":false,"_genesis_hide_footer_widgets":false,"_genesis_custom_body_class":"","_genesis_custom_post_class":"","_genesis_layout":""},"product_brand":[233],"product_cat":[41,52],"product_tag":[],"class_list":{"0":"post-6483","1":"product","2":"type-product","3":"status-publish","4":"has-post-thumbnail","6":"product_brand-barrow","7":"product_cat-reservoirs","8":"product_cat-box","9":"entry","11":"first","12":"instock","13":"taxable","14":"shipping-taxable","15":"purchasable","16":"product-type-simple"},"_links":{"self":[{"href":"https:\/\/proliquidpc.com\/fr\/wp-json\/wp\/v2\/product\/6483","targetHints":{"allow":["GET"]}}],"collection":[{"href":"https:\/\/proliquidpc.com\/fr\/wp-json\/wp\/v2\/product"}],"about":[{"href":"https:\/\/proliquidpc.com\/fr\/wp-json\/wp\/v2\/types\/product"}],"wp:featuredmedia":[{"embeddable":true,"href":"https:\/\/proliquidpc.com\/fr\/wp-json\/wp\/v2\/media\/3287"}],"wp:attachment":[{"href":"https:\/\/proliquidpc.com\/fr\/wp-json\/wp\/v2\/media?parent=6483"}],"wp:term":[{"taxonomy":"product_brand","embeddable":true,"href":"https:\/\/proliquidpc.com\/fr\/wp-json\/wp\/v2\/product_brand?post=6483"},{"taxonomy":"product_cat","embeddable":true,"href":"https:\/\/proliquidpc.com\/fr\/wp-json\/wp\/v2\/product_cat?post=6483"},{"taxonomy":"product_tag","embeddable":true,"href":"https:\/\/proliquidpc.com\/fr\/wp-json\/wp\/v2\/product_tag?post=6483"}],"curies":[{"name":"wp","href":"https:\/\/api.w.org\/{rel}","templated":true}]}}