{"id":6484,"date":"2024-10-30T16:35:34","date_gmt":"2024-10-30T20:35:34","guid":{"rendered":"https:\/\/dev.proliquidpc.com\/boutique\/non%20class\u00e9\/barrow-lcr2-0-cable-dextension-de-carte-mere-pour-kit-declairage-5v-rgb-zbdzjx-5\/"},"modified":"2026-04-03T16:10:21","modified_gmt":"2026-04-03T20:10:21","slug":"barrow-lcr2-0-cable-dextension-de-carte-mere-pour-kit-declairage-5v-rgb-zbdzjx-5","status":"publish","type":"product","link":"https:\/\/proliquidpc.com\/fr\/boutique\/led-controleurs\/5-volt\/barrow-lcr2-0-cable-dextension-de-carte-mere-pour-kit-declairage-5v-rgb-zbdzjx-5\/","title":{"rendered":"Barrow LCR2.0 C\u00e2ble d&rsquo;extension de carte m\u00e8re pour kit d&rsquo;\u00e9clairage 5V RGB &#8211; ZBDZJX-5M"},"content":{"rendered":"<p>Connectez vos produits d\u2019\u00e9clairage LRC2.0 \u00e0 votre carte m\u00e8re ASUS,ASrock,Gigaby,Msi compatible.<\/p>\n<p>Compatible avec la version LRC2.0 des produits d\u2019\u00e9clairage Aurora de BARROW.<\/p>\n<p>&nbsp;<\/p>\n","protected":false},"excerpt":{"rendered":"<p>Connectez vos produits d\u2019\u00e9clairage LRC2.0 \u00e0 votre carte m\u00e8re ASUS,ASrock,Gigaby,Msi compatible. Compatible avec la version LRC2.0 des produits d\u2019\u00e9clairage Aurora de BARROW. &nbsp;<\/p>\n","protected":false},"featured_media":10153,"template":"","meta":{"_genesis_hide_title":false,"_genesis_hide_breadcrumbs":false,"_genesis_hide_singular_image":false,"_genesis_hide_footer_widgets":false,"_genesis_custom_body_class":"","_genesis_custom_post_class":"","_genesis_layout":""},"product_brand":[233],"product_cat":[26,25],"product_tag":[],"class_list":{"0":"post-6484","1":"product","2":"type-product","3":"status-publish","4":"has-post-thumbnail","6":"product_brand-barrow","7":"product_cat-5-volt","8":"product_cat-led-controleurs","9":"entry","11":"first","12":"instock","13":"taxable","14":"shipping-taxable","15":"purchasable","16":"product-type-simple"},"_links":{"self":[{"href":"https:\/\/proliquidpc.com\/fr\/wp-json\/wp\/v2\/product\/6484","targetHints":{"allow":["GET"]}}],"collection":[{"href":"https:\/\/proliquidpc.com\/fr\/wp-json\/wp\/v2\/product"}],"about":[{"href":"https:\/\/proliquidpc.com\/fr\/wp-json\/wp\/v2\/types\/product"}],"wp:featuredmedia":[{"embeddable":true,"href":"https:\/\/proliquidpc.com\/fr\/wp-json\/wp\/v2\/media\/10153"}],"wp:attachment":[{"href":"https:\/\/proliquidpc.com\/fr\/wp-json\/wp\/v2\/media?parent=6484"}],"wp:term":[{"taxonomy":"product_brand","embeddable":true,"href":"https:\/\/proliquidpc.com\/fr\/wp-json\/wp\/v2\/product_brand?post=6484"},{"taxonomy":"product_cat","embeddable":true,"href":"https:\/\/proliquidpc.com\/fr\/wp-json\/wp\/v2\/product_cat?post=6484"},{"taxonomy":"product_tag","embeddable":true,"href":"https:\/\/proliquidpc.com\/fr\/wp-json\/wp\/v2\/product_tag?post=6484"}],"curies":[{"name":"wp","href":"https:\/\/api.w.org\/{rel}","templated":true}]}}