{"id":6489,"date":"2024-10-30T16:36:37","date_gmt":"2024-10-30T20:36:37","guid":{"rendered":"https:\/\/dev.proliquidpc.com\/boutique\/non%20class\u00e9\/mdpc-x-grande-gaine-de-cable-carbone-liquide-10-pieds\/"},"modified":"2025-05-20T09:47:01","modified_gmt":"2025-05-20T13:47:01","slug":"mdpc-x-grande-gaine-de-cable-carbone-liquide-10-pieds","status":"publish","type":"product","link":"https:\/\/proliquidpc.com\/fr\/boutique\/cables\/mdpc-x-grande-gaine-de-cable-carbone-liquide-10-pieds\/","title":{"rendered":"MDPC-X Grande gaine de c\u00e2ble, carbone liquide, 10 pieds"},"content":{"rendered":"<p>APER\u00c7U<br \/>\nVendu en sections de 10 pieds.<\/p>\n<p>MDPC-X Grand manchon PET pour c\u00e2bles d\u2019alimentation PC personnalis\u00e9s.<\/p>\n<p>Le manchon de c\u00e2ble composite Liquid-Carbon est bas\u00e9 sur nos mat\u00e9riaux Blackest-Black et Transparency. Le m\u00e9lange avec la transparence cr\u00e9e un effet m\u00e9tallique tr\u00e8s brillant en raison des propri\u00e9t\u00e9s r\u00e9fl\u00e9chissantes qui en r\u00e9sultent, en particulier sur le fil noir en dessous : comme s\u2019il s\u2019agissait de m\u00e9tal liquide.<\/p>\n<p>Notre manchon de c\u00e2ble est r\u00e9sistant aux UV et ne perdra pas sa saturation de couleur ni ne d\u00e9gradera la qualit\u00e9 des mat\u00e9riaux lors d\u2019une utilisation en ext\u00e9rieur. Profitez de la qualit\u00e9, 100% made in Germany, sans compromis.<\/p>\n<p>Le manchon MDPC-X BIG est destin\u00e9 aux diam\u00e8tres de 12,0 mm \u00e0 24 mm.<\/p>\n<p>Le manchon de c\u00e2ble BIG peut couvrir des objets, des tubes, des c\u00e2bles et des faisceaux de c\u00e2bles jusqu\u2019\u00e0 un diam\u00e8tre ext\u00e9rieur de 24 mm. Bien s\u00fbr, ce GRAND manchon de c\u00e2ble peut \u00e9galement \u00eatre utilis\u00e9 pour des diam\u00e8tres inf\u00e9rieurs \u00e0 12 mm, mais l\u2019objet int\u00e9rieur sera alors plus petit que la gaine. En vous souvenant de cela, vous pouvez \u00e9galement mettre la gaine sur des c\u00e2bles avec des connecteurs HDMI fixes, des connecteurs USB3 internes au PC et similaires \u00e0 leur extr\u00e9mit\u00e9.<\/p>\n","protected":false},"excerpt":{"rendered":"<p>APER\u00c7U Vendu en sections de 10 pieds. MDPC-X Grand manchon PET pour c\u00e2bles d\u2019alimentation PC personnalis\u00e9s. Le manchon de c\u00e2ble composite Liquid-Carbon est bas\u00e9 sur nos mat\u00e9riaux Blackest-Black et Transparency. Le m\u00e9lange avec la transparence cr\u00e9e un effet m\u00e9tallique tr\u00e8s brillant en raison des propri\u00e9t\u00e9s r\u00e9fl\u00e9chissantes qui en r\u00e9sultent, en particulier sur le fil noir [&hellip;]<\/p>\n","protected":false},"featured_media":6490,"template":"","meta":{"_genesis_hide_title":false,"_genesis_hide_breadcrumbs":false,"_genesis_hide_singular_image":false,"_genesis_hide_footer_widgets":false,"_genesis_custom_body_class":"","_genesis_custom_post_class":"","_genesis_layout":""},"product_brand":[],"product_cat":[71],"product_tag":[],"class_list":{"0":"post-6489","1":"product","2":"type-product","3":"status-publish","4":"has-post-thumbnail","6":"product_cat-cables","7":"entry","9":"first","10":"outofstock","11":"taxable","12":"shipping-taxable","13":"purchasable","14":"product-type-simple"},"_links":{"self":[{"href":"https:\/\/proliquidpc.com\/fr\/wp-json\/wp\/v2\/product\/6489","targetHints":{"allow":["GET"]}}],"collection":[{"href":"https:\/\/proliquidpc.com\/fr\/wp-json\/wp\/v2\/product"}],"about":[{"href":"https:\/\/proliquidpc.com\/fr\/wp-json\/wp\/v2\/types\/product"}],"wp:featuredmedia":[{"embeddable":true,"href":"https:\/\/proliquidpc.com\/fr\/wp-json\/wp\/v2\/media\/6490"}],"wp:attachment":[{"href":"https:\/\/proliquidpc.com\/fr\/wp-json\/wp\/v2\/media?parent=6489"}],"wp:term":[{"taxonomy":"product_brand","embeddable":true,"href":"https:\/\/proliquidpc.com\/fr\/wp-json\/wp\/v2\/product_brand?post=6489"},{"taxonomy":"product_cat","embeddable":true,"href":"https:\/\/proliquidpc.com\/fr\/wp-json\/wp\/v2\/product_cat?post=6489"},{"taxonomy":"product_tag","embeddable":true,"href":"https:\/\/proliquidpc.com\/fr\/wp-json\/wp\/v2\/product_tag?post=6489"}],"curies":[{"name":"wp","href":"https:\/\/api.w.org\/{rel}","templated":true}]}}