{"id":6496,"date":"2024-10-30T16:36:37","date_gmt":"2024-10-30T20:36:37","guid":{"rendered":"https:\/\/dev.proliquidpc.com\/boutique\/non%20class\u00e9\/gpu-water-block-a-couverture-complete-de-bykski-pour-amd-rx-5700-version-publique-transparent-a-rx5700xt-x\/"},"modified":"2025-03-12T03:51:43","modified_gmt":"2025-03-12T07:51:43","slug":"gpu-water-block-a-couverture-complete-de-bykski-pour-amd-rx-5700-version-publique-transparent-a-rx5700xt-x","status":"publish","type":"product","link":"https:\/\/proliquidpc.com\/fr\/boutique\/gpu-waterblock\/amd-gpu-waterblock-gpu-waterblocks\/serie-5000\/gpu-water-block-a-couverture-complete-de-bykski-pour-amd-rx-5700-version-publique-transparent-a-rx5700xt-x\/","title":{"rendered":"GPU Water Block \u00e0 couverture compl\u00e8te de Bykski pour AMD RX 5700 Version Publique &#8211; Transparent &#8211; A-RX5700XT-X"},"content":{"rendered":"<p>Le Bykski AMD RX 5700 Public Version Full Coverage GPU Water Block est une \u0153uvre d\u2019art ! Ce bloc de couverture compl\u00e8te, refroidit directement le c\u0153ur de la carte vid\u00e9o (GPU), la m\u00e9moire graphique (RAM) ainsi que les modules de r\u00e9gulation de tension (VRM). En refroidissant directement ces composants, vous pouvez atteindre d\u2019excellentes temp\u00e9ratures ! Ces temp\u00e9ratures s\u2019accompagnent de la possibilit\u00e9 d\u2019atteindre des overclocks plus \u00e9lev\u00e9s ou de prolonger la dur\u00e9e de vie globale de votre carte en fonctionnant \u00e0 des temp\u00e9ratures inf\u00e9rieures \u00e0 celles d\u2019usine.<\/p>\n<p>Sp\u00e9cifications<br \/>\nMod\u00e8le :A-RX5700XT-X<br \/>\nMarque :Bykski<br \/>\nMat\u00e9riel : Cuivre \u00e9lectrolytique de haute puret\u00e9 \/ Acrylique transparent<br \/>\nCompatibilit\u00e9<br \/>\n(Y compris, mais sans s\u2019y limiter, les mod\u00e8les suivants)<br \/>\n\u00c9dition de r\u00e9f\u00e9rence AMD RX 5700 XT<br \/>\nAMD Radeon RX 5700 XT, 8 Go GDDR6<br \/>\nCompatibilit\u00e9 bas\u00e9e sur la conception de r\u00e9f\u00e9rence uniquement, le bloc peut ne pas s\u2019adapter aux variations modifi\u00e9es \/ super cadenc\u00e9es et \u00e0 d\u2019autres variantes tierces qui s\u2019\u00e9cartent de la conception de r\u00e9f\u00e9rence.<br \/>\n(compatibilit\u00e9 visuelle attendue ci-dessous)<br \/>\nAMD Radeon RX 5700, 8 Go GDDR6<br \/>\nAMD Radeon RX 5700 XT 50e anniversaire, 8 Go GDDR6<br \/>\nASRock Radeon RX 5700 XT, 8 Go GDDR6, (90-GA15ZZ-00UANF)<br \/>\nASRock Radeon RX 5700, 8 Go GDDR6, (90-GA16ZZ-00UANF)<br \/>\nASUS Radeon RX 5700 XT, RX5700XT-8G, 8 Go GDDR6, (90YV0D80-U0NA00)<br \/>\nASUS Radeon RX 5700, RX5700-8G, 8 Go GDDR6, (90YV0D70-U0NA00)<br \/>\nGigabyte Radeon RX 5700 8G, 8 Go GDDR6, (GV-R57-8GD-B)<br \/>\nGigabyte Radeon RX 5700 XT 8G, 8 Go GDDR6, (GV-R57XT-8GD-B)<br \/>\nMSI Radeon RX 5700 8G, 8 Go GDDR6, (V803-891R)<br \/>\nMSI Radeon RX 5700 XT 8G, 8 Go GDDR6, (V803-890R)<br \/>\nPowerColor Radeon RX 5700 8G, 8 Go GDDR6, HDMI, 3x DP (21294-01-40G)<br \/>\nPowerColor Radeon RX 5700 XT 8G, 8 Go GDDR6, (AXRX 5700XT 8GBD6-M3DH)<br \/>\nSapphire Radeon RX 5700 8G, 8 Go GDDR6, (21294-01-20G)<br \/>\nSapphire Radeon RX 5700 XT 8G, 8 Go GDDR6, (21293-01-40G)<br \/>\nXFX Radeon RX 5700 XT, 8 Go GDDR6, (RX-57XT8MFD6)<br \/>\nfittings :G1\/4&Prime; filetage<br \/>\nPlaques arri\u00e8re de crosse : En raison de variations de montage entre les cartes, l\u2019ajustement des plaques arri\u00e8re de crosse n\u2019est pas garanti.<br \/>\nPi\u00e8ces incluses<br \/>\n1x bloc d\u2019eau GPU \u00e0 couverture compl\u00e8te<br \/>\n2x fitting d\u2019arr\u00eat<br \/>\n1x mat\u00e9riel de montage<br \/>\nGraisse thermique<br \/>\n1x 5v RGB adressable (RBW)<br \/>\nAvertissements<\/p>\n<p>Il s\u2019agit d\u2019un article de r\u00e9paration ou de remplacement uniquement. Les retours ne sont pas accept\u00e9s pour des probl\u00e8mes de compatibilit\u00e9 ou si le bloc a \u00e9t\u00e9 travers\u00e9 par de l\u2019eau ou du liquide.<\/p>\n<p>Le fabricant se r\u00e9serve le droit de modifier la conception du bloc pour \u00e9tendre la compatibilit\u00e9. L\u2019article livr\u00e9 peut ne pas correspondre \u00e0 100% \u00e0 l\u2019article illustr\u00e9. Le produit n\u2019est PAS livr\u00e9 avec des instructions en anglais ni en fran\u00e7ais.<\/p>\n<p>Bykski.us n\u2019est pas responsable des dommages caus\u00e9s par ou lors de l\u2019utilisation de ce produit. Veuillez utiliser \u00e0 vos risques et p\u00e9rils.<\/p>\n","protected":false},"excerpt":{"rendered":"<p>Le Bykski AMD RX 5700 Public Version Full Coverage GPU Water Block est une \u0153uvre d\u2019art ! Ce bloc de couverture compl\u00e8te, refroidit directement le c\u0153ur de la carte vid\u00e9o (GPU), la m\u00e9moire graphique (RAM) ainsi que les modules de r\u00e9gulation de tension (VRM). En refroidissant directement ces composants, vous pouvez atteindre d\u2019excellentes temp\u00e9ratures ! [&hellip;]<\/p>\n","protected":false},"featured_media":6497,"template":"","meta":{"_genesis_hide_title":false,"_genesis_hide_breadcrumbs":false,"_genesis_hide_singular_image":false,"_genesis_hide_footer_widgets":false,"_genesis_custom_body_class":"","_genesis_custom_post_class":"","_genesis_layout":""},"product_brand":[],"product_cat":[59,60,38],"product_tag":[],"class_list":{"0":"post-6496","1":"product","2":"type-product","3":"status-publish","4":"has-post-thumbnail","6":"product_cat-amd-gpu-waterblock-gpu-waterblocks","7":"product_cat-serie-5000","8":"product_cat-gpu-waterblock","9":"entry","11":"first","12":"instock","13":"taxable","14":"shipping-taxable","15":"purchasable","16":"product-type-simple"},"_links":{"self":[{"href":"https:\/\/proliquidpc.com\/fr\/wp-json\/wp\/v2\/product\/6496","targetHints":{"allow":["GET"]}}],"collection":[{"href":"https:\/\/proliquidpc.com\/fr\/wp-json\/wp\/v2\/product"}],"about":[{"href":"https:\/\/proliquidpc.com\/fr\/wp-json\/wp\/v2\/types\/product"}],"wp:featuredmedia":[{"embeddable":true,"href":"https:\/\/proliquidpc.com\/fr\/wp-json\/wp\/v2\/media\/6497"}],"wp:attachment":[{"href":"https:\/\/proliquidpc.com\/fr\/wp-json\/wp\/v2\/media?parent=6496"}],"wp:term":[{"taxonomy":"product_brand","embeddable":true,"href":"https:\/\/proliquidpc.com\/fr\/wp-json\/wp\/v2\/product_brand?post=6496"},{"taxonomy":"product_cat","embeddable":true,"href":"https:\/\/proliquidpc.com\/fr\/wp-json\/wp\/v2\/product_cat?post=6496"},{"taxonomy":"product_tag","embeddable":true,"href":"https:\/\/proliquidpc.com\/fr\/wp-json\/wp\/v2\/product_tag?post=6496"}],"curies":[{"name":"wp","href":"https:\/\/api.w.org\/{rel}","templated":true}]}}