{"id":6513,"date":"2024-10-30T16:36:37","date_gmt":"2024-10-30T20:36:37","guid":{"rendered":"https:\/\/dev.proliquidpc.com\/boutique\/non%20class\u00e9\/repartiteur-4-voies-rvb-lrc2-0-de-barrow-arkzxs1-4\/"},"modified":"2025-03-09T21:50:17","modified_gmt":"2025-03-10T01:50:17","slug":"repartiteur-4-voies-rvb-lrc2-0-de-barrow-arkzxs1-4","status":"publish","type":"product","link":"https:\/\/proliquidpc.com\/fr\/boutique\/led-controleurs\/repartiteur-4-voies-rvb-lrc2-0-de-barrow-arkzxs1-4\/","title":{"rendered":"R\u00e9partiteur 4 voies Rvb LRC2.0 de Barrow &#8211; ARKZXS1-4"},"content":{"rendered":"<p>Ce c\u00e2ble r\u00e9partiteur peut \u00eatre utilis\u00e9 pour contr\u00f4ler 5 bandes D-RGB Barrow \u00e0 partir d\u2019un seul contr\u00f4leur D-RGB. Cela peut \u00eatre utilis\u00e9 pour obtenir un \u00e9clairage synchrone avec toutes les bandes D-RGB de votre syst\u00e8me. La charge maximale est de 7 m\u00e8tres de bande lumineuse (environ 400 LED).<\/p>\n","protected":false},"excerpt":{"rendered":"<p>Ce c\u00e2ble r\u00e9partiteur peut \u00eatre utilis\u00e9 pour contr\u00f4ler 5 bandes D-RGB Barrow \u00e0 partir d\u2019un seul contr\u00f4leur D-RGB. Cela peut \u00eatre utilis\u00e9 pour obtenir un \u00e9clairage synchrone avec toutes les bandes D-RGB de votre syst\u00e8me. La charge maximale est de 7 m\u00e8tres de bande lumineuse (environ 400 LED).<\/p>\n","protected":false},"featured_media":6514,"template":"","meta":{"_genesis_hide_title":false,"_genesis_hide_breadcrumbs":false,"_genesis_hide_singular_image":false,"_genesis_hide_footer_widgets":false,"_genesis_custom_body_class":"","_genesis_custom_post_class":"","_genesis_layout":""},"product_brand":[233],"product_cat":[25],"product_tag":[],"class_list":{"0":"post-6513","1":"product","2":"type-product","3":"status-publish","4":"has-post-thumbnail","6":"product_brand-barrow","7":"product_cat-led-controleurs","8":"entry","10":"first","11":"instock","12":"taxable","13":"shipping-taxable","14":"purchasable","15":"product-type-simple"},"_links":{"self":[{"href":"https:\/\/proliquidpc.com\/fr\/wp-json\/wp\/v2\/product\/6513","targetHints":{"allow":["GET"]}}],"collection":[{"href":"https:\/\/proliquidpc.com\/fr\/wp-json\/wp\/v2\/product"}],"about":[{"href":"https:\/\/proliquidpc.com\/fr\/wp-json\/wp\/v2\/types\/product"}],"wp:featuredmedia":[{"embeddable":true,"href":"https:\/\/proliquidpc.com\/fr\/wp-json\/wp\/v2\/media\/6514"}],"wp:attachment":[{"href":"https:\/\/proliquidpc.com\/fr\/wp-json\/wp\/v2\/media?parent=6513"}],"wp:term":[{"taxonomy":"product_brand","embeddable":true,"href":"https:\/\/proliquidpc.com\/fr\/wp-json\/wp\/v2\/product_brand?post=6513"},{"taxonomy":"product_cat","embeddable":true,"href":"https:\/\/proliquidpc.com\/fr\/wp-json\/wp\/v2\/product_cat?post=6513"},{"taxonomy":"product_tag","embeddable":true,"href":"https:\/\/proliquidpc.com\/fr\/wp-json\/wp\/v2\/product_tag?post=6513"}],"curies":[{"name":"wp","href":"https:\/\/api.w.org\/{rel}","templated":true}]}}