{"id":6524,"date":"2024-10-30T16:36:37","date_gmt":"2024-10-30T20:36:37","guid":{"rendered":"https:\/\/dev.proliquidpc.com\/boutique\/non%20class\u00e9\/atx-8-broches-femelle-180-coudee-a-8-broches-exterieures-noir\/"},"modified":"2025-03-17T19:38:09","modified_gmt":"2025-03-17T23:38:09","slug":"atx-8-broches-femelle-180-coudee-a-8-broches-exterieures-noir","status":"publish","type":"product","link":"https:\/\/proliquidpc.com\/fr\/boutique\/led-controleurs\/atx-8-broches-femelle-180-coudee-a-8-broches-exterieures-noir\/","title":{"rendered":"ATX 8 broches femelle 180\u00b0 coud\u00e9e \u00e0 8 broches ext\u00e9rieures noir"},"content":{"rendered":"<p>Adaptateur d&rsquo;alimentation femelle ATX 8 broches \u00e0 180 degr\u00e9s vers m\u00e2le 8 broches pour connecteur d&rsquo;alimentation de carte graphique GPU sur ordinateurs de bureau.<\/p>\n","protected":false},"excerpt":{"rendered":"<p>Adaptateur d&rsquo;alimentation femelle ATX 8 broches \u00e0 180 degr\u00e9s vers m\u00e2le 8 broches pour connecteur d&rsquo;alimentation de carte graphique GPU sur ordinateurs de bureau.<\/p>\n","protected":false},"featured_media":11168,"template":"","meta":{"_genesis_hide_title":false,"_genesis_hide_breadcrumbs":false,"_genesis_hide_singular_image":false,"_genesis_hide_footer_widgets":false,"_genesis_custom_body_class":"","_genesis_custom_post_class":"","_genesis_layout":""},"product_brand":[],"product_cat":[25],"product_tag":[],"class_list":{"0":"post-6524","1":"product","2":"type-product","3":"status-publish","4":"has-post-thumbnail","6":"product_cat-led-controleurs","7":"entry","9":"first","10":"instock","11":"taxable","12":"shipping-taxable","13":"purchasable","14":"product-type-simple"},"_links":{"self":[{"href":"https:\/\/proliquidpc.com\/fr\/wp-json\/wp\/v2\/product\/6524","targetHints":{"allow":["GET"]}}],"collection":[{"href":"https:\/\/proliquidpc.com\/fr\/wp-json\/wp\/v2\/product"}],"about":[{"href":"https:\/\/proliquidpc.com\/fr\/wp-json\/wp\/v2\/types\/product"}],"wp:featuredmedia":[{"embeddable":true,"href":"https:\/\/proliquidpc.com\/fr\/wp-json\/wp\/v2\/media\/11168"}],"wp:attachment":[{"href":"https:\/\/proliquidpc.com\/fr\/wp-json\/wp\/v2\/media?parent=6524"}],"wp:term":[{"taxonomy":"product_brand","embeddable":true,"href":"https:\/\/proliquidpc.com\/fr\/wp-json\/wp\/v2\/product_brand?post=6524"},{"taxonomy":"product_cat","embeddable":true,"href":"https:\/\/proliquidpc.com\/fr\/wp-json\/wp\/v2\/product_cat?post=6524"},{"taxonomy":"product_tag","embeddable":true,"href":"https:\/\/proliquidpc.com\/fr\/wp-json\/wp\/v2\/product_tag?post=6524"}],"curies":[{"name":"wp","href":"https:\/\/api.w.org\/{rel}","templated":true}]}}