{"id":6536,"date":"2024-10-30T16:36:37","date_gmt":"2024-10-30T20:36:37","guid":{"rendered":"https:\/\/dev.proliquidpc.com\/boutique\/non%20class\u00e9\/alimentation-du-demarreur-dalimentation-bykski-b-24pwstr-24pin\/"},"modified":"2025-03-11T03:46:12","modified_gmt":"2025-03-11T07:46:12","slug":"alimentation-du-demarreur-dalimentation-bykski-b-24pwstr-24pin","status":"publish","type":"product","link":"https:\/\/proliquidpc.com\/fr\/boutique\/outils\/alimentation-du-demarreur-dalimentation-bykski-b-24pwstr-24pin\/","title":{"rendered":"Alimentation du d\u00e9marreur d&rsquo;alimentation Bykski &#8211; B-24PWSTR-24PIN"},"content":{"rendered":"<p>Ce connecteur \u00e0 24 broches est un appareil essentiel pour tous ceux qui travaillent fr\u00e9quemment avec des ordinateurs. En branchant ce connecteur sur le connecteur ATX de votre bloc d\u2019alimentation, vous pouvez d\u00e9marrer le bloc d\u2019alimentation sans avoir \u00e0 le brancher sur une carte m\u00e8re. C\u2019est incroyablement utile \u00e0 des fins de test ou lorsque vous devez r\u00e9soudre un probl\u00e8me. Le connecteur de cavalier d\u2019alimentation \u00e0 24 broches est un incontournable pour tous ceux qui travaillent r\u00e9guli\u00e8rement avec des ordinateurs et le refroidissement liquide.<\/p>\n<p>Sp\u00e9cifications<br \/>\nDimensions : 58 mm x 53,78 mm<br \/>\nCompatibilit\u00e9<br \/>\nBloc d\u2019alimentation : ATX 20 broches \/ 24 broches<br \/>\nPi\u00e8ces incluses<br \/>\n1x connecteur cavalier d\u2019alimentation \u00e0 24 broches<\/p>\n","protected":false},"excerpt":{"rendered":"<p>Ce connecteur \u00e0 24 broches est un appareil essentiel pour tous ceux qui travaillent fr\u00e9quemment avec des ordinateurs. En branchant ce connecteur sur le connecteur ATX de votre bloc d\u2019alimentation, vous pouvez d\u00e9marrer le bloc d\u2019alimentation sans avoir \u00e0 le brancher sur une carte m\u00e8re. C\u2019est incroyablement utile \u00e0 des fins de test ou lorsque [&hellip;]<\/p>\n","protected":false},"featured_media":6537,"template":"","meta":{"_genesis_hide_title":false,"_genesis_hide_breadcrumbs":false,"_genesis_hide_singular_image":false,"_genesis_hide_footer_widgets":false,"_genesis_custom_body_class":"","_genesis_custom_post_class":"","_genesis_layout":""},"product_brand":[],"product_cat":[44],"product_tag":[],"class_list":{"0":"post-6536","1":"product","2":"type-product","3":"status-publish","4":"has-post-thumbnail","6":"product_cat-outils","7":"entry","9":"first","10":"instock","11":"taxable","12":"shipping-taxable","13":"purchasable","14":"product-type-simple"},"_links":{"self":[{"href":"https:\/\/proliquidpc.com\/fr\/wp-json\/wp\/v2\/product\/6536","targetHints":{"allow":["GET"]}}],"collection":[{"href":"https:\/\/proliquidpc.com\/fr\/wp-json\/wp\/v2\/product"}],"about":[{"href":"https:\/\/proliquidpc.com\/fr\/wp-json\/wp\/v2\/types\/product"}],"wp:featuredmedia":[{"embeddable":true,"href":"https:\/\/proliquidpc.com\/fr\/wp-json\/wp\/v2\/media\/6537"}],"wp:attachment":[{"href":"https:\/\/proliquidpc.com\/fr\/wp-json\/wp\/v2\/media?parent=6536"}],"wp:term":[{"taxonomy":"product_brand","embeddable":true,"href":"https:\/\/proliquidpc.com\/fr\/wp-json\/wp\/v2\/product_brand?post=6536"},{"taxonomy":"product_cat","embeddable":true,"href":"https:\/\/proliquidpc.com\/fr\/wp-json\/wp\/v2\/product_cat?post=6536"},{"taxonomy":"product_tag","embeddable":true,"href":"https:\/\/proliquidpc.com\/fr\/wp-json\/wp\/v2\/product_tag?post=6536"}],"curies":[{"name":"wp","href":"https:\/\/api.w.org\/{rel}","templated":true}]}}