{"id":6548,"date":"2024-10-30T16:36:37","date_gmt":"2024-10-30T20:36:37","guid":{"rendered":"https:\/\/dev.proliquidpc.com\/boutique\/non%20class\u00e9\/bykski-fan-cable-adaptateur-de-synchronisation-led-b-cntlfn-lt\/"},"modified":"2025-02-22T14:52:12","modified_gmt":"2025-02-22T19:52:12","slug":"bykski-fan-cable-adaptateur-de-synchronisation-led-b-cntlfn-lt","status":"publish","type":"product","link":"https:\/\/proliquidpc.com\/fr\/boutique\/led-controleurs\/bykski-fan-cable-adaptateur-de-synchronisation-led-b-cntlfn-lt\/","title":{"rendered":"Bykski Fan C\u00e2ble adaptateur de synchronisation LED &#8211; B-CNTLFN-LT"},"content":{"rendered":"<p>Le c\u00e2ble adaptateur de synchronisation LED Bykski Fan vous permet d\u2019adapter la ligne LED 6 broches de votre ventilateur \u00e0 une ligne LED 4 broches, ce qui vous permet de vous connecter \u00e0 votre r\u00e9partiteur ou contr\u00f4leur Bykski RBW.<\/p>\n<p>Fonctionnalit\u00e9s<br \/>\nC\u00e2ble et connecteurs enti\u00e8rement noirs<br \/>\nSp\u00e9cifications<br \/>\nMod\u00e8le :B-CNTLFN-LT<br \/>\nMarque :Bykski<br \/>\nPi\u00e8ces incluses<br \/>\n1x c\u00e2ble adaptateur de synchronisation LED de ventilateur<br \/>\nAvertissements<br \/>\nNous ne sommes pas responsables des dommages caus\u00e9s par ou lors de l\u2019utilisation de ce produit. Veuillez utiliser \u00e0 vos risques et p\u00e9rils.<\/p>\n","protected":false},"excerpt":{"rendered":"<p>Le c\u00e2ble adaptateur de synchronisation LED Bykski Fan vous permet d\u2019adapter la ligne LED 6 broches de votre ventilateur \u00e0 une ligne LED 4 broches, ce qui vous permet de vous connecter \u00e0 votre r\u00e9partiteur ou contr\u00f4leur Bykski RBW. Fonctionnalit\u00e9s C\u00e2ble et connecteurs enti\u00e8rement noirs Sp\u00e9cifications Mod\u00e8le :B-CNTLFN-LT Marque :Bykski Pi\u00e8ces incluses 1x c\u00e2ble adaptateur [&hellip;]<\/p>\n","protected":false},"featured_media":10163,"template":"","meta":{"_genesis_hide_title":false,"_genesis_hide_breadcrumbs":false,"_genesis_hide_singular_image":false,"_genesis_hide_footer_widgets":false,"_genesis_custom_body_class":"","_genesis_custom_post_class":"","_genesis_layout":""},"product_brand":[],"product_cat":[25],"product_tag":[],"class_list":{"0":"post-6548","1":"product","2":"type-product","3":"status-publish","4":"has-post-thumbnail","6":"product_cat-led-controleurs","7":"entry","9":"first","10":"instock","11":"taxable","12":"shipping-taxable","13":"purchasable","14":"product-type-simple"},"_links":{"self":[{"href":"https:\/\/proliquidpc.com\/fr\/wp-json\/wp\/v2\/product\/6548","targetHints":{"allow":["GET"]}}],"collection":[{"href":"https:\/\/proliquidpc.com\/fr\/wp-json\/wp\/v2\/product"}],"about":[{"href":"https:\/\/proliquidpc.com\/fr\/wp-json\/wp\/v2\/types\/product"}],"wp:featuredmedia":[{"embeddable":true,"href":"https:\/\/proliquidpc.com\/fr\/wp-json\/wp\/v2\/media\/10163"}],"wp:attachment":[{"href":"https:\/\/proliquidpc.com\/fr\/wp-json\/wp\/v2\/media?parent=6548"}],"wp:term":[{"taxonomy":"product_brand","embeddable":true,"href":"https:\/\/proliquidpc.com\/fr\/wp-json\/wp\/v2\/product_brand?post=6548"},{"taxonomy":"product_cat","embeddable":true,"href":"https:\/\/proliquidpc.com\/fr\/wp-json\/wp\/v2\/product_cat?post=6548"},{"taxonomy":"product_tag","embeddable":true,"href":"https:\/\/proliquidpc.com\/fr\/wp-json\/wp\/v2\/product_tag?post=6548"}],"curies":[{"name":"wp","href":"https:\/\/api.w.org\/{rel}","templated":true}]}}