{"id":6549,"date":"2024-10-30T16:36:37","date_gmt":"2024-10-30T20:36:37","guid":{"rendered":"https:\/\/dev.proliquidpc.com\/boutique\/non%20class\u00e9\/bykski-5v-cable-adaptateur-synchrone-adressable-rgb-rbw-asus-aura-b-cntr-95x3l-5v\/"},"modified":"2025-09-21T10:54:57","modified_gmt":"2025-09-21T14:54:57","slug":"bykski-5v-cable-adaptateur-synchrone-adressable-rgb-rbw-asus-aura-b-cntr-95x3l-5v","status":"publish","type":"product","link":"https:\/\/proliquidpc.com\/fr\/boutique\/led-controleurs\/5-volt\/bykski-5v-cable-adaptateur-synchrone-adressable-rgb-rbw-asus-aura-b-cntr-95x3l-5v\/","title":{"rendered":"Bykski 5V C\u00e2ble Adaptateur Synchrone Adressable RGB (RBW) Asus Aura &#8211; B-CNTR-95X3L 5V"},"content":{"rendered":"<p>Le c\u00e2ble adaptateur synchrone Asus Aura Rippleable 5v Addressable RGB (RBW) de Bykski vous permet de connecter votre connecteur A-RGB LED directement \u00e0 la connexion de votre carte compatible Asus Aura Synchronous.<\/p>\n<p>Fonctionnalit\u00e9s<br \/>\nConvertit l\u2019en-t\u00eate LED unique de la carte m\u00e8re Asus Aura Sync en connexion native Bykski A-RGB(RBW)<br \/>\nInt\u00e9grez votre ventilateur compatible, waterblock<br \/>\nSp\u00e9cifications<br \/>\nMarque :Bykski<br \/>\nTension : 5V uniquement<br \/>\nCompatibilit\u00e9<br \/>\nType de LED : Bykski 5V adressable RGB (RBW)<br \/>\nPi\u00e8ces incluses<br \/>\n1x c\u00e2ble adaptateur<br \/>\nAvertissements<br \/>\nNous ne sommes pas responsables des dommages caus\u00e9s par ou lors de l\u2019utilisation de ce produit. Veuillez utiliser \u00e0 vos risques et p\u00e9rils.<\/p>\n","protected":false},"excerpt":{"rendered":"<p>Le c\u00e2ble adaptateur synchrone Asus Aura Rippleable 5v Addressable RGB (RBW) de Bykski vous permet de connecter votre connecteur A-RGB LED directement \u00e0 la connexion de votre carte compatible Asus Aura Synchronous. Fonctionnalit\u00e9s Convertit l\u2019en-t\u00eate LED unique de la carte m\u00e8re Asus Aura Sync en connexion native Bykski A-RGB(RBW) Int\u00e9grez votre ventilateur compatible, waterblock Sp\u00e9cifications [&hellip;]<\/p>\n","protected":false},"featured_media":6550,"template":"","meta":{"_genesis_hide_title":false,"_genesis_hide_breadcrumbs":false,"_genesis_hide_singular_image":false,"_genesis_hide_footer_widgets":false,"_genesis_custom_body_class":"","_genesis_custom_post_class":"","_genesis_layout":""},"product_brand":[],"product_cat":[26,25],"product_tag":[],"class_list":{"0":"post-6549","1":"product","2":"type-product","3":"status-publish","4":"has-post-thumbnail","6":"product_cat-5-volt","7":"product_cat-led-controleurs","8":"entry","10":"first","11":"instock","12":"taxable","13":"shipping-taxable","14":"purchasable","15":"product-type-simple"},"_links":{"self":[{"href":"https:\/\/proliquidpc.com\/fr\/wp-json\/wp\/v2\/product\/6549","targetHints":{"allow":["GET"]}}],"collection":[{"href":"https:\/\/proliquidpc.com\/fr\/wp-json\/wp\/v2\/product"}],"about":[{"href":"https:\/\/proliquidpc.com\/fr\/wp-json\/wp\/v2\/types\/product"}],"wp:featuredmedia":[{"embeddable":true,"href":"https:\/\/proliquidpc.com\/fr\/wp-json\/wp\/v2\/media\/6550"}],"wp:attachment":[{"href":"https:\/\/proliquidpc.com\/fr\/wp-json\/wp\/v2\/media?parent=6549"}],"wp:term":[{"taxonomy":"product_brand","embeddable":true,"href":"https:\/\/proliquidpc.com\/fr\/wp-json\/wp\/v2\/product_brand?post=6549"},{"taxonomy":"product_cat","embeddable":true,"href":"https:\/\/proliquidpc.com\/fr\/wp-json\/wp\/v2\/product_cat?post=6549"},{"taxonomy":"product_tag","embeddable":true,"href":"https:\/\/proliquidpc.com\/fr\/wp-json\/wp\/v2\/product_tag?post=6549"}],"curies":[{"name":"wp","href":"https:\/\/api.w.org\/{rel}","templated":true}]}}