{"id":6563,"date":"2024-10-30T16:36:37","date_gmt":"2024-10-30T20:36:37","guid":{"rendered":"https:\/\/dev.proliquidpc.com\/boutique\/non%20class\u00e9\/bykski-fitting-dextension-rotatif-double-male-b-dtso-s-noir\/"},"modified":"2025-03-07T21:15:39","modified_gmt":"2025-03-08T02:15:39","slug":"bykski-fitting-dextension-rotatif-double-male-b-dtso-s-noir","status":"publish","type":"product","link":"https:\/\/proliquidpc.com\/fr\/boutique\/fittings\/fitting-spacer\/bykski-fitting-dextension-rotatif-double-male-b-dtso-s-noir\/","title":{"rendered":"Bykski Fitting d&rsquo;extension rotatif double m\u00e2le &#8211; B-DTSO-S &#8211; Noir"},"content":{"rendered":"<p>Le Fitting d\u2019extension rotatif double m\u00e2le Bykski G1\/4&Prime; est utile pour adapter un fitting femelle \u00e0 un fitting m\u00e2le. Le Fitting peut \u00eatre utilis\u00e9 avec n\u2019importe quel fitting filet\u00e9 G1\/4&Prime;.<\/p>\n<p>Fonctionnalit\u00e9s<br \/>\nDiamant molet\u00e9<br \/>\nFonction rotative<br \/>\nSp\u00e9cifications<br \/>\nFiletage : G1\/4&Prime;<br \/>\nHauteur (avec fil) : 24,5 mm<br \/>\nHauteur (sans fil) : 14,5 mm<br \/>\nLargeur : 18 mm<br \/>\nMat\u00e9riau : Laiton<br \/>\nCompatibilit\u00e9<br \/>\nBoucle : Non-aluminium<br \/>\nPi\u00e8ces incluses<br \/>\n1x Fitting d\u2019extension rotatif double m\u00e2le G1\/4&Prime;<br \/>\nAvertissements<br \/>\nNous ne sommes pas responsables des dommages caus\u00e9s par ou lors de l\u2019utilisation de ce produit. Utilisation \u00e0 vos risques et p\u00e9rils<\/p>\n","protected":false},"excerpt":{"rendered":"<p>Le Fitting d\u2019extension rotatif double m\u00e2le Bykski G1\/4&Prime; est utile pour adapter un fitting femelle \u00e0 un fitting m\u00e2le. Le Fitting peut \u00eatre utilis\u00e9 avec n\u2019importe quel fitting filet\u00e9 G1\/4&Prime;. Fonctionnalit\u00e9s Diamant molet\u00e9 Fonction rotative Sp\u00e9cifications Filetage : G1\/4&Prime; Hauteur (avec fil) : 24,5 mm Hauteur (sans fil) : 14,5 mm Largeur : 18 mm [&hellip;]<\/p>\n","protected":false},"featured_media":6564,"template":"","meta":{"_genesis_hide_title":false,"_genesis_hide_breadcrumbs":false,"_genesis_hide_singular_image":false,"_genesis_hide_footer_widgets":false,"_genesis_custom_body_class":"","_genesis_custom_post_class":"","_genesis_layout":""},"product_brand":[],"product_cat":[30,29],"product_tag":[],"class_list":{"0":"post-6563","1":"product","2":"type-product","3":"status-publish","4":"has-post-thumbnail","6":"product_cat-fitting-spacer","7":"product_cat-fittings","8":"entry","10":"first","11":"instock","12":"taxable","13":"shipping-taxable","14":"purchasable","15":"product-type-simple"},"_links":{"self":[{"href":"https:\/\/proliquidpc.com\/fr\/wp-json\/wp\/v2\/product\/6563","targetHints":{"allow":["GET"]}}],"collection":[{"href":"https:\/\/proliquidpc.com\/fr\/wp-json\/wp\/v2\/product"}],"about":[{"href":"https:\/\/proliquidpc.com\/fr\/wp-json\/wp\/v2\/types\/product"}],"wp:featuredmedia":[{"embeddable":true,"href":"https:\/\/proliquidpc.com\/fr\/wp-json\/wp\/v2\/media\/6564"}],"wp:attachment":[{"href":"https:\/\/proliquidpc.com\/fr\/wp-json\/wp\/v2\/media?parent=6563"}],"wp:term":[{"taxonomy":"product_brand","embeddable":true,"href":"https:\/\/proliquidpc.com\/fr\/wp-json\/wp\/v2\/product_brand?post=6563"},{"taxonomy":"product_cat","embeddable":true,"href":"https:\/\/proliquidpc.com\/fr\/wp-json\/wp\/v2\/product_cat?post=6563"},{"taxonomy":"product_tag","embeddable":true,"href":"https:\/\/proliquidpc.com\/fr\/wp-json\/wp\/v2\/product_tag?post=6563"}],"curies":[{"name":"wp","href":"https:\/\/api.w.org\/{rel}","templated":true}]}}