{"id":6575,"date":"2024-10-30T16:37:46","date_gmt":"2024-10-30T20:37:46","guid":{"rendered":"https:\/\/dev.proliquidpc.com\/boutique\/non%20class\u00e9\/valve-bykski-b-dv-ce-v2-blacke\/"},"modified":"2025-03-07T21:23:16","modified_gmt":"2025-03-08T02:23:16","slug":"valve-bykski-b-dv-ce-v2-blacke","status":"publish","type":"product","link":"https:\/\/proliquidpc.com\/fr\/boutique\/fittings\/valve\/valve-bykski-b-dv-ce-v2-blacke\/","title":{"rendered":"Valve Bykski B-DV-CE-V2 &#8211; Noir"},"content":{"rendered":"<p>Le Bykski G1\/4&Prime;in. La Valve \u00e0 bille de vidange femelle \u00e0 femelle est soigneusement usin\u00e9e selon des sp\u00e9cifications qui permettent \u00e0 l\u2019utilisateur d\u2019installer un G1\/4&Prime; po. Montage aux deux extr\u00e9mit\u00e9s, ce qui permet d\u2019obtenir une connexion scellable qui permet de localiser facilement l\u2019orifice de vidange ou le port de remplissage.<br \/>\nLa conception unique et la facilit\u00e9 d\u2019installation seront parfaites pour votre prochain syst\u00e8me de refroidissement par eau. Ces fittings peuvent \u00eatre utilis\u00e9s sur le dessus de votre bo\u00eetier comme emplacement de remplissage ou au bas comme drain.<\/p>\n<p>Fonctionnalit\u00e9s<br \/>\nG1\/4&Prime; po. fil.<br \/>\nS\u2019installe en quelques minutes.<br \/>\nPi\u00e8ces incluses<br \/>\n1x Bykski G1\/4&Prime; po. Valve \u00e0 bille de vidange femelle \u00e0 femelle<br \/>\nAvertissements<br \/>\nUn serrage excessif peut provoquer un d\u00e9nudage des fils.<br \/>\nEn raison de la finition interne, cette pi\u00e8ce peut ne pas \u00eatre compatible avec les liquides de refroidissement \u00e0 base d\u2019eau DI et n\u2019est PAS compatible avec les s\u00e9ries de liquides de refroidissement PrimoChill Opaque et VUE ! Nous ne sommes pas responsables des dommages caus\u00e9s par ou lors de l\u2019utilisation de ce produit.<\/p>\n","protected":false},"excerpt":{"rendered":"<p>Le Bykski G1\/4&Prime;in. La Valve \u00e0 bille de vidange femelle \u00e0 femelle est soigneusement usin\u00e9e selon des sp\u00e9cifications qui permettent \u00e0 l\u2019utilisateur d\u2019installer un G1\/4&Prime; po. Montage aux deux extr\u00e9mit\u00e9s, ce qui permet d\u2019obtenir une connexion scellable qui permet de localiser facilement l\u2019orifice de vidange ou le port de remplissage. La conception unique et la [&hellip;]<\/p>\n","protected":false},"featured_media":6576,"template":"","meta":{"_genesis_hide_title":false,"_genesis_hide_breadcrumbs":false,"_genesis_hide_singular_image":false,"_genesis_hide_footer_widgets":false,"_genesis_custom_body_class":"","_genesis_custom_post_class":"","_genesis_layout":""},"product_brand":[],"product_cat":[29,32],"product_tag":[],"class_list":{"0":"post-6575","1":"product","2":"type-product","3":"status-publish","4":"has-post-thumbnail","6":"product_cat-fittings","7":"product_cat-valve","8":"entry","10":"first","11":"instock","12":"taxable","13":"shipping-taxable","14":"purchasable","15":"product-type-simple"},"_links":{"self":[{"href":"https:\/\/proliquidpc.com\/fr\/wp-json\/wp\/v2\/product\/6575","targetHints":{"allow":["GET"]}}],"collection":[{"href":"https:\/\/proliquidpc.com\/fr\/wp-json\/wp\/v2\/product"}],"about":[{"href":"https:\/\/proliquidpc.com\/fr\/wp-json\/wp\/v2\/types\/product"}],"wp:featuredmedia":[{"embeddable":true,"href":"https:\/\/proliquidpc.com\/fr\/wp-json\/wp\/v2\/media\/6576"}],"wp:attachment":[{"href":"https:\/\/proliquidpc.com\/fr\/wp-json\/wp\/v2\/media?parent=6575"}],"wp:term":[{"taxonomy":"product_brand","embeddable":true,"href":"https:\/\/proliquidpc.com\/fr\/wp-json\/wp\/v2\/product_brand?post=6575"},{"taxonomy":"product_cat","embeddable":true,"href":"https:\/\/proliquidpc.com\/fr\/wp-json\/wp\/v2\/product_cat?post=6575"},{"taxonomy":"product_tag","embeddable":true,"href":"https:\/\/proliquidpc.com\/fr\/wp-json\/wp\/v2\/product_tag?post=6575"}],"curies":[{"name":"wp","href":"https:\/\/api.w.org\/{rel}","templated":true}]}}