{"id":6690,"date":"2024-10-30T16:39:01","date_gmt":"2024-10-30T20:39:01","guid":{"rendered":"https:\/\/dev.proliquidpc.com\/boutique\/non%20class\u00e9\/bykski-fitting-dextension-male-femelle-b-exj-argent-075-mm\/"},"modified":"2025-09-08T03:21:27","modified_gmt":"2025-09-08T07:21:27","slug":"bykski-fitting-dextension-male-femelle-b-exj-argent-075-mm","status":"publish","type":"product","link":"https:\/\/proliquidpc.com\/fr\/boutique\/fittings\/fitting-spacer\/bykski-fitting-dextension-male-femelle-b-exj-argent-075-mm\/","title":{"rendered":"Bykski Fitting d&rsquo;extension m\u00e2le\/femelle &#8211; B-EXJ &#8211; Argent &#8211; 07,5 mm"},"content":{"rendered":"<p>Le Bykski G1\/4&Prime;in. Le Fitting d\u2019extension m\u00e2le\/femelle est utile pour \u00e9tendre un fitting afin de permettre le d\u00e9gagement et de r\u00e9soudre d\u2019autres probl\u00e8mes. Le Fitting peut \u00eatre utilis\u00e9 avec n\u2019importe quel G1\/4&Prime;in. fitting(s) filet\u00e9(s).<\/p>\n<p>Fonctionnalit\u00e9s<br \/>\nDiamant molet\u00e9<br \/>\nSp\u00e9cifications<br \/>\nFiletage : G1\/4&Prime; po.<br \/>\nHauteur (avec fil) : 12,5 mm<br \/>\nHauteur (sans fil) : 7,5 mm<br \/>\nMat\u00e9riau : Laiton<br \/>\nCompatibilit\u00e9<br \/>\nBoucle : Non-aluminium<br \/>\nPi\u00e8ces incluses<br \/>\n1x m\u00e2le\/femelle G1\/4&Prime; po. Fitting d\u2019extension<\/p>\n","protected":false},"excerpt":{"rendered":"<p>Le Bykski G1\/4&Prime;in. Le Fitting d\u2019extension m\u00e2le\/femelle est utile pour \u00e9tendre un fitting afin de permettre le d\u00e9gagement et de r\u00e9soudre d\u2019autres probl\u00e8mes. Le Fitting peut \u00eatre utilis\u00e9 avec n\u2019importe quel G1\/4&Prime;in. fitting(s) filet\u00e9(s). Fonctionnalit\u00e9s Diamant molet\u00e9 Sp\u00e9cifications Filetage : G1\/4&Prime; po. Hauteur (avec fil) : 12,5 mm Hauteur (sans fil) : 7,5 mm Mat\u00e9riau [&hellip;]<\/p>\n","protected":false},"featured_media":6691,"template":"","meta":{"_genesis_hide_title":false,"_genesis_hide_breadcrumbs":false,"_genesis_hide_singular_image":false,"_genesis_hide_footer_widgets":false,"_genesis_custom_body_class":"","_genesis_custom_post_class":"","_genesis_layout":""},"product_brand":[],"product_cat":[30,29],"product_tag":[],"class_list":{"0":"post-6690","1":"product","2":"type-product","3":"status-publish","4":"has-post-thumbnail","6":"product_cat-fitting-spacer","7":"product_cat-fittings","8":"entry","10":"first","11":"instock","12":"taxable","13":"shipping-taxable","14":"purchasable","15":"product-type-simple"},"_links":{"self":[{"href":"https:\/\/proliquidpc.com\/fr\/wp-json\/wp\/v2\/product\/6690","targetHints":{"allow":["GET"]}}],"collection":[{"href":"https:\/\/proliquidpc.com\/fr\/wp-json\/wp\/v2\/product"}],"about":[{"href":"https:\/\/proliquidpc.com\/fr\/wp-json\/wp\/v2\/types\/product"}],"wp:featuredmedia":[{"embeddable":true,"href":"https:\/\/proliquidpc.com\/fr\/wp-json\/wp\/v2\/media\/6691"}],"wp:attachment":[{"href":"https:\/\/proliquidpc.com\/fr\/wp-json\/wp\/v2\/media?parent=6690"}],"wp:term":[{"taxonomy":"product_brand","embeddable":true,"href":"https:\/\/proliquidpc.com\/fr\/wp-json\/wp\/v2\/product_brand?post=6690"},{"taxonomy":"product_cat","embeddable":true,"href":"https:\/\/proliquidpc.com\/fr\/wp-json\/wp\/v2\/product_cat?post=6690"},{"taxonomy":"product_tag","embeddable":true,"href":"https:\/\/proliquidpc.com\/fr\/wp-json\/wp\/v2\/product_tag?post=6690"}],"curies":[{"name":"wp","href":"https:\/\/api.w.org\/{rel}","templated":true}]}}