{"id":6696,"date":"2024-10-30T16:39:01","date_gmt":"2024-10-30T20:39:01","guid":{"rendered":"https:\/\/dev.proliquidpc.com\/boutique\/non%20class\u00e9\/fitting-dexpansion-bykski-sli-cf-16mm-22mm-b-expj-x-noir\/"},"modified":"2025-03-07T21:21:35","modified_gmt":"2025-03-08T02:21:35","slug":"fitting-dexpansion-bykski-sli-cf-16mm-22mm-b-expj-x-noir","status":"publish","type":"product","link":"https:\/\/proliquidpc.com\/fr\/boutique\/fittings\/fitting-spacer\/fitting-dexpansion-bykski-sli-cf-16mm-22mm-b-expj-x-noir\/","title":{"rendered":"Fitting d&rsquo;expansion Bykski SLI\/CF &#8211; 16mm-22mm &#8211; B-EXPJ-X &#8211; Noir"},"content":{"rendered":"<p>Le Fitting d&rsquo;expansion Bykski G1\/4&Prime; SLI\/CF &#8211; 16mm-22mm est utile pour combler l\u2019\u00e9cart entre les blocs GPU. Le fitting peut \u00eatre utilis\u00e9 avec n\u2019importe quel G1\/4&Prime;in. composants de fitting filet\u00e9s et peut \u00eatre ajust\u00e9 entre 16 mm et 22 mm.<\/p>\n<p>Fonctionnalit\u00e9s<br \/>\nDiamant molet\u00e9<\/p>\n<p>Sp\u00e9cifications<br \/>\nFiletage : G1\/4&Prime; po.<br \/>\nHauteur (avec fil) :Variable<br \/>\nHauteur (sans fil) :Variable<br \/>\nMat\u00e9riau : Laiton<\/p>\n<p>Compatibilit\u00e9<br \/>\nBoucle : Non-aluminium<\/p>\n<p>Pi\u00e8ces incluses<br \/>\n1x fitting Bykski G1\/4&Prime; SLI\/CF &#8211; 16mm-22mm<\/p>\n<p>Avertissements<br \/>\nNous ne sommes pas responsables des dommages caus\u00e9s par ou lors de l\u2019utilisation de ce produit.<\/p>\n","protected":false},"excerpt":{"rendered":"<p>Le Fitting d&rsquo;expansion Bykski G1\/4&Prime; SLI\/CF &#8211; 16mm-22mm est utile pour combler l\u2019\u00e9cart entre les blocs GPU. Le fitting peut \u00eatre utilis\u00e9 avec n\u2019importe quel G1\/4&Prime;in. composants de fitting filet\u00e9s et peut \u00eatre ajust\u00e9 entre 16 mm et 22 mm. Fonctionnalit\u00e9s Diamant molet\u00e9 Sp\u00e9cifications Filetage : G1\/4&Prime; po. Hauteur (avec fil) :Variable Hauteur (sans fil) [&hellip;]<\/p>\n","protected":false},"featured_media":6697,"template":"","meta":{"_genesis_hide_title":false,"_genesis_hide_breadcrumbs":false,"_genesis_hide_singular_image":false,"_genesis_hide_footer_widgets":false,"_genesis_custom_body_class":"","_genesis_custom_post_class":"","_genesis_layout":""},"product_brand":[],"product_cat":[30,29],"product_tag":[],"class_list":{"0":"post-6696","1":"product","2":"type-product","3":"status-publish","4":"has-post-thumbnail","6":"product_cat-fitting-spacer","7":"product_cat-fittings","8":"entry","10":"first","11":"instock","12":"taxable","13":"shipping-taxable","14":"purchasable","15":"product-type-simple"},"_links":{"self":[{"href":"https:\/\/proliquidpc.com\/fr\/wp-json\/wp\/v2\/product\/6696","targetHints":{"allow":["GET"]}}],"collection":[{"href":"https:\/\/proliquidpc.com\/fr\/wp-json\/wp\/v2\/product"}],"about":[{"href":"https:\/\/proliquidpc.com\/fr\/wp-json\/wp\/v2\/types\/product"}],"wp:featuredmedia":[{"embeddable":true,"href":"https:\/\/proliquidpc.com\/fr\/wp-json\/wp\/v2\/media\/6697"}],"wp:attachment":[{"href":"https:\/\/proliquidpc.com\/fr\/wp-json\/wp\/v2\/media?parent=6696"}],"wp:term":[{"taxonomy":"product_brand","embeddable":true,"href":"https:\/\/proliquidpc.com\/fr\/wp-json\/wp\/v2\/product_brand?post=6696"},{"taxonomy":"product_cat","embeddable":true,"href":"https:\/\/proliquidpc.com\/fr\/wp-json\/wp\/v2\/product_cat?post=6696"},{"taxonomy":"product_tag","embeddable":true,"href":"https:\/\/proliquidpc.com\/fr\/wp-json\/wp\/v2\/product_tag?post=6696"}],"curies":[{"name":"wp","href":"https:\/\/api.w.org\/{rel}","templated":true}]}}