{"id":6711,"date":"2024-10-30T16:40:12","date_gmt":"2024-10-30T20:40:12","guid":{"rendered":"https:\/\/dev.proliquidpc.com\/boutique\/non%20class\u00e9\/fitting-bykski-sli-cf-21mm-31mm-b-expj-x31-blanc\/"},"modified":"2025-01-19T16:29:24","modified_gmt":"2025-01-19T21:29:24","slug":"fitting-bykski-sli-cf-21mm-31mm-b-expj-x31-blanc","status":"publish","type":"product","link":"https:\/\/proliquidpc.com\/fr\/boutique\/fittings\/fitting-spacer\/fitting-bykski-sli-cf-21mm-31mm-b-expj-x31-blanc\/","title":{"rendered":"fitting Bykski SLI\/CF &#8211; 21mm-31mm B-EXPJ-X31 &#8211; Blanc"},"content":{"rendered":"<p>Le fitting Bykski G1\/4&Prime; SLI\/CF est utile pour combler l\u2019\u00e9cart entre les blocs GPU. Le fitting peut \u00eatre utilis\u00e9 avec n\u2019importe quel G1\/4&Prime;in. composants de fitting filet\u00e9 et peut \u00eatre ajust\u00e9 entre 21 mm et 31 mm.<\/p>\n<p>Fonctionnalit\u00e9s<br \/>\nDiamant molet\u00e9<\/p>\n<p>Sp\u00e9cifications<br \/>\nFiletage : G1\/4&Prime; po.<br \/>\nHauteur (avec fil) :Variable<br \/>\nHauteur (sans fil) :Variable<br \/>\nMat\u00e9riau : Laiton<\/p>\n<p>Compatibilit\u00e9<br \/>\nBoucle : Non-aluminium<\/p>\n<p>Pi\u00e8ces incluses<br \/>\n1x fitting Bykski G1\/4&Prime; SLI\/CF &#8211; 21mm-31mm<\/p>\n<p>Avertissements<br \/>\nEn raison de la finition interne, cette pi\u00e8ce peut ne pas \u00eatre compatible avec les liquides de refroidissement \u00e0 base d\u2019eau DI et n\u2019est PAS compatible avec les s\u00e9ries de liquides de refroidissement PrimoChill Opaque et VUE ! Nous ne sommes pas responsables des dommages caus\u00e9s par ou lors de l\u2019utilisation de ce produit.<\/p>\n","protected":false},"excerpt":{"rendered":"<p>Le fitting Bykski G1\/4&Prime; SLI\/CF est utile pour combler l\u2019\u00e9cart entre les blocs GPU. Le fitting peut \u00eatre utilis\u00e9 avec n\u2019importe quel G1\/4&Prime;in. composants de fitting filet\u00e9 et peut \u00eatre ajust\u00e9 entre 21 mm et 31 mm. Fonctionnalit\u00e9s Diamant molet\u00e9 Sp\u00e9cifications Filetage : G1\/4&Prime; po. Hauteur (avec fil) :Variable Hauteur (sans fil) :Variable Mat\u00e9riau : [&hellip;]<\/p>\n","protected":false},"featured_media":6712,"template":"","meta":{"_genesis_hide_title":false,"_genesis_hide_breadcrumbs":false,"_genesis_hide_singular_image":false,"_genesis_hide_footer_widgets":false,"_genesis_custom_body_class":"","_genesis_custom_post_class":"","_genesis_layout":""},"product_brand":[],"product_cat":[30,29],"product_tag":[],"class_list":{"0":"post-6711","1":"product","2":"type-product","3":"status-publish","4":"has-post-thumbnail","6":"product_cat-fitting-spacer","7":"product_cat-fittings","8":"entry","10":"first","11":"instock","12":"taxable","13":"shipping-taxable","14":"purchasable","15":"product-type-simple"},"_links":{"self":[{"href":"https:\/\/proliquidpc.com\/fr\/wp-json\/wp\/v2\/product\/6711","targetHints":{"allow":["GET"]}}],"collection":[{"href":"https:\/\/proliquidpc.com\/fr\/wp-json\/wp\/v2\/product"}],"about":[{"href":"https:\/\/proliquidpc.com\/fr\/wp-json\/wp\/v2\/types\/product"}],"wp:featuredmedia":[{"embeddable":true,"href":"https:\/\/proliquidpc.com\/fr\/wp-json\/wp\/v2\/media\/6712"}],"wp:attachment":[{"href":"https:\/\/proliquidpc.com\/fr\/wp-json\/wp\/v2\/media?parent=6711"}],"wp:term":[{"taxonomy":"product_brand","embeddable":true,"href":"https:\/\/proliquidpc.com\/fr\/wp-json\/wp\/v2\/product_brand?post=6711"},{"taxonomy":"product_cat","embeddable":true,"href":"https:\/\/proliquidpc.com\/fr\/wp-json\/wp\/v2\/product_cat?post=6711"},{"taxonomy":"product_tag","embeddable":true,"href":"https:\/\/proliquidpc.com\/fr\/wp-json\/wp\/v2\/product_tag?post=6711"}],"curies":[{"name":"wp","href":"https:\/\/api.w.org\/{rel}","templated":true}]}}