{"id":6726,"date":"2024-10-30T16:40:12","date_gmt":"2024-10-30T20:40:12","guid":{"rendered":"https:\/\/dev.proliquidpc.com\/boutique\/non%20class\u00e9\/soupape-dechappement-de-la-pression-de-bykski-b-exv-x-cd-argent\/"},"modified":"2025-03-09T17:19:36","modified_gmt":"2025-03-09T21:19:36","slug":"soupape-dechappement-de-la-pression-de-bykski-b-exv-x-cd-argent","status":"publish","type":"product","link":"https:\/\/proliquidpc.com\/fr\/boutique\/fittings\/bouchon\/soupape-dechappement-de-la-pression-de-bykski-b-exv-x-cd-argent\/","title":{"rendered":"Soupape d\u2019\u00e9chappement de la pression de Bykski &#8211; B-EXV-X  &#8211; Argent"},"content":{"rendered":"<p>La Soupape d\u2019\u00e9chappement de la pression de Bykski G1\/4&Prime; po (B-EXV-X CD) est con\u00e7ue pour att\u00e9nuer les risques associ\u00e9s \u00e0 l\u2019accumulation de pression dans votre syst\u00e8me de refroidissement. Il s\u2019agit d\u2019une mesure de s\u00e9curit\u00e9 vitale, qui permet d\u2019\u00e9viter des fuites catastrophiques qui peuvent compromettre l\u2019ensemble de votre installation. Avec ce composant remarquable en place, vous pouvez repousser en toute confiance les limites des capacit\u00e9s de refroidissement de votre syst\u00e8me sans vous soucier des dommages potentiels. Con\u00e7u dans un souci de facilit\u00e9 d\u2019utilisation, il garantit une configuration sans tracas, vous permettant de l\u2019int\u00e9grer rapidement dans votre boucle de refroidissement existante.<\/p>\n<p>Sp\u00e9cifications<br \/>\nFiletage : G1\/4&Prime; po.<br \/>\nDimensions : 21 mm x 21 mm x 15 mm<br \/>\nMat\u00e9riau du fitting : Laiton plaqu\u00e9<br \/>\nCompatibilit\u00e9<br \/>\nBoucle : Non-aluminium<br \/>\nPi\u00e8ces incluses<br \/>\n1x soupape de pression d\u2019\u00e9chappement G1\/4&Prime;in (B-EXV-X)<br \/>\nAvertissements<br \/>\nNous ne sommes pas responsables des dommages caus\u00e9s par ou lors de l\u2019utilisation de ce produit. Utilisez-le \u00e0 vos risques et p\u00e9rils.<\/p>\n","protected":false},"excerpt":{"rendered":"<p>La Soupape d\u2019\u00e9chappement de la pression de Bykski G1\/4&Prime; po (B-EXV-X CD) est con\u00e7ue pour att\u00e9nuer les risques associ\u00e9s \u00e0 l\u2019accumulation de pression dans votre syst\u00e8me de refroidissement. Il s\u2019agit d\u2019une mesure de s\u00e9curit\u00e9 vitale, qui permet d\u2019\u00e9viter des fuites catastrophiques qui peuvent compromettre l\u2019ensemble de votre installation. Avec ce composant remarquable en place, vous [&hellip;]<\/p>\n","protected":false},"featured_media":6727,"template":"","meta":{"_genesis_hide_title":false,"_genesis_hide_breadcrumbs":false,"_genesis_hide_singular_image":false,"_genesis_hide_footer_widgets":false,"_genesis_custom_body_class":"","_genesis_custom_post_class":"","_genesis_layout":""},"product_brand":[],"product_cat":[35,29],"product_tag":[],"class_list":{"0":"post-6726","1":"product","2":"type-product","3":"status-publish","4":"has-post-thumbnail","6":"product_cat-bouchon","7":"product_cat-fittings","8":"entry","10":"first","11":"instock","12":"taxable","13":"shipping-taxable","14":"purchasable","15":"product-type-simple"},"_links":{"self":[{"href":"https:\/\/proliquidpc.com\/fr\/wp-json\/wp\/v2\/product\/6726","targetHints":{"allow":["GET"]}}],"collection":[{"href":"https:\/\/proliquidpc.com\/fr\/wp-json\/wp\/v2\/product"}],"about":[{"href":"https:\/\/proliquidpc.com\/fr\/wp-json\/wp\/v2\/types\/product"}],"wp:featuredmedia":[{"embeddable":true,"href":"https:\/\/proliquidpc.com\/fr\/wp-json\/wp\/v2\/media\/6727"}],"wp:attachment":[{"href":"https:\/\/proliquidpc.com\/fr\/wp-json\/wp\/v2\/media?parent=6726"}],"wp:term":[{"taxonomy":"product_brand","embeddable":true,"href":"https:\/\/proliquidpc.com\/fr\/wp-json\/wp\/v2\/product_brand?post=6726"},{"taxonomy":"product_cat","embeddable":true,"href":"https:\/\/proliquidpc.com\/fr\/wp-json\/wp\/v2\/product_cat?post=6726"},{"taxonomy":"product_tag","embeddable":true,"href":"https:\/\/proliquidpc.com\/fr\/wp-json\/wp\/v2\/product_tag?post=6726"}],"curies":[{"name":"wp","href":"https:\/\/api.w.org\/{rel}","templated":true}]}}