{"id":6729,"date":"2024-10-30T16:40:12","date_gmt":"2024-10-30T20:40:12","guid":{"rendered":"https:\/\/dev.proliquidpc.com\/boutique\/non%20class\u00e9\/indicateur-de-debit-de-bykski-b-fmpa-v3-x\/"},"modified":"2026-03-19T11:47:03","modified_gmt":"2026-03-19T15:47:03","slug":"indicateur-de-debit-de-bykski-b-fmpa-v3-x","status":"publish","type":"product","link":"https:\/\/proliquidpc.com\/fr\/boutique\/flow-meter-capteur-de-temperature\/indicateur-de-debit-de-bykski-b-fmpa-v3-x\/","title":{"rendered":"Indicateur de d\u00e9bit de Bykski &#8211; B-FMpa-V3-X"},"content":{"rendered":"<p>L\u2019indicateur de d\u00e9bit 3 voies Bykski est de forme carr\u00e9e avec des ports sur 3 c\u00f4t\u00e9s. Cela donne une gamme d\u2019options lorsque vous int\u00e9grez dans votre boucle.<\/p>\n<p>Fonctionnalit\u00e9s<br \/>\nCouleur givr\u00e9e \/ Indicateur noir<br \/>\nMod\u00e8les d\u2019alignement multiples<\/p>\n<p>Sp\u00e9cifications<br \/>\nFiletage : G1\/4&Prime;<br \/>\nCouleur :Givr\u00e9 (Mat)<br \/>\nMat\u00e9riel : PMMA<br \/>\nMarque :Bykski<\/p>\n<p>Compatibilit\u00e9<br \/>\nBoucle : aluminium ou non-aluminium<\/p>\n<p>Pi\u00e8ces incluses<br \/>\n1x indicateur de d\u00e9bit 3 voies Bykski<br \/>\nCapuchons de port NON inclus (1 peut \u00eatre n\u00e9cessaire pour l\u2019utilisation)<\/p>\n","protected":false},"excerpt":{"rendered":"<p>L\u2019indicateur de d\u00e9bit 3 voies Bykski est de forme carr\u00e9e avec des ports sur 3 c\u00f4t\u00e9s. Cela donne une gamme d\u2019options lorsque vous int\u00e9grez dans votre boucle. Fonctionnalit\u00e9s Couleur givr\u00e9e \/ Indicateur noir Mod\u00e8les d\u2019alignement multiples Sp\u00e9cifications Filetage : G1\/4&Prime; Couleur :Givr\u00e9 (Mat) Mat\u00e9riel : PMMA Marque :Bykski Compatibilit\u00e9 Boucle : aluminium ou non-aluminium Pi\u00e8ces [&hellip;]<\/p>\n","protected":false},"featured_media":6730,"template":"","meta":{"_genesis_hide_title":false,"_genesis_hide_breadcrumbs":false,"_genesis_hide_singular_image":false,"_genesis_hide_footer_widgets":false,"_genesis_custom_body_class":"","_genesis_custom_post_class":"","_genesis_layout":""},"product_brand":[],"product_cat":[68],"product_tag":[],"class_list":{"0":"post-6729","1":"product","2":"type-product","3":"status-publish","4":"has-post-thumbnail","6":"product_cat-flow-meter-capteur-de-temperature","7":"entry","9":"first","10":"instock","11":"taxable","12":"shipping-taxable","13":"purchasable","14":"product-type-simple"},"_links":{"self":[{"href":"https:\/\/proliquidpc.com\/fr\/wp-json\/wp\/v2\/product\/6729","targetHints":{"allow":["GET"]}}],"collection":[{"href":"https:\/\/proliquidpc.com\/fr\/wp-json\/wp\/v2\/product"}],"about":[{"href":"https:\/\/proliquidpc.com\/fr\/wp-json\/wp\/v2\/types\/product"}],"wp:featuredmedia":[{"embeddable":true,"href":"https:\/\/proliquidpc.com\/fr\/wp-json\/wp\/v2\/media\/6730"}],"wp:attachment":[{"href":"https:\/\/proliquidpc.com\/fr\/wp-json\/wp\/v2\/media?parent=6729"}],"wp:term":[{"taxonomy":"product_brand","embeddable":true,"href":"https:\/\/proliquidpc.com\/fr\/wp-json\/wp\/v2\/product_brand?post=6729"},{"taxonomy":"product_cat","embeddable":true,"href":"https:\/\/proliquidpc.com\/fr\/wp-json\/wp\/v2\/product_cat?post=6729"},{"taxonomy":"product_tag","embeddable":true,"href":"https:\/\/proliquidpc.com\/fr\/wp-json\/wp\/v2\/product_tag?post=6729"}],"curies":[{"name":"wp","href":"https:\/\/api.w.org\/{rel}","templated":true}]}}