{"id":6742,"date":"2024-10-30T16:40:12","date_gmt":"2024-10-30T20:40:12","guid":{"rendered":"https:\/\/dev.proliquidpc.com\/boutique\/non%20class\u00e9\/bykski-aio-refroidisseur-cpu-liquide-integre-avec-a-rgb-360mm-b-frd360-rbw\/"},"modified":"2025-01-19T16:29:42","modified_gmt":"2025-01-19T21:29:42","slug":"bykski-aio-refroidisseur-cpu-liquide-integre-avec-a-rgb-360mm-b-frd360-rbw","status":"publish","type":"product","link":"https:\/\/proliquidpc.com\/fr\/boutique\/radiateurs\/all-in-one\/bykski-aio-refroidisseur-cpu-liquide-integre-avec-a-rgb-360mm-b-frd360-rbw\/","title":{"rendered":"Bykski AIO Refroidisseur CPU liquide int\u00e9gr\u00e9 avec A-RGB &#8211; 360mm &#8211; B-FRD360-RBW"},"content":{"rendered":"<p>La s\u00e9rie Bykski RGB AIO fait froid dans le dos ! Le refroidisseur de processeur int\u00e9gr\u00e9 Bykski B-FRD360-RBW est une collection de pompes, de blocs d\u2019eau, de radiateurs et de conduites d\u2019eau en t\u00e9flon connect\u00e9s en tant qu\u2019unit\u00e9 int\u00e9gr\u00e9e pour former un syst\u00e8me de refroidissement par eau \u00e0 circulation automatique interne complet et efficace.  Le syst\u00e8me est d\u00e9di\u00e9 au refroidissement du processeur de la carte m\u00e8re uniquement.  Le bloc CPU est une plaque de base en cuivre avec une conductivit\u00e9 thermique exceptionnelle qui comprend un RGB adressable int\u00e9gr\u00e9.  Des ventilateurs A-RGB de 120 mm assortis refroidissent le radiateur tout en \u00e9clairant votre bo\u00eetier.<\/p>\n<p>Fonctionnalit\u00e9s<br \/>\nLe meilleur savoir-faire<br \/>\n\u00c9clairage A-RGB int\u00e9gr\u00e9<br \/>\nCon\u00e7u pour s\u2019adapter aux emplacements de ventilateur standard de 120 mm<br \/>\nSp\u00e9cifications<br \/>\nMod\u00e8le :B-FRD360-RBW<br \/>\nMarque :Bykski<br \/>\nDimensions du radiateur : 394 mm x 119 mm x 27 mm<br \/>\nVitesse de la pompe :2300 RPM \u00b110%<br \/>\nType de connecteur : PWM \u00e0 4 broches<br \/>\nMat\u00e9riau du tube : T\u00e9flon<br \/>\nVentilateur : 120mm A-RGB<br \/>\nVitesse du ventilateur :400-1500 RPM \u00b110%<br \/>\nD\u00e9bit d\u2019air :64.8 CFM<br \/>\nBruit : 33,6 dBA<br \/>\nTension : ventilateur 12V \/ LED 5V<br \/>\nCompatibilit\u00e9<br \/>\nSocket AMD : AM4 \/ AM3+ \/ AM3 \/ AM2+ \/ AM2 \/ FM2+ \/ FMA2 \/ FM1<br \/>\nSocket Intel : LGA 2066 \/ 2011-v3 \/ 2011 \/ 115x \/ 1366 \/ 775<br \/>\nfittings :G1\/4&Prime; filetage<br \/>\nPi\u00e8ces incluses<br \/>\n1x bloc de refroidissement par eau CPU avec A-RGB<br \/>\n1x radiateur int\u00e9gr\u00e9 de 360 mm<br \/>\n1x support de montage AMD<br \/>\n1x support de montage Intel<br \/>\n1x jeu de mat\u00e9riel de montage (4x support \/ 8x ventilateur court \/ 8x ventilateur long)<br \/>\n3x ventilateur A-RGB LED (RBW)<br \/>\n(Avertissement : le RVB adressable (RBW) est de 5 V et est UNIQUEMENT compatible avec les composants A-RGB (RBW). RGB est 12V et est UNIQUEMENT compatible avec les composants RGB. Le m\u00e9lange et l\u2019assortiment ne fonctionneront PAS et causeront des dommages.<br \/>\nAvertissements<br \/>\nLes images secondaires montrent 2 ventilateurs et du mat\u00e9riel pour une version 240mm. L\u2019article livr\u00e9 comprend des ventilateurs et du mat\u00e9riel bas\u00e9 sur le mod\u00e8le. Le produit n\u2019inclut PAS les instructions d\u2019installation en anglais.<\/p>\n","protected":false},"excerpt":{"rendered":"<p>La s\u00e9rie Bykski RGB AIO fait froid dans le dos ! Le refroidisseur de processeur int\u00e9gr\u00e9 Bykski B-FRD360-RBW est une collection de pompes, de blocs d\u2019eau, de radiateurs et de conduites d\u2019eau en t\u00e9flon connect\u00e9s en tant qu\u2019unit\u00e9 int\u00e9gr\u00e9e pour former un syst\u00e8me de refroidissement par eau \u00e0 circulation automatique interne complet et efficace. Le [&hellip;]<\/p>\n","protected":false},"featured_media":6743,"template":"","meta":{"_genesis_hide_title":false,"_genesis_hide_breadcrumbs":false,"_genesis_hide_singular_image":false,"_genesis_hide_footer_widgets":false,"_genesis_custom_body_class":"","_genesis_custom_post_class":"","_genesis_layout":""},"product_brand":[],"product_cat":[55,23],"product_tag":[],"class_list":{"0":"post-6742","1":"product","2":"type-product","3":"status-publish","4":"has-post-thumbnail","6":"product_cat-all-in-one","7":"product_cat-radiateurs","8":"entry","10":"first","11":"instock","12":"taxable","13":"shipping-taxable","14":"purchasable","15":"product-type-simple"},"_links":{"self":[{"href":"https:\/\/proliquidpc.com\/fr\/wp-json\/wp\/v2\/product\/6742","targetHints":{"allow":["GET"]}}],"collection":[{"href":"https:\/\/proliquidpc.com\/fr\/wp-json\/wp\/v2\/product"}],"about":[{"href":"https:\/\/proliquidpc.com\/fr\/wp-json\/wp\/v2\/types\/product"}],"wp:featuredmedia":[{"embeddable":true,"href":"https:\/\/proliquidpc.com\/fr\/wp-json\/wp\/v2\/media\/6743"}],"wp:attachment":[{"href":"https:\/\/proliquidpc.com\/fr\/wp-json\/wp\/v2\/media?parent=6742"}],"wp:term":[{"taxonomy":"product_brand","embeddable":true,"href":"https:\/\/proliquidpc.com\/fr\/wp-json\/wp\/v2\/product_brand?post=6742"},{"taxonomy":"product_cat","embeddable":true,"href":"https:\/\/proliquidpc.com\/fr\/wp-json\/wp\/v2\/product_cat?post=6742"},{"taxonomy":"product_tag","embeddable":true,"href":"https:\/\/proliquidpc.com\/fr\/wp-json\/wp\/v2\/product_tag?post=6742"}],"curies":[{"name":"wp","href":"https:\/\/api.w.org\/{rel}","templated":true}]}}