{"id":6751,"date":"2024-10-30T16:40:12","date_gmt":"2024-10-30T20:40:12","guid":{"rendered":"https:\/\/dev.proliquidpc.com\/boutique\/non%20class\u00e9\/bykski-hard-fitting-14mm-od-style-engrenage-b-fsihtj-al-noir\/"},"modified":"2025-01-19T16:29:45","modified_gmt":"2025-01-19T21:29:45","slug":"bykski-hard-fitting-14mm-od-style-engrenage-b-fsihtj-al-noir","status":"publish","type":"product","link":"https:\/\/proliquidpc.com\/fr\/boutique\/fittings\/hard-fittings-14mm\/bykski-hard-fitting-14mm-od-style-engrenage-b-fsihtj-al-noir\/","title":{"rendered":"Bykski Hard Fitting 14mm OD Style Engrenage &#8211; B-FSIHTJ-AL &#8211; Noir"},"content":{"rendered":"<p>Le style d\u2019engrenages de fitting rigide Bykski 14 mm OD est utilis\u00e9 pour les tubes rigides de 14 mm de diam\u00e8tre ext\u00e9rieur. Ce fitting vous permet de connecter en toute s\u00e9curit\u00e9 le tube aux orifices de fitting filet\u00e9 G1\/4&Prime;.<\/p>\n","protected":false},"excerpt":{"rendered":"<p>Le style d\u2019engrenages de fitting rigide Bykski 14 mm OD est utilis\u00e9 pour les tubes rigides de 14 mm de diam\u00e8tre ext\u00e9rieur. Ce fitting vous permet de connecter en toute s\u00e9curit\u00e9 le tube aux orifices de fitting filet\u00e9 G1\/4&Prime;.<\/p>\n","protected":false},"featured_media":5423,"template":"","meta":{"_genesis_hide_title":false,"_genesis_hide_breadcrumbs":false,"_genesis_hide_singular_image":false,"_genesis_hide_footer_widgets":false,"_genesis_custom_body_class":"","_genesis_custom_post_class":"","_genesis_layout":""},"product_brand":[],"product_cat":[29,34],"product_tag":[],"class_list":{"0":"post-6751","1":"product","2":"type-product","3":"status-publish","4":"has-post-thumbnail","6":"product_cat-fittings","7":"product_cat-hard-fittings-14mm","8":"entry","10":"first","11":"instock","12":"taxable","13":"shipping-taxable","14":"purchasable","15":"product-type-simple"},"_links":{"self":[{"href":"https:\/\/proliquidpc.com\/fr\/wp-json\/wp\/v2\/product\/6751","targetHints":{"allow":["GET"]}}],"collection":[{"href":"https:\/\/proliquidpc.com\/fr\/wp-json\/wp\/v2\/product"}],"about":[{"href":"https:\/\/proliquidpc.com\/fr\/wp-json\/wp\/v2\/types\/product"}],"wp:featuredmedia":[{"embeddable":true,"href":"https:\/\/proliquidpc.com\/fr\/wp-json\/wp\/v2\/media\/5423"}],"wp:attachment":[{"href":"https:\/\/proliquidpc.com\/fr\/wp-json\/wp\/v2\/media?parent=6751"}],"wp:term":[{"taxonomy":"product_brand","embeddable":true,"href":"https:\/\/proliquidpc.com\/fr\/wp-json\/wp\/v2\/product_brand?post=6751"},{"taxonomy":"product_cat","embeddable":true,"href":"https:\/\/proliquidpc.com\/fr\/wp-json\/wp\/v2\/product_cat?post=6751"},{"taxonomy":"product_tag","embeddable":true,"href":"https:\/\/proliquidpc.com\/fr\/wp-json\/wp\/v2\/product_tag?post=6751"}],"curies":[{"name":"wp","href":"https:\/\/api.w.org\/{rel}","templated":true}]}}