{"id":6752,"date":"2024-10-30T16:40:12","date_gmt":"2024-10-30T20:40:12","guid":{"rendered":"https:\/\/dev.proliquidpc.com\/boutique\/non%20class\u00e9\/bykski-hard-fitting-14mm-od-b-fthtj-l14-noir\/"},"modified":"2025-01-19T16:29:48","modified_gmt":"2025-01-19T21:29:48","slug":"bykski-hard-fitting-14mm-od-b-fthtj-l14-noir","status":"publish","type":"product","link":"https:\/\/proliquidpc.com\/fr\/boutique\/fittings\/hard-fittings-14mm\/bykski-hard-fitting-14mm-od-b-fthtj-l14-noir\/","title":{"rendered":"Bykski Hard Fitting 14mm OD &#8211; B-FTHTJ-L14 &#8211; Noir"},"content":{"rendered":"<p>Le fitting Bykski Anti-Off Rigid 14mm OD est utilis\u00e9 pour les tubes rigides de 14mm de diam\u00e8tre ext\u00e9rieur. Ce fitting vous permet de connecter en toute s\u00e9curit\u00e9 le tube aux orifices de fitting filet\u00e9 G1\/4&Prime;. Le silicium int\u00e9gr\u00e9 est utilis\u00e9 pour cr\u00e9er une connexion incroyablement solide qui peut supporter des charges allant jusqu\u2019\u00e0 15 kg.<\/p>\n<p>Fonctionnalit\u00e9s<br \/>\nG1\/4&Prime; po. Fil<br \/>\nSp\u00e9cifications<br \/>\nMod\u00e8le :B-FTHTJ-L14<br \/>\nMarque :Bykski<br \/>\nCompatibilit\u00e9<br \/>\nBoucle : Non-aluminium<br \/>\nTube compatible : diam\u00e8tre ext\u00e9rieur de 14 mm (PETG\/acrylique\/m\u00e9tal)<br \/>\nPi\u00e8ces incluses<br \/>\n1x fitting rigide anti-off Bykski 14mm OD<br \/>\nAvertissements<br \/>\nNous ne sommes pas responsables des dommages caus\u00e9s par ou lors de l\u2019utilisation de ce produit.<\/p>\n","protected":false},"excerpt":{"rendered":"<p>Le fitting Bykski Anti-Off Rigid 14mm OD est utilis\u00e9 pour les tubes rigides de 14mm de diam\u00e8tre ext\u00e9rieur. Ce fitting vous permet de connecter en toute s\u00e9curit\u00e9 le tube aux orifices de fitting filet\u00e9 G1\/4&Prime;. Le silicium int\u00e9gr\u00e9 est utilis\u00e9 pour cr\u00e9er une connexion incroyablement solide qui peut supporter des charges allant jusqu\u2019\u00e0 15 kg. [&hellip;]<\/p>\n","protected":false},"featured_media":6753,"template":"","meta":{"_genesis_hide_title":false,"_genesis_hide_breadcrumbs":false,"_genesis_hide_singular_image":false,"_genesis_hide_footer_widgets":false,"_genesis_custom_body_class":"","_genesis_custom_post_class":"","_genesis_layout":""},"product_brand":[],"product_cat":[29,34],"product_tag":[],"class_list":{"0":"post-6752","1":"product","2":"type-product","3":"status-publish","4":"has-post-thumbnail","6":"product_cat-fittings","7":"product_cat-hard-fittings-14mm","8":"entry","10":"first","11":"outofstock","12":"taxable","13":"shipping-taxable","14":"purchasable","15":"product-type-simple"},"_links":{"self":[{"href":"https:\/\/proliquidpc.com\/fr\/wp-json\/wp\/v2\/product\/6752","targetHints":{"allow":["GET"]}}],"collection":[{"href":"https:\/\/proliquidpc.com\/fr\/wp-json\/wp\/v2\/product"}],"about":[{"href":"https:\/\/proliquidpc.com\/fr\/wp-json\/wp\/v2\/types\/product"}],"wp:featuredmedia":[{"embeddable":true,"href":"https:\/\/proliquidpc.com\/fr\/wp-json\/wp\/v2\/media\/6753"}],"wp:attachment":[{"href":"https:\/\/proliquidpc.com\/fr\/wp-json\/wp\/v2\/media?parent=6752"}],"wp:term":[{"taxonomy":"product_brand","embeddable":true,"href":"https:\/\/proliquidpc.com\/fr\/wp-json\/wp\/v2\/product_brand?post=6752"},{"taxonomy":"product_cat","embeddable":true,"href":"https:\/\/proliquidpc.com\/fr\/wp-json\/wp\/v2\/product_cat?post=6752"},{"taxonomy":"product_tag","embeddable":true,"href":"https:\/\/proliquidpc.com\/fr\/wp-json\/wp\/v2\/product_tag?post=6752"}],"curies":[{"name":"wp","href":"https:\/\/api.w.org\/{rel}","templated":true}]}}