{"id":6763,"date":"2024-10-30T16:40:12","date_gmt":"2024-10-30T20:40:12","guid":{"rendered":"https:\/\/dev.proliquidpc.com\/boutique\/non%20class\u00e9\/support-universel-en-aluminium-pour-gpu-bykski-b-gpu-bt\/"},"modified":"2025-01-19T16:29:50","modified_gmt":"2025-01-19T21:29:50","slug":"support-universel-en-aluminium-pour-gpu-bykski-b-gpu-bt","status":"publish","type":"product","link":"https:\/\/proliquidpc.com\/fr\/boutique\/supports\/support-universel-en-aluminium-pour-gpu-bykski-b-gpu-bt\/","title":{"rendered":"Support universel en aluminium pour GPU Bykski &#8211; B-GPU-BT"},"content":{"rendered":"<p>Le support universel en aluminium pour GPU Bykski ajoute un troisi\u00e8me c\u00f4t\u00e9 de support pour votre carte vid\u00e9o. Cela att\u00e9nue la courbure ou la pression vers le bas sur votre carte. Ce support est un must have pour les plates-formes qui se d\u00e9placent r\u00e9guli\u00e8rement.<\/p>\n<p>Fonctionnalit\u00e9s<br \/>\nFonctionne pour les cartes refroidies \u00e0 l\u2019air et \u00e0 l\u2019eau<br \/>\nSp\u00e9cifications<br \/>\nLongueur : 250 mm<br \/>\nLargeur : 33 mm<\/p>\n<p>Compatibilit\u00e9<br \/>\nS\u2019adapte \u00e0 la plupart des cartes vid\u00e9o en utilisant le mod\u00e8le de montage du bo\u00eetier d\u00e9j\u00e0 disponible sur les emplacements d\u2019extension.<\/p>\n","protected":false},"excerpt":{"rendered":"<p>Le support universel en aluminium pour GPU Bykski ajoute un troisi\u00e8me c\u00f4t\u00e9 de support pour votre carte vid\u00e9o. Cela att\u00e9nue la courbure ou la pression vers le bas sur votre carte. Ce support est un must have pour les plates-formes qui se d\u00e9placent r\u00e9guli\u00e8rement. Fonctionnalit\u00e9s Fonctionne pour les cartes refroidies \u00e0 l\u2019air et \u00e0 l\u2019eau [&hellip;]<\/p>\n","protected":false},"featured_media":6764,"template":"","meta":{"_genesis_hide_title":false,"_genesis_hide_breadcrumbs":false,"_genesis_hide_singular_image":false,"_genesis_hide_footer_widgets":false,"_genesis_custom_body_class":"","_genesis_custom_post_class":"","_genesis_layout":""},"product_brand":[],"product_cat":[53],"product_tag":[],"class_list":{"0":"post-6763","1":"product","2":"type-product","3":"status-publish","4":"has-post-thumbnail","6":"product_cat-supports","7":"entry","9":"first","10":"instock","11":"taxable","12":"shipping-taxable","13":"purchasable","14":"product-type-simple"},"_links":{"self":[{"href":"https:\/\/proliquidpc.com\/fr\/wp-json\/wp\/v2\/product\/6763","targetHints":{"allow":["GET"]}}],"collection":[{"href":"https:\/\/proliquidpc.com\/fr\/wp-json\/wp\/v2\/product"}],"about":[{"href":"https:\/\/proliquidpc.com\/fr\/wp-json\/wp\/v2\/types\/product"}],"wp:featuredmedia":[{"embeddable":true,"href":"https:\/\/proliquidpc.com\/fr\/wp-json\/wp\/v2\/media\/6764"}],"wp:attachment":[{"href":"https:\/\/proliquidpc.com\/fr\/wp-json\/wp\/v2\/media?parent=6763"}],"wp:term":[{"taxonomy":"product_brand","embeddable":true,"href":"https:\/\/proliquidpc.com\/fr\/wp-json\/wp\/v2\/product_brand?post=6763"},{"taxonomy":"product_cat","embeddable":true,"href":"https:\/\/proliquidpc.com\/fr\/wp-json\/wp\/v2\/product_cat?post=6763"},{"taxonomy":"product_tag","embeddable":true,"href":"https:\/\/proliquidpc.com\/fr\/wp-json\/wp\/v2\/product_tag?post=6763"}],"curies":[{"name":"wp","href":"https:\/\/api.w.org\/{rel}","templated":true}]}}