{"id":6768,"date":"2024-10-30T16:40:12","date_gmt":"2024-10-30T20:40:12","guid":{"rendered":"https:\/\/dev.proliquidpc.com\/boutique\/non%20class\u00e9\/pad-thermique-bykski-b-grp-gpu-1-2mm\/"},"modified":"2025-01-19T16:29:53","modified_gmt":"2025-01-19T21:29:53","slug":"pad-thermique-bykski-b-grp-gpu-1-2mm","status":"publish","type":"product","link":"https:\/\/proliquidpc.com\/fr\/boutique\/pate-thermique\/pad-thermique-bykski-b-grp-gpu-1-2mm\/","title":{"rendered":"Pad thermique Bykski &#8211; B-GRP &#8211; GPU 1.2mm"},"content":{"rendered":"<p>Les Bykski Thermal Pad sont les m\u00eames que ceux utilis\u00e9s pour monter des blocs GPU Bykski plus r\u00e9cents. Reportez-vous au manuel d\u2019installation, \u00e0 la liste des blocs d\u2019eau sp\u00e9cifiques ou contactez-nous si vous n\u2019\u00eates pas s\u00fbr de la taille utilis\u00e9e par votre bloc.<\/p>\n<p>Dimensions : 100 x 14 x 1,2 mm<\/p>\n","protected":false},"excerpt":{"rendered":"<p>Les Bykski Thermal Pad sont les m\u00eames que ceux utilis\u00e9s pour monter des blocs GPU Bykski plus r\u00e9cents. Reportez-vous au manuel d\u2019installation, \u00e0 la liste des blocs d\u2019eau sp\u00e9cifiques ou contactez-nous si vous n\u2019\u00eates pas s\u00fbr de la taille utilis\u00e9e par votre bloc. Dimensions : 100 x 14 x 1,2 mm<\/p>\n","protected":false},"featured_media":6769,"template":"","meta":{"_genesis_hide_title":false,"_genesis_hide_breadcrumbs":false,"_genesis_hide_singular_image":false,"_genesis_hide_footer_widgets":false,"_genesis_custom_body_class":"","_genesis_custom_post_class":"","_genesis_layout":""},"product_brand":[],"product_cat":[72],"product_tag":[],"class_list":{"0":"post-6768","1":"product","2":"type-product","3":"status-publish","4":"has-post-thumbnail","6":"product_cat-pate-thermique","7":"entry","9":"first","10":"instock","11":"taxable","12":"shipping-taxable","13":"purchasable","14":"product-type-simple"},"_links":{"self":[{"href":"https:\/\/proliquidpc.com\/fr\/wp-json\/wp\/v2\/product\/6768","targetHints":{"allow":["GET"]}}],"collection":[{"href":"https:\/\/proliquidpc.com\/fr\/wp-json\/wp\/v2\/product"}],"about":[{"href":"https:\/\/proliquidpc.com\/fr\/wp-json\/wp\/v2\/types\/product"}],"wp:featuredmedia":[{"embeddable":true,"href":"https:\/\/proliquidpc.com\/fr\/wp-json\/wp\/v2\/media\/6769"}],"wp:attachment":[{"href":"https:\/\/proliquidpc.com\/fr\/wp-json\/wp\/v2\/media?parent=6768"}],"wp:term":[{"taxonomy":"product_brand","embeddable":true,"href":"https:\/\/proliquidpc.com\/fr\/wp-json\/wp\/v2\/product_brand?post=6768"},{"taxonomy":"product_cat","embeddable":true,"href":"https:\/\/proliquidpc.com\/fr\/wp-json\/wp\/v2\/product_cat?post=6768"},{"taxonomy":"product_tag","embeddable":true,"href":"https:\/\/proliquidpc.com\/fr\/wp-json\/wp\/v2\/product_tag?post=6768"}],"curies":[{"name":"wp","href":"https:\/\/api.w.org\/{rel}","templated":true}]}}