{"id":6771,"date":"2024-10-30T16:40:12","date_gmt":"2024-10-30T20:40:12","guid":{"rendered":"https:\/\/dev.proliquidpc.com\/boutique\/non%20class\u00e9\/outil-de-cintrage-bykski-b-hdtool-14-mm\/"},"modified":"2025-03-09T21:29:51","modified_gmt":"2025-03-10T01:29:51","slug":"outil-de-cintrage-bykski-b-hdtool-14-mm","status":"publish","type":"product","link":"https:\/\/proliquidpc.com\/fr\/boutique\/outils\/outil-de-cintrage-bykski-b-hdtool-14-mm\/","title":{"rendered":"Outil de cintrage Bykski &#8211; B-HDTOOL &#8211; 14 mm"},"content":{"rendered":"<p>Maintenant, faire des coudes personnalis\u00e9s avec des tubes rigides ne pourrait pas \u00eatre plus facile. Avec le kit de pliage \u00e0 45\/90\/180 degr\u00e9s de tubes rigides Bykski &#8211; 14 mm de diam\u00e8tre ext\u00e9rieur, vous pouvez effectuer des plis coh\u00e9rents \u00e0 chaque fois ! Une fois que votre tube est chauff\u00e9, vous pouvez mouler le tube \u00e0 l\u2019aide de cet outil de cintrage pour des angles de n\u2019importe quelle taille. Ces outils ont des trous de montage qui vous permettent de le monter sur une surface dure pour un poste de travail plus permanent.<\/p>\n<p>Fonctionnalit\u00e9s<br \/>\nFonctionne avec 14 mm<br \/>\nCon\u00e7u pour des virages parfaits<br \/>\nSp\u00e9cifications<br \/>\nCompatibilit\u00e9<br \/>\nTaille : tube rigide de 14 mm de diam\u00e8tre ext\u00e9rieur<br \/>\nMat\u00e9riau : PETG, PMMA, cuivre<br \/>\nPi\u00e8ces incluses<br \/>\n1x Outil de pliage \u00e0 45 degr\u00e9s pour tubes rigides Bykski &#8211; 14 mm OD<br \/>\n1x Outil de pliage \u00e0 90 degr\u00e9s pour tube rigide Bykski &#8211; 14 mm OD<br \/>\n1x Outil de pliage \u00e0 180 degr\u00e9s pour tube rigide Bykski &#8211; 14 mm OD<br \/>\nAvertissements<br \/>\nEntra\u00eenez-vous \u00e0 utiliser l\u2019outil de pliage sur des d\u00e9chets rigides jusqu\u2019\u00e0 ce que vous sachiez comment l\u2019utiliser au mieux !<\/p>\n<p>Nous ne sommes pas responsables des dommages caus\u00e9s par ou lors de l\u2019utilisation de ce produit. Veuillez utiliser \u00e0 vos risques et p\u00e9rils.<\/p>\n","protected":false},"excerpt":{"rendered":"<p>Maintenant, faire des coudes personnalis\u00e9s avec des tubes rigides ne pourrait pas \u00eatre plus facile. Avec le kit de pliage \u00e0 45\/90\/180 degr\u00e9s de tubes rigides Bykski &#8211; 14 mm de diam\u00e8tre ext\u00e9rieur, vous pouvez effectuer des plis coh\u00e9rents \u00e0 chaque fois ! Une fois que votre tube est chauff\u00e9, vous pouvez mouler le tube [&hellip;]<\/p>\n","protected":false},"featured_media":6772,"template":"","meta":{"_genesis_hide_title":false,"_genesis_hide_breadcrumbs":false,"_genesis_hide_singular_image":false,"_genesis_hide_footer_widgets":false,"_genesis_custom_body_class":"","_genesis_custom_post_class":"","_genesis_layout":""},"product_brand":[],"product_cat":[44],"product_tag":[],"class_list":{"0":"post-6771","1":"product","2":"type-product","3":"status-publish","4":"has-post-thumbnail","6":"product_cat-outils","7":"entry","9":"first","10":"instock","11":"taxable","12":"shipping-taxable","13":"purchasable","14":"product-type-simple"},"_links":{"self":[{"href":"https:\/\/proliquidpc.com\/fr\/wp-json\/wp\/v2\/product\/6771","targetHints":{"allow":["GET"]}}],"collection":[{"href":"https:\/\/proliquidpc.com\/fr\/wp-json\/wp\/v2\/product"}],"about":[{"href":"https:\/\/proliquidpc.com\/fr\/wp-json\/wp\/v2\/types\/product"}],"wp:featuredmedia":[{"embeddable":true,"href":"https:\/\/proliquidpc.com\/fr\/wp-json\/wp\/v2\/media\/6772"}],"wp:attachment":[{"href":"https:\/\/proliquidpc.com\/fr\/wp-json\/wp\/v2\/media?parent=6771"}],"wp:term":[{"taxonomy":"product_brand","embeddable":true,"href":"https:\/\/proliquidpc.com\/fr\/wp-json\/wp\/v2\/product_brand?post=6771"},{"taxonomy":"product_cat","embeddable":true,"href":"https:\/\/proliquidpc.com\/fr\/wp-json\/wp\/v2\/product_cat?post=6771"},{"taxonomy":"product_tag","embeddable":true,"href":"https:\/\/proliquidpc.com\/fr\/wp-json\/wp\/v2\/product_tag?post=6771"}],"curies":[{"name":"wp","href":"https:\/\/api.w.org\/{rel}","templated":true}]}}