{"id":6782,"date":"2024-10-30T16:40:12","date_gmt":"2024-10-30T20:40:12","guid":{"rendered":"https:\/\/dev.proliquidpc.com\/boutique\/non%20class\u00e9\/bykski-b-hdtool-pc-outil-de-pliage-en-acrylique-pour-16mm-de-diametre-b-hdtool16\/"},"modified":"2025-01-19T16:29:57","modified_gmt":"2025-01-19T21:29:57","slug":"bykski-b-hdtool-pc-outil-de-pliage-en-acrylique-pour-16mm-de-diametre-b-hdtool16","status":"publish","type":"product","link":"https:\/\/proliquidpc.com\/fr\/boutique\/outils\/bykski-b-hdtool-pc-outil-de-pliage-en-acrylique-pour-16mm-de-diametre-b-hdtool16\/","title":{"rendered":"Bykski B-HDTOOL-PC Outil de pliage en acrylique pour 16mm de diam\u00e8tre &#8211; B-HDTOOL16"},"content":{"rendered":"<p>Le pliage de tubes durs n\u2019a jamais \u00e9t\u00e9 aussi facile ; Le kit en 3 pi\u00e8ces de vous permet de plier facilement votre tube&#8230; Chauffez le tube et faites des courbes et des angles pr\u00e9cis !<\/p>\n<p>Id\u00e9al pour les tubes en acrylique et en PETG.<\/p>\n","protected":false},"excerpt":{"rendered":"<p>Le pliage de tubes durs n\u2019a jamais \u00e9t\u00e9 aussi facile ; Le kit en 3 pi\u00e8ces de vous permet de plier facilement votre tube&#8230; Chauffez le tube et faites des courbes et des angles pr\u00e9cis ! Id\u00e9al pour les tubes en acrylique et en PETG.<\/p>\n","protected":false},"featured_media":6772,"template":"","meta":{"_genesis_hide_title":false,"_genesis_hide_breadcrumbs":false,"_genesis_hide_singular_image":false,"_genesis_hide_footer_widgets":false,"_genesis_custom_body_class":"","_genesis_custom_post_class":"","_genesis_layout":""},"product_brand":[],"product_cat":[44],"product_tag":[],"class_list":{"0":"post-6782","1":"product","2":"type-product","3":"status-publish","4":"has-post-thumbnail","6":"product_cat-outils","7":"entry","9":"first","10":"instock","11":"taxable","12":"shipping-taxable","13":"purchasable","14":"product-type-simple"},"_links":{"self":[{"href":"https:\/\/proliquidpc.com\/fr\/wp-json\/wp\/v2\/product\/6782","targetHints":{"allow":["GET"]}}],"collection":[{"href":"https:\/\/proliquidpc.com\/fr\/wp-json\/wp\/v2\/product"}],"about":[{"href":"https:\/\/proliquidpc.com\/fr\/wp-json\/wp\/v2\/types\/product"}],"wp:featuredmedia":[{"embeddable":true,"href":"https:\/\/proliquidpc.com\/fr\/wp-json\/wp\/v2\/media\/6772"}],"wp:attachment":[{"href":"https:\/\/proliquidpc.com\/fr\/wp-json\/wp\/v2\/media?parent=6782"}],"wp:term":[{"taxonomy":"product_brand","embeddable":true,"href":"https:\/\/proliquidpc.com\/fr\/wp-json\/wp\/v2\/product_brand?post=6782"},{"taxonomy":"product_cat","embeddable":true,"href":"https:\/\/proliquidpc.com\/fr\/wp-json\/wp\/v2\/product_cat?post=6782"},{"taxonomy":"product_tag","embeddable":true,"href":"https:\/\/proliquidpc.com\/fr\/wp-json\/wp\/v2\/product_tag?post=6782"}],"curies":[{"name":"wp","href":"https:\/\/api.w.org\/{rel}","templated":true}]}}