{"id":6798,"date":"2024-10-30T16:41:28","date_gmt":"2024-10-30T20:41:28","guid":{"rendered":"https:\/\/dev.proliquidpc.com\/boutique\/non%20class\u00e9\/bykski-hard-fitting-16mm-od-b-htj-l16-argent\/"},"modified":"2025-01-19T16:30:14","modified_gmt":"2025-01-19T21:30:14","slug":"bykski-hard-fitting-16mm-od-b-htj-l16-argent","status":"publish","type":"product","link":"https:\/\/proliquidpc.com\/fr\/boutique\/fittings\/hard-fittings-16mm\/bykski-hard-fitting-16mm-od-b-htj-l16-argent\/","title":{"rendered":"Bykski Hard fitting 16mm OD &#8211; B-HTJ-L16 &#8211; Argent"},"content":{"rendered":"<p>Le fitting Bykski Rigid 16mm OD est utilis\u00e9 pour les tubes rigides de 16mm de diam\u00e8tre ext\u00e9rieur. Ce fitting vous permet de connecter en toute s\u00e9curit\u00e9 le tube aux orifices de fitting filet\u00e9 G1\/4&Prime;.<\/p>\n<p>Fonctionnalit\u00e9s<br \/>\nG1\/4&Prime; po. Fil<br \/>\nSp\u00e9cifications<br \/>\nMod\u00e8le : B-HTJ-L16<br \/>\nMarque : Bykski<br \/>\nCompatibilit\u00e9<br \/>\nBoucle : Non-aluminium<br \/>\nTube compatible : diam\u00e8tre ext\u00e9rieur de 16 mm (PETG\/acrylique\/m\u00e9tal)<br \/>\nPi\u00e8ces incluses<br \/>\n1x fitting Bykski Rigid 16mm OD<br \/>\nAvertissements<br \/>\nNous ne sommes pas responsables des dommages caus\u00e9s par ou lors de l\u2019utilisation de ce produit.<\/p>\n","protected":false},"excerpt":{"rendered":"<p>Le fitting Bykski Rigid 16mm OD est utilis\u00e9 pour les tubes rigides de 16mm de diam\u00e8tre ext\u00e9rieur. Ce fitting vous permet de connecter en toute s\u00e9curit\u00e9 le tube aux orifices de fitting filet\u00e9 G1\/4&Prime;. Fonctionnalit\u00e9s G1\/4&Prime; po. Fil Sp\u00e9cifications Mod\u00e8le : B-HTJ-L16 Marque : Bykski Compatibilit\u00e9 Boucle : Non-aluminium Tube compatible : diam\u00e8tre ext\u00e9rieur de [&hellip;]<\/p>\n","protected":false},"featured_media":6799,"template":"","meta":{"_genesis_hide_title":false,"_genesis_hide_breadcrumbs":false,"_genesis_hide_singular_image":false,"_genesis_hide_footer_widgets":false,"_genesis_custom_body_class":"","_genesis_custom_post_class":"","_genesis_layout":""},"product_brand":[],"product_cat":[29,61],"product_tag":[],"class_list":{"0":"post-6798","1":"product","2":"type-product","3":"status-publish","4":"has-post-thumbnail","6":"product_cat-fittings","7":"product_cat-hard-fittings-16mm","8":"entry","10":"first","11":"instock","12":"taxable","13":"shipping-taxable","14":"purchasable","15":"product-type-simple"},"_links":{"self":[{"href":"https:\/\/proliquidpc.com\/fr\/wp-json\/wp\/v2\/product\/6798","targetHints":{"allow":["GET"]}}],"collection":[{"href":"https:\/\/proliquidpc.com\/fr\/wp-json\/wp\/v2\/product"}],"about":[{"href":"https:\/\/proliquidpc.com\/fr\/wp-json\/wp\/v2\/types\/product"}],"wp:featuredmedia":[{"embeddable":true,"href":"https:\/\/proliquidpc.com\/fr\/wp-json\/wp\/v2\/media\/6799"}],"wp:attachment":[{"href":"https:\/\/proliquidpc.com\/fr\/wp-json\/wp\/v2\/media?parent=6798"}],"wp:term":[{"taxonomy":"product_brand","embeddable":true,"href":"https:\/\/proliquidpc.com\/fr\/wp-json\/wp\/v2\/product_brand?post=6798"},{"taxonomy":"product_cat","embeddable":true,"href":"https:\/\/proliquidpc.com\/fr\/wp-json\/wp\/v2\/product_cat?post=6798"},{"taxonomy":"product_tag","embeddable":true,"href":"https:\/\/proliquidpc.com\/fr\/wp-json\/wp\/v2\/product_tag?post=6798"}],"curies":[{"name":"wp","href":"https:\/\/api.w.org\/{rel}","templated":true}]}}