{"id":6819,"date":"2024-10-30T16:41:28","date_gmt":"2024-10-30T20:41:28","guid":{"rendered":"https:\/\/dev.proliquidpc.com\/boutique\/non%20class\u00e9\/module-de-pont-de-connexion-bykski-dual-gpu-60mm-sli-cf-version-3-b-l6-2way-x-v3\/"},"modified":"2025-11-04T15:27:04","modified_gmt":"2025-11-04T20:27:04","slug":"module-de-pont-de-connexion-bykski-dual-gpu-60mm-sli-cf-version-3-b-l6-2way-x-v3","status":"publish","type":"product","link":"https:\/\/proliquidpc.com\/fr\/boutique\/gpu-waterblock\/module-de-pont-de-connexion-bykski-dual-gpu-60mm-sli-cf-version-3-b-l6-2way-x-v3\/","title":{"rendered":"Module de pont de connexion Bykski Dual GPU 60mm SLI\/CF Version 3 &#8211; B-L6-2WAY-X-V3"},"content":{"rendered":"<h3><strong>Module de pont de connexion Bykski pour double GPU \u2013 60 mm SLI\/CF \u2013 Version 3 \u2013 B-L6-2WAY-X-V3<\/strong><\/h3>\n<p>Le <strong>module de pont de connexion Bykski<\/strong> permet de relier <strong>deux blocs GPU<\/strong> espac\u00e9s de <strong>60 mm<\/strong>, cr\u00e9ant ainsi un bloc unique. Cela am\u00e9liore la <strong>rigidit\u00e9 et la stabilit\u00e9<\/strong> des cartes graphiques tout en <strong>\u00e9liminant le besoin de tuyaux ou de raccords<\/strong> entre les blocs.<\/p>\n<hr \/>\n<h3><strong>Caract\u00e9ristiques<\/strong><\/h3>\n<ul>\n<li><strong>Mat\u00e9riau<\/strong> : PMMA (acrylique transparent)<\/li>\n<li><strong>Filetage<\/strong> : G1\/4&Prime; (standard pour les syst\u00e8mes de watercooling)<\/li>\n<li><strong>Espacement PCI-E<\/strong> : 60 mm<\/li>\n<li><strong>Ports<\/strong> : 4 ports disponibles (2 n\u00e9cessaires pour l\u2019utilisation, des bouchons peuvent \u00eatre requis selon la configuration)<\/li>\n<\/ul>\n<hr \/>\n<h3><strong>Compatibilit\u00e9<\/strong><\/h3>\n<ul>\n<li><strong>Blocs GPU<\/strong> : 2 blocs de marque Bykski<\/li>\n<li><strong>Syst\u00e8mes multi-GPU<\/strong> : NVIDIA SLI \/ AMD CrossFire<\/li>\n<li><strong>Attention<\/strong> : selon la disposition de la carte m\u00e8re, le module peut bloquer les slots entre les cartes<\/li>\n<\/ul>\n<hr \/>\n<h3><strong>Inclus<\/strong><\/h3>\n<ul>\n<li>1x Module de pont de connexion Bykski Dual GPU 60 mm SLI\/CF \u2013 Version 3<\/li>\n<li><strong>Raccords de bouchage non inclus<\/strong><\/li>\n<\/ul>\n<hr \/>\n<h3><strong>Avertissements<\/strong><\/h3>\n<ul>\n<li>Utilisation \u00e0 vos risques et p\u00e9rils.<\/li>\n<li>Bykski <strong>n\u2019est pas responsable des dommages mat\u00e9riels<\/strong> caus\u00e9s par ou lors de l\u2019utilisation du produit.<\/li>\n<\/ul>\n","protected":false},"excerpt":{"rendered":"<p>Module de pont de connexion Bykski pour double GPU \u2013 60 mm SLI\/CF \u2013 Version 3 \u2013 B-L6-2WAY-X-V3 Le module de pont de connexion Bykski permet de relier deux blocs GPU espac\u00e9s de 60 mm, cr\u00e9ant ainsi un bloc unique. Cela am\u00e9liore la rigidit\u00e9 et la stabilit\u00e9 des cartes graphiques tout en \u00e9liminant le besoin [&hellip;]<\/p>\n","protected":false},"featured_media":11158,"template":"","meta":{"_genesis_hide_title":false,"_genesis_hide_breadcrumbs":false,"_genesis_hide_singular_image":false,"_genesis_hide_footer_widgets":false,"_genesis_custom_body_class":"","_genesis_custom_post_class":"","_genesis_layout":""},"product_brand":[],"product_cat":[38],"product_tag":[],"class_list":{"0":"post-6819","1":"product","2":"type-product","3":"status-publish","4":"has-post-thumbnail","6":"product_cat-gpu-waterblock","7":"entry","9":"first","10":"instock","11":"taxable","12":"shipping-taxable","13":"purchasable","14":"product-type-simple"},"_links":{"self":[{"href":"https:\/\/proliquidpc.com\/fr\/wp-json\/wp\/v2\/product\/6819","targetHints":{"allow":["GET"]}}],"collection":[{"href":"https:\/\/proliquidpc.com\/fr\/wp-json\/wp\/v2\/product"}],"about":[{"href":"https:\/\/proliquidpc.com\/fr\/wp-json\/wp\/v2\/types\/product"}],"wp:featuredmedia":[{"embeddable":true,"href":"https:\/\/proliquidpc.com\/fr\/wp-json\/wp\/v2\/media\/11158"}],"wp:attachment":[{"href":"https:\/\/proliquidpc.com\/fr\/wp-json\/wp\/v2\/media?parent=6819"}],"wp:term":[{"taxonomy":"product_brand","embeddable":true,"href":"https:\/\/proliquidpc.com\/fr\/wp-json\/wp\/v2\/product_brand?post=6819"},{"taxonomy":"product_cat","embeddable":true,"href":"https:\/\/proliquidpc.com\/fr\/wp-json\/wp\/v2\/product_cat?post=6819"},{"taxonomy":"product_tag","embeddable":true,"href":"https:\/\/proliquidpc.com\/fr\/wp-json\/wp\/v2\/product_tag?post=6819"}],"curies":[{"name":"wp","href":"https:\/\/api.w.org\/{rel}","templated":true}]}}