{"id":6831,"date":"2024-10-30T16:41:28","date_gmt":"2024-10-30T20:41:28","guid":{"rendered":"https:\/\/dev.proliquidpc.com\/boutique\/non%20class\u00e9\/bykski-hard-fitting-avec-rgb-adressable-rbw-b-ltjt-x-argent\/"},"modified":"2025-03-10T03:08:21","modified_gmt":"2025-03-10T07:08:21","slug":"bykski-hard-fitting-avec-rgb-adressable-rbw-b-ltjt-x-argent","status":"publish","type":"product","link":"https:\/\/proliquidpc.com\/fr\/boutique\/fittings\/hard-fittings-14mm\/bykski-hard-fitting-avec-rgb-adressable-rbw-b-ltjt-x-argent\/","title":{"rendered":"Bykski Hard fitting 14MM avec RGB ADRESSABLE (RBW) &#8211; B-LTJT-X &#8211; Argent"},"content":{"rendered":"<p>Le fitting Bykski Rigid 10 mm ID x 14 mm OD avec RGB adressable (RBW) est utilis\u00e9 pour les tubes rigides de 10 mm de diam\u00e8tre int\u00e9rieur x 14 mm de diam\u00e8tre ext\u00e9rieur. En raison de l\u2019\u00e9tanch\u00e9it\u00e9 int\u00e9rieure et ext\u00e9rieure, le fitting ne fonctionne que sur des tubes 10&#215;14. De l\u00e9g\u00e8res variations dans l\u2019ID et le OD du tube peuvent emp\u00eacher l\u2019\u00e9tanch\u00e9it\u00e9 correcte du fitting. Ce fitting vous permet de connecter en toute s\u00e9curit\u00e9 des tubes aux ports de fitting filet\u00e9 G1\/4&Prime; et dispose d\u2019une LED RGB adressable int\u00e9gr\u00e9e.<\/p>\n<p>Fonctionnalit\u00e9s<br \/>\nFiletage G1\/4&Prime;<br \/>\nSp\u00e9cifications<br \/>\nMod\u00e8le : B-LTJT-X<br \/>\nMarque : Bykski<br \/>\nAlimentation : 5v Bykski 3-pin RBW<br \/>\nCompatibilit\u00e9<br \/>\nBoucle : Non-aluminium<br \/>\nTube compatible : tube rigide de 10 mm de diam\u00e8tre int\u00e9rieur x 14 mm de diam\u00e8tre ext\u00e9rieur (PETG\/acrylique)<br \/>\nContr\u00f4leurs et adaptateurs : B-RBW-C8-V3 et plus r\u00e9cents, B-TR-1T016-K<br \/>\nPi\u00e8ces incluses<br \/>\n1x fitting Bykski Rigid 10 mm ID x 14 mm OD avec RGB adressable (RBW)<\/p>\n","protected":false},"excerpt":{"rendered":"<p>Le fitting Bykski Rigid 10 mm ID x 14 mm OD avec RGB adressable (RBW) est utilis\u00e9 pour les tubes rigides de 10 mm de diam\u00e8tre int\u00e9rieur x 14 mm de diam\u00e8tre ext\u00e9rieur. En raison de l\u2019\u00e9tanch\u00e9it\u00e9 int\u00e9rieure et ext\u00e9rieure, le fitting ne fonctionne que sur des tubes 10&#215;14. De l\u00e9g\u00e8res variations dans l\u2019ID et [&hellip;]<\/p>\n","protected":false},"featured_media":6832,"template":"","meta":{"_genesis_hide_title":false,"_genesis_hide_breadcrumbs":false,"_genesis_hide_singular_image":false,"_genesis_hide_footer_widgets":false,"_genesis_custom_body_class":"","_genesis_custom_post_class":"","_genesis_layout":""},"product_brand":[],"product_cat":[29,34],"product_tag":[],"class_list":{"0":"post-6831","1":"product","2":"type-product","3":"status-publish","4":"has-post-thumbnail","6":"product_cat-fittings","7":"product_cat-hard-fittings-14mm","8":"entry","10":"first","11":"instock","12":"taxable","13":"shipping-taxable","14":"purchasable","15":"product-type-simple"},"_links":{"self":[{"href":"https:\/\/proliquidpc.com\/fr\/wp-json\/wp\/v2\/product\/6831","targetHints":{"allow":["GET"]}}],"collection":[{"href":"https:\/\/proliquidpc.com\/fr\/wp-json\/wp\/v2\/product"}],"about":[{"href":"https:\/\/proliquidpc.com\/fr\/wp-json\/wp\/v2\/types\/product"}],"wp:featuredmedia":[{"embeddable":true,"href":"https:\/\/proliquidpc.com\/fr\/wp-json\/wp\/v2\/media\/6832"}],"wp:attachment":[{"href":"https:\/\/proliquidpc.com\/fr\/wp-json\/wp\/v2\/media?parent=6831"}],"wp:term":[{"taxonomy":"product_brand","embeddable":true,"href":"https:\/\/proliquidpc.com\/fr\/wp-json\/wp\/v2\/product_brand?post=6831"},{"taxonomy":"product_cat","embeddable":true,"href":"https:\/\/proliquidpc.com\/fr\/wp-json\/wp\/v2\/product_cat?post=6831"},{"taxonomy":"product_tag","embeddable":true,"href":"https:\/\/proliquidpc.com\/fr\/wp-json\/wp\/v2\/product_tag?post=6831"}],"curies":[{"name":"wp","href":"https:\/\/api.w.org\/{rel}","templated":true}]}}