{"id":6836,"date":"2024-10-30T16:41:28","date_gmt":"2024-10-30T20:41:28","guid":{"rendered":"https:\/\/dev.proliquidpc.com\/boutique\/non%20class\u00e9\/bykski-1-a-10-rgb-12v-repartiteur-dalimentation-b-mbdt-1to10\/"},"modified":"2025-02-22T15:03:33","modified_gmt":"2025-02-22T20:03:33","slug":"bykski-1-a-10-rgb-5v-repartiteur-dalimentation-b-mbdt-1to10","status":"publish","type":"product","link":"https:\/\/proliquidpc.com\/fr\/boutique\/led-controleurs\/5-volt\/bykski-1-a-10-rgb-5v-repartiteur-dalimentation-b-mbdt-1to10\/","title":{"rendered":"Bykski 1 \u00e0 10 RGB 5V R\u00e9partiteur d&rsquo;alimentation &#8211; B-MBDT-1TO10-A-RGB"},"content":{"rendered":"<p>Le R\u00e9partiteur d&rsquo;alimentation Bykski 1 \u00e0 10 5v A-RGB vous permet d\u2019\u00e9tendre l\u2019en-t\u00eate LED de votre carte m\u00e8re 5v.<\/p>\n<p>Fonctionnalit\u00e9s<br \/>\nConvertit l\u2019en-t\u00eate LED d\u2019une seule carte m\u00e8re en 9<br \/>\nVous permet d\u2019\u00e9tendre la fonction de synchronisation de la carte m\u00e8re<br \/>\nInt\u00e9grez vos ventilateurs compatibles, vos blocs d\u2019eau, etc.<br \/>\nSp\u00e9cifications<br \/>\nMod\u00e8le : B-MBDT-1TO10-A-RGB<br \/>\nMarque : Bykski<br \/>\nTension : 5V uniquement<br \/>\nCompatibilit\u00e9<br \/>\nType de LED : 5V A-RGB (RBW)<br \/>\nPi\u00e8ces incluses<br \/>\n1x bus d\u2019extension<br \/>\n1x c\u00e2ble de synchronisation 5V<br \/>\nAvertissements<br \/>\nLorsque le c\u00e2ble de synchronisation 5V est correctement connect\u00e9, le Hub ne peut se connecter qu\u2019au composant d\u2019\u00e9clairage du produit 5V (RBW) correspondant.<\/p>\n<p>Nous ne sommes pas responsables des dommages caus\u00e9s par ou lors de l\u2019utilisation de ce produit. Veuillez l\u2019utiliser \u00e0 vos risques et p\u00e9rils.<\/p>\n","protected":false},"excerpt":{"rendered":"<p>Le R\u00e9partiteur d&rsquo;alimentation Bykski 1 \u00e0 10 5v A-RGB vous permet d\u2019\u00e9tendre l\u2019en-t\u00eate LED de votre carte m\u00e8re 5v. Fonctionnalit\u00e9s Convertit l\u2019en-t\u00eate LED d\u2019une seule carte m\u00e8re en 9 Vous permet d\u2019\u00e9tendre la fonction de synchronisation de la carte m\u00e8re Int\u00e9grez vos ventilateurs compatibles, vos blocs d\u2019eau, etc. Sp\u00e9cifications Mod\u00e8le : B-MBDT-1TO10-A-RGB Marque : Bykski [&hellip;]<\/p>\n","protected":false},"featured_media":6837,"template":"","meta":{"_genesis_hide_title":false,"_genesis_hide_breadcrumbs":false,"_genesis_hide_singular_image":false,"_genesis_hide_footer_widgets":false,"_genesis_custom_body_class":"","_genesis_custom_post_class":"","_genesis_layout":""},"product_brand":[],"product_cat":[26,25],"product_tag":[],"class_list":{"0":"post-6836","1":"product","2":"type-product","3":"status-publish","4":"has-post-thumbnail","6":"product_cat-5-volt","7":"product_cat-led-controleurs","8":"entry","10":"first","11":"instock","12":"taxable","13":"shipping-taxable","14":"purchasable","15":"product-type-simple"},"_links":{"self":[{"href":"https:\/\/proliquidpc.com\/fr\/wp-json\/wp\/v2\/product\/6836","targetHints":{"allow":["GET"]}}],"collection":[{"href":"https:\/\/proliquidpc.com\/fr\/wp-json\/wp\/v2\/product"}],"about":[{"href":"https:\/\/proliquidpc.com\/fr\/wp-json\/wp\/v2\/types\/product"}],"wp:featuredmedia":[{"embeddable":true,"href":"https:\/\/proliquidpc.com\/fr\/wp-json\/wp\/v2\/media\/6837"}],"wp:attachment":[{"href":"https:\/\/proliquidpc.com\/fr\/wp-json\/wp\/v2\/media?parent=6836"}],"wp:term":[{"taxonomy":"product_brand","embeddable":true,"href":"https:\/\/proliquidpc.com\/fr\/wp-json\/wp\/v2\/product_brand?post=6836"},{"taxonomy":"product_cat","embeddable":true,"href":"https:\/\/proliquidpc.com\/fr\/wp-json\/wp\/v2\/product_cat?post=6836"},{"taxonomy":"product_tag","embeddable":true,"href":"https:\/\/proliquidpc.com\/fr\/wp-json\/wp\/v2\/product_tag?post=6836"}],"curies":[{"name":"wp","href":"https:\/\/api.w.org\/{rel}","templated":true}]}}