{"id":6859,"date":"2024-10-30T16:41:28","date_gmt":"2024-10-30T20:41:28","guid":{"rendered":"https:\/\/dev.proliquidpc.com\/boutique\/non%20class\u00e9\/hard-tubing-en-metal-bykski-laiton-galvanise-14mm-od-300mm-b-mtpp300-argent\/"},"modified":"2025-01-19T16:30:46","modified_gmt":"2025-01-19T21:30:46","slug":"hard-tubing-en-metal-bykski-laiton-galvanise-14mm-od-300mm-b-mtpp300-argent","status":"publish","type":"product","link":"https:\/\/proliquidpc.com\/fr\/boutique\/tubing\/hard-tubing-metal\/hard-tubing-en-metal-bykski-laiton-galvanise-14mm-od-300mm-b-mtpp300-argent\/","title":{"rendered":"Hard tubing en m\u00e9tal Bykski &#8211; Laiton galvanis\u00e9 &#8211; 14mm OD &#8211; 300mm &#8211; B-MTPP300 &#8211; Argent"},"content":{"rendered":"<p>Le tube rigide en m\u00e9tal Bykski est un mat\u00e9riau en laiton galvanis\u00e9, ce qui le rend extr\u00eamement dur. Il se pr\u00e9sente sous la forme d\u2019une ligne droite qui a une forte r\u00e9sistance \u00e0 la corrosion. Ce tube n\u2019est pas destin\u00e9 \u00e0 \u00eatre pli\u00e9. Nous avons constat\u00e9 que ce tube peut \u00eatre utilis\u00e9 avec une grande efficacit\u00e9 comme syst\u00e8me de distribution de votre liquide de refroidissement lors de l\u2019utilisation de conduites droites pour vos tubes durs. Le m\u00e9tal ajout\u00e9 dans votre syst\u00e8me ne peut pas faire de mal \u00e0 faire baisser les temp\u00e9ratures lors de la transition entre les composants. En absorbant la chaleur du liquide de refroidissement, le tube peut dissiper cette chaleur facilement avec n\u2019importe quel type de flux d\u2019air interne moyen dans votre ch\u00e2ssis. <\/p>\n<p>Fonctionnalit\u00e9s<br \/>\nSurface polie<br \/>\nBonus suppl\u00e9mentaire de dissipation de chaleur<br \/>\nSp\u00e9cifications<br \/>\nSp\u00e9cifications<br \/>\nIndice de temp\u00e9rament :Dur<br \/>\nMat\u00e9riel : Laiton<br \/>\nTaille du tube : 12 mm de diam\u00e8tre int\u00e9rieur \/ 14 mm de diam\u00e8tre ext\u00e9rieur<br \/>\n\u00c9paisseur de la paroi : 2 mm<\/p>\n<p>Compatibilit\u00e9<br \/>\nfittings : tous les fittings rigides de 14 mm de diam\u00e8tre ext\u00e9rieur<br \/>\nPi\u00e8ces incluses<\/p>\n<p>Avertissements<br \/>\nIl s\u2019agit d\u2019un produit pour les utilisateurs AVANC\u00c9S !<br \/>\nNous ne sommes pas responsables des dommages caus\u00e9s par ou lors de l\u2019utilisation de ce produit. Veuillez utiliser \u00e0 vos risques et p\u00e9rils.<\/p>\n<p>Installation<br \/>\nLa coupe doit \u00eatre effectu\u00e9e avec les outils appropri\u00e9s. Le non-respect de cette consigne peut entra\u00eener des extr\u00e9mit\u00e9s non uniformes, entra\u00eenant des fuites et un d\u00e9faut d\u2019\u00e9tanch\u00e9it\u00e9.<\/p>\n","protected":false},"excerpt":{"rendered":"<p>Le tube rigide en m\u00e9tal Bykski est un mat\u00e9riau en laiton galvanis\u00e9, ce qui le rend extr\u00eamement dur. Il se pr\u00e9sente sous la forme d\u2019une ligne droite qui a une forte r\u00e9sistance \u00e0 la corrosion. Ce tube n\u2019est pas destin\u00e9 \u00e0 \u00eatre pli\u00e9. Nous avons constat\u00e9 que ce tube peut \u00eatre utilis\u00e9 avec une grande [&hellip;]<\/p>\n","protected":false},"featured_media":6860,"template":"","meta":{"_genesis_hide_title":false,"_genesis_hide_breadcrumbs":false,"_genesis_hide_singular_image":false,"_genesis_hide_footer_widgets":false,"_genesis_custom_body_class":"","_genesis_custom_post_class":"","_genesis_layout":""},"product_brand":[],"product_cat":[64,27],"product_tag":[],"class_list":{"0":"post-6859","1":"product","2":"type-product","3":"status-publish","4":"has-post-thumbnail","6":"product_cat-hard-tubing-metal","7":"product_cat-tubing","8":"entry","10":"first","11":"instock","12":"taxable","13":"shipping-taxable","14":"purchasable","15":"product-type-simple"},"_links":{"self":[{"href":"https:\/\/proliquidpc.com\/fr\/wp-json\/wp\/v2\/product\/6859","targetHints":{"allow":["GET"]}}],"collection":[{"href":"https:\/\/proliquidpc.com\/fr\/wp-json\/wp\/v2\/product"}],"about":[{"href":"https:\/\/proliquidpc.com\/fr\/wp-json\/wp\/v2\/types\/product"}],"wp:featuredmedia":[{"embeddable":true,"href":"https:\/\/proliquidpc.com\/fr\/wp-json\/wp\/v2\/media\/6860"}],"wp:attachment":[{"href":"https:\/\/proliquidpc.com\/fr\/wp-json\/wp\/v2\/media?parent=6859"}],"wp:term":[{"taxonomy":"product_brand","embeddable":true,"href":"https:\/\/proliquidpc.com\/fr\/wp-json\/wp\/v2\/product_brand?post=6859"},{"taxonomy":"product_cat","embeddable":true,"href":"https:\/\/proliquidpc.com\/fr\/wp-json\/wp\/v2\/product_cat?post=6859"},{"taxonomy":"product_tag","embeddable":true,"href":"https:\/\/proliquidpc.com\/fr\/wp-json\/wp\/v2\/product_tag?post=6859"}],"curies":[{"name":"wp","href":"https:\/\/api.w.org\/{rel}","templated":true}]}}