{"id":6866,"date":"2024-10-30T16:41:28","date_gmt":"2024-10-30T20:41:28","guid":{"rendered":"https:\/\/dev.proliquidpc.com\/boutique\/non%20class\u00e9\/armure-de-disque-dur-en-aluminium-ssd-bykski-m-2-b-nvme-ct-argent\/"},"modified":"2025-01-19T16:30:49","modified_gmt":"2025-01-19T21:30:49","slug":"armure-de-disque-dur-en-aluminium-ssd-bykski-m-2-b-nvme-ct-argent","status":"publish","type":"product","link":"https:\/\/proliquidpc.com\/fr\/boutique\/autres-waterblock\/hdd-m-2\/armure-de-disque-dur-en-aluminium-ssd-bykski-m-2-b-nvme-ct-argent\/","title":{"rendered":"Armure de disque dur en aluminium SSD Bykski M.2 &#8211; B-NVME-CT &#8211; Argent"},"content":{"rendered":"<p>L\u2019armure de disque dur en aluminium Bykski M.2 SSD est soigneusement usin\u00e9e selon des sp\u00e9cifications qui permettent \u00e0 l\u2019utilisateur de se fixer sur un disque SSD M.2.<\/p>\n<p>La conception en aluminium enveloppe compl\u00e8tement le lecteur et le prot\u00e8ge tout en lui donnant un aspect fini \u00e9pur\u00e9.<\/p>\n<p>Fonctionnalit\u00e9s<br \/>\nFinition anodis\u00e9e noire<br \/>\nFacile \u00e0 installer<br \/>\nSp\u00e9cifications<br \/>\nDisque dur : SSD M.2<br \/>\nMat\u00e9riau : Aluminium<br \/>\nCouleur : Noir<br \/>\nPi\u00e8ces incluses<br \/>\n1x armure de disque dur en aluminium SSD M.2 (haut et bas)<br \/>\nVis d\u2019assemblage<br \/>\nMat\u00e9riau thermique<\/p>\n","protected":false},"excerpt":{"rendered":"<p>L\u2019armure de disque dur en aluminium Bykski M.2 SSD est soigneusement usin\u00e9e selon des sp\u00e9cifications qui permettent \u00e0 l\u2019utilisateur de se fixer sur un disque SSD M.2. La conception en aluminium enveloppe compl\u00e8tement le lecteur et le prot\u00e8ge tout en lui donnant un aspect fini \u00e9pur\u00e9. Fonctionnalit\u00e9s Finition anodis\u00e9e noire Facile \u00e0 installer Sp\u00e9cifications Disque [&hellip;]<\/p>\n","protected":false},"featured_media":6867,"template":"","meta":{"_genesis_hide_title":false,"_genesis_hide_breadcrumbs":false,"_genesis_hide_singular_image":false,"_genesis_hide_footer_widgets":false,"_genesis_custom_body_class":"","_genesis_custom_post_class":"","_genesis_layout":""},"product_brand":[],"product_cat":[63,62],"product_tag":[],"class_list":{"0":"post-6866","1":"product","2":"type-product","3":"status-publish","4":"has-post-thumbnail","6":"product_cat-hdd-m-2","7":"product_cat-autres-waterblock","8":"entry","10":"first","11":"instock","12":"taxable","13":"shipping-taxable","14":"purchasable","15":"product-type-simple"},"_links":{"self":[{"href":"https:\/\/proliquidpc.com\/fr\/wp-json\/wp\/v2\/product\/6866","targetHints":{"allow":["GET"]}}],"collection":[{"href":"https:\/\/proliquidpc.com\/fr\/wp-json\/wp\/v2\/product"}],"about":[{"href":"https:\/\/proliquidpc.com\/fr\/wp-json\/wp\/v2\/types\/product"}],"wp:featuredmedia":[{"embeddable":true,"href":"https:\/\/proliquidpc.com\/fr\/wp-json\/wp\/v2\/media\/6867"}],"wp:attachment":[{"href":"https:\/\/proliquidpc.com\/fr\/wp-json\/wp\/v2\/media?parent=6866"}],"wp:term":[{"taxonomy":"product_brand","embeddable":true,"href":"https:\/\/proliquidpc.com\/fr\/wp-json\/wp\/v2\/product_brand?post=6866"},{"taxonomy":"product_cat","embeddable":true,"href":"https:\/\/proliquidpc.com\/fr\/wp-json\/wp\/v2\/product_cat?post=6866"},{"taxonomy":"product_tag","embeddable":true,"href":"https:\/\/proliquidpc.com\/fr\/wp-json\/wp\/v2\/product_tag?post=6866"}],"curies":[{"name":"wp","href":"https:\/\/api.w.org\/{rel}","templated":true}]}}