{"id":6879,"date":"2024-10-30T16:41:28","date_gmt":"2024-10-30T20:41:28","guid":{"rendered":"https:\/\/dev.proliquidpc.com\/boutique\/non%20class\u00e9\/connecteur-bykski-pci-slot-pass-through-dual-g1-4-femelle-a-femelle-pour-refroidissement-externe-b-pci-em-x\/"},"modified":"2025-03-10T02:44:19","modified_gmt":"2025-03-10T06:44:19","slug":"connecteur-bykski-pci-slot-pass-through-dual-g1-4-femelle-a-femelle-pour-refroidissement-externe-b-pci-em-x","status":"publish","type":"product","link":"https:\/\/proliquidpc.com\/fr\/boutique\/fittings\/bouchon\/connecteur-bykski-pci-slot-pass-through-dual-g1-4-femelle-a-femelle-pour-refroidissement-externe-b-pci-em-x\/","title":{"rendered":"Connecteur Bykski PCI Slot Pass Through Dual G1\/4&Prime; femelle \u00e0 femelle pour refroidissement externe (B-PCI-EM-X)"},"content":{"rendered":"<p>Pr\u00e9sentation du connecteur Bykski PCI Slot Pass Through Dual G1\/4&Prime; femelle \u00e0 femelle pour le refroidissement externe, une solution pratique pour int\u00e9grer sans effort des boucles de refroidissement externes dans votre PC refroidi \u00e0 l\u2019eau. Avec cet accessoire, vous pouvez facilement obtenir un refroidissement optimal pour les mini-tours ou les bo\u00eetiers avec un espace limit\u00e9 pour les grands radiateurs, en veillant \u00e0 ce que vos composants re\u00e7oivent le refroidissement qu\u2019ils m\u00e9ritent. Faites l\u2019exp\u00e9rience d\u2019un processus d\u2019assemblage et d\u2019installation sans probl\u00e8me en utilisant simplement un emplacement PCI vide disponible. Dites adieu aux complications et profitez facilement des performances de refroidissement am\u00e9lior\u00e9es.<\/p>\n<p>Fonctionnalit\u00e9s<br \/>\nConception \u00e0 profil bas<br \/>\nCon\u00e7u pour s\u2019adapter \u00e0 la norme G1\/4&Prime; po. fittings filet\u00e9s<br \/>\nSp\u00e9cifications<br \/>\nMod\u00e8le : B-PCI-EM-X<br \/>\nMarque : Bykski<br \/>\nMat\u00e9riau : Laiton<br \/>\nCompatibilit\u00e9<br \/>\nEmplacement pour bo\u00eetier PCI pour le routage de boucles externes.<br \/>\nPi\u00e8ces incluses<br \/>\n1x Bykski PCI Slot Pass Through Dual G1\/4&Prime; Connecteur femelle \u00e0 femelle pour refroidissement externe<\/p>\n","protected":false},"excerpt":{"rendered":"<p>Pr\u00e9sentation du connecteur Bykski PCI Slot Pass Through Dual G1\/4&Prime; femelle \u00e0 femelle pour le refroidissement externe, une solution pratique pour int\u00e9grer sans effort des boucles de refroidissement externes dans votre PC refroidi \u00e0 l\u2019eau. Avec cet accessoire, vous pouvez facilement obtenir un refroidissement optimal pour les mini-tours ou les bo\u00eetiers avec un espace limit\u00e9 [&hellip;]<\/p>\n","protected":false},"featured_media":6880,"template":"","meta":{"_genesis_hide_title":false,"_genesis_hide_breadcrumbs":false,"_genesis_hide_singular_image":false,"_genesis_hide_footer_widgets":false,"_genesis_custom_body_class":"","_genesis_custom_post_class":"","_genesis_layout":""},"product_brand":[],"product_cat":[35,29],"product_tag":[],"class_list":{"0":"post-6879","1":"product","2":"type-product","3":"status-publish","4":"has-post-thumbnail","6":"product_cat-bouchon","7":"product_cat-fittings","8":"entry","10":"first","11":"outofstock","12":"taxable","13":"shipping-taxable","14":"purchasable","15":"product-type-simple"},"_links":{"self":[{"href":"https:\/\/proliquidpc.com\/fr\/wp-json\/wp\/v2\/product\/6879","targetHints":{"allow":["GET"]}}],"collection":[{"href":"https:\/\/proliquidpc.com\/fr\/wp-json\/wp\/v2\/product"}],"about":[{"href":"https:\/\/proliquidpc.com\/fr\/wp-json\/wp\/v2\/types\/product"}],"wp:featuredmedia":[{"embeddable":true,"href":"https:\/\/proliquidpc.com\/fr\/wp-json\/wp\/v2\/media\/6880"}],"wp:attachment":[{"href":"https:\/\/proliquidpc.com\/fr\/wp-json\/wp\/v2\/media?parent=6879"}],"wp:term":[{"taxonomy":"product_brand","embeddable":true,"href":"https:\/\/proliquidpc.com\/fr\/wp-json\/wp\/v2\/product_brand?post=6879"},{"taxonomy":"product_cat","embeddable":true,"href":"https:\/\/proliquidpc.com\/fr\/wp-json\/wp\/v2\/product_cat?post=6879"},{"taxonomy":"product_tag","embeddable":true,"href":"https:\/\/proliquidpc.com\/fr\/wp-json\/wp\/v2\/product_tag?post=6879"}],"curies":[{"name":"wp","href":"https:\/\/api.w.org\/{rel}","templated":true}]}}