{"id":6900,"date":"2024-10-30T16:41:28","date_gmt":"2024-10-30T20:41:28","guid":{"rendered":"https:\/\/dev.proliquidpc.com\/boutique\/non%20class\u00e9\/bykski-g1-4-po-bouchon-darret-molete-b-pd5-dg-argent\/"},"modified":"2025-03-10T02:47:13","modified_gmt":"2025-03-10T06:47:13","slug":"bykski-g1-4-po-bouchon-darret-molete-b-pd5-dg-argent","status":"publish","type":"product","link":"https:\/\/proliquidpc.com\/fr\/boutique\/fittings\/bouchon\/bykski-g1-4-po-bouchon-darret-molete-b-pd5-dg-argent\/","title":{"rendered":"Bykski G1\/4&Prime; po. Bouchon d&rsquo;arr\u00eat molet\u00e9 &#8211; B-PD5-DG &#8211; argent"},"content":{"rendered":"<p>Ceux-ci sont utilis\u00e9s pour fermer les connexions de fitting inutilis\u00e9es sur des composants tels que les plaques de distribution et les r\u00e9servoirs.<\/p>\n<p>Sp\u00e9cifications<br \/>\nMat\u00e9riel : Laiton galvanis\u00e9<br \/>\nFiletage : G1\/4&Prime; po.<br \/>\nLogo Bykski : Emboss\u00e9<br \/>\nCompatibilit\u00e9<br \/>\nBoucle : Non-aluminium<br \/>\nPi\u00e8ces incluses<br \/>\n1x Bykski G1\/4&Prime; po. Bouchon molet\u00e9<br \/>\n1x joint torique d\u2019\u00e9tanch\u00e9it\u00e9<br \/>\nAvertissements<br \/>\nUn serrage excessif est inutile et entra\u00eenera un retrait difficile.<br \/>\nEn raison de la finition interne, cette pi\u00e8ce peut ne pas \u00eatre compatible avec les liquides de refroidissement \u00e0 base d\u2019eau DI et n\u2019est PAS compatible avec les s\u00e9ries de liquides de refroidissement PrimoChill Opaque et VUE ! Nous ne sommes pas responsables des dommages caus\u00e9s par ou lors de l\u2019utilisation de ce produit. Utilisez-le \u00e0 vos risques et p\u00e9rils.<\/p>\n","protected":false},"excerpt":{"rendered":"<p>Ceux-ci sont utilis\u00e9s pour fermer les connexions de fitting inutilis\u00e9es sur des composants tels que les plaques de distribution et les r\u00e9servoirs. Sp\u00e9cifications Mat\u00e9riel : Laiton galvanis\u00e9 Filetage : G1\/4&Prime; po. Logo Bykski : Emboss\u00e9 Compatibilit\u00e9 Boucle : Non-aluminium Pi\u00e8ces incluses 1x Bykski G1\/4&Prime; po. Bouchon molet\u00e9 1x joint torique d\u2019\u00e9tanch\u00e9it\u00e9 Avertissements Un serrage excessif [&hellip;]<\/p>\n","protected":false},"featured_media":6901,"template":"","meta":{"_genesis_hide_title":false,"_genesis_hide_breadcrumbs":false,"_genesis_hide_singular_image":false,"_genesis_hide_footer_widgets":false,"_genesis_custom_body_class":"","_genesis_custom_post_class":"","_genesis_layout":""},"product_brand":[],"product_cat":[35,29],"product_tag":[],"class_list":{"0":"post-6900","1":"product","2":"type-product","3":"status-publish","4":"has-post-thumbnail","6":"product_cat-bouchon","7":"product_cat-fittings","8":"entry","10":"first","11":"instock","12":"taxable","13":"shipping-taxable","14":"purchasable","15":"product-type-simple"},"_links":{"self":[{"href":"https:\/\/proliquidpc.com\/fr\/wp-json\/wp\/v2\/product\/6900","targetHints":{"allow":["GET"]}}],"collection":[{"href":"https:\/\/proliquidpc.com\/fr\/wp-json\/wp\/v2\/product"}],"about":[{"href":"https:\/\/proliquidpc.com\/fr\/wp-json\/wp\/v2\/types\/product"}],"wp:featuredmedia":[{"embeddable":true,"href":"https:\/\/proliquidpc.com\/fr\/wp-json\/wp\/v2\/media\/6901"}],"wp:attachment":[{"href":"https:\/\/proliquidpc.com\/fr\/wp-json\/wp\/v2\/media?parent=6900"}],"wp:term":[{"taxonomy":"product_brand","embeddable":true,"href":"https:\/\/proliquidpc.com\/fr\/wp-json\/wp\/v2\/product_brand?post=6900"},{"taxonomy":"product_cat","embeddable":true,"href":"https:\/\/proliquidpc.com\/fr\/wp-json\/wp\/v2\/product_cat?post=6900"},{"taxonomy":"product_tag","embeddable":true,"href":"https:\/\/proliquidpc.com\/fr\/wp-json\/wp\/v2\/product_tag?post=6900"}],"curies":[{"name":"wp","href":"https:\/\/api.w.org\/{rel}","templated":true}]}}