{"id":6903,"date":"2024-10-30T16:41:28","date_gmt":"2024-10-30T20:41:28","guid":{"rendered":"https:\/\/dev.proliquidpc.com\/boutique\/non%20class\u00e9\/bouchon-capteur-de-temperature-de-bykski-b-pd5-tmr-noir\/"},"modified":"2025-03-10T03:57:54","modified_gmt":"2025-03-10T07:57:54","slug":"bouchon-capteur-de-temperature-de-bykski-b-pd5-tmr-noir","status":"publish","type":"product","link":"https:\/\/proliquidpc.com\/fr\/boutique\/flow-meter-capteur-de-temperature\/bouchon-capteur-de-temperature-de-bykski-b-pd5-tmr-noir\/","title":{"rendered":"Bouchon Capteur de temp\u00e9rature de Bykski &#8211; B-PD5-TMR &#8211; Noir"},"content":{"rendered":"<p>Le capteur de temp\u00e9rature de montage d\u2019arr\u00eat agit comme une prise d\u2019arr\u00eat normale fermant le filetage G1\/4&Prime; inutilis\u00e9. En plus de fermer le port, le fitting dispose d\u2019un capteur de temp\u00e9rature int\u00e9gr\u00e9 menant \u00e0 un connecteur \u00e0 2 broches.<\/p>\n<p>Fonctionnalit\u00e9s<br \/>\nCouleur enti\u00e8rement noire<br \/>\nFiletage standard G1\/4&Prime;<br \/>\nConnecteur \u00e0 2 broches compatible avec la plupart des cartes m\u00e8res et des p\u00e9riph\u00e9riques de surveillance<\/p>\n<p>Sp\u00e9cifications<br \/>\nMod\u00e8le : B-PD5-TMR<br \/>\nMarque : Bykski<br \/>\nFiletage : G1\/4&Prime;<br \/>\nLongueur du c\u00e2ble : 500 mm<\/p>\n<p>Pi\u00e8ces incluses<br \/>\n1x Capteur de temp\u00e9rature Bykski Stop Fitting &#8211; 2 broches (B-PD5-TMR)<\/p>\n<p>Avertissements<br \/>\nNous ne sommes pas responsables des dommages caus\u00e9s par ou lors de l\u2019utilisation de ce produit.<\/p>\n","protected":false},"excerpt":{"rendered":"<p>Le capteur de temp\u00e9rature de montage d\u2019arr\u00eat agit comme une prise d\u2019arr\u00eat normale fermant le filetage G1\/4&Prime; inutilis\u00e9. En plus de fermer le port, le fitting dispose d\u2019un capteur de temp\u00e9rature int\u00e9gr\u00e9 menant \u00e0 un connecteur \u00e0 2 broches. Fonctionnalit\u00e9s Couleur enti\u00e8rement noire Filetage standard G1\/4&Prime; Connecteur \u00e0 2 broches compatible avec la plupart des [&hellip;]<\/p>\n","protected":false},"featured_media":6904,"template":"","meta":{"_genesis_hide_title":false,"_genesis_hide_breadcrumbs":false,"_genesis_hide_singular_image":false,"_genesis_hide_footer_widgets":false,"_genesis_custom_body_class":"","_genesis_custom_post_class":"","_genesis_layout":""},"product_brand":[],"product_cat":[68],"product_tag":[],"class_list":{"0":"post-6903","1":"product","2":"type-product","3":"status-publish","4":"has-post-thumbnail","6":"product_cat-flow-meter-capteur-de-temperature","7":"entry","9":"first","10":"instock","11":"taxable","12":"shipping-taxable","13":"purchasable","14":"product-type-simple"},"_links":{"self":[{"href":"https:\/\/proliquidpc.com\/fr\/wp-json\/wp\/v2\/product\/6903","targetHints":{"allow":["GET"]}}],"collection":[{"href":"https:\/\/proliquidpc.com\/fr\/wp-json\/wp\/v2\/product"}],"about":[{"href":"https:\/\/proliquidpc.com\/fr\/wp-json\/wp\/v2\/types\/product"}],"wp:featuredmedia":[{"embeddable":true,"href":"https:\/\/proliquidpc.com\/fr\/wp-json\/wp\/v2\/media\/6904"}],"wp:attachment":[{"href":"https:\/\/proliquidpc.com\/fr\/wp-json\/wp\/v2\/media?parent=6903"}],"wp:term":[{"taxonomy":"product_brand","embeddable":true,"href":"https:\/\/proliquidpc.com\/fr\/wp-json\/wp\/v2\/product_brand?post=6903"},{"taxonomy":"product_cat","embeddable":true,"href":"https:\/\/proliquidpc.com\/fr\/wp-json\/wp\/v2\/product_cat?post=6903"},{"taxonomy":"product_tag","embeddable":true,"href":"https:\/\/proliquidpc.com\/fr\/wp-json\/wp\/v2\/product_tag?post=6903"}],"curies":[{"name":"wp","href":"https:\/\/api.w.org\/{rel}","templated":true}]}}