{"id":6920,"date":"2024-10-30T16:42:43","date_gmt":"2024-10-30T20:42:43","guid":{"rendered":"https:\/\/dev.proliquidpc.com\/boutique\/non%20class\u00e9\/tube-petg-bykski-8-12mm-b-petg12wp-transparent\/"},"modified":"2025-10-23T01:34:55","modified_gmt":"2025-10-23T05:34:55","slug":"tube-petg-bykski-8-12mm-b-petg12wp-transparent","status":"publish","type":"product","link":"https:\/\/proliquidpc.com\/fr\/boutique\/tubing\/hard-tubing-petg\/tube-petg-bykski-8-12mm-b-petg12wp-transparent\/","title":{"rendered":"Tube PETG Bykski 8\/12mm &#8211; B-PETG12WP &#8211; Transparent"},"content":{"rendered":"<p>Le tube rigide Bykski PETG est un excellent choix pour tous les constructeurs de niveau de comp\u00e9tence et constitue une alternative parfaite aux tubes acryliques. Son point de fusion plus bas le rend facile \u00e0 travailler et il ne sacrifiera pas sa r\u00e9sistance. Les tubes transparents uniques de Bykski vous permettent de mettre en valeur votre configuration de refroidissement par eau encore mieux qu\u2019auparavant !<\/p>\n<p>Fonctionnalit\u00e9s<br \/>\nR\u00e9sistant aux chocs<br \/>\nPlus r\u00e9sistant que les tubes en acrylique<br \/>\nNon toxique, inodore<br \/>\nSp\u00e9cifications<br \/>\nDiam\u00e8tre int\u00e9rieur (ID) : 8 mm<br \/>\nDiam\u00e8tre ext\u00e9rieur (OD) : 12 mm<br \/>\n\u00c9paisseur de la paroi : 2 mm<br \/>\nLongueur : 500 mm<\/p>\n<p>Compatibilit\u00e9<br \/>\nfittings : fittings rigides de 12 mm de diam\u00e8tre ext\u00e9rieur<\/p>\n<p>Avertissements<br \/>\nAvec l\u2019utilisation de diff\u00e9rents composants, mat\u00e9riaux, fluides et d\u00e9bits, les r\u00e9sultats peuvent varier selon l\u2019apparence de votre tube. Le tube rigide est con\u00e7u pour fonctionner avec une grande vari\u00e9t\u00e9 de composants de refroidissement, mais l\u2019utilisation d\u2019alcools, d\u2019\u00e9thyl\u00e8ne glycol et de tout autre produit chimique nocif est strictement interdite et annulera votre garantie.<\/p>\n<p>Nous ne sommes pas responsables des dommages caus\u00e9s par ou lors de l\u2019utilisation de ce produit. Veuillez utiliser \u00e0 vos risques et p\u00e9rils.<\/p>\n","protected":false},"excerpt":{"rendered":"<p>Le tube rigide Bykski PETG est un excellent choix pour tous les constructeurs de niveau de comp\u00e9tence et constitue une alternative parfaite aux tubes acryliques. Son point de fusion plus bas le rend facile \u00e0 travailler et il ne sacrifiera pas sa r\u00e9sistance. Les tubes transparents uniques de Bykski vous permettent de mettre en valeur [&hellip;]<\/p>\n","protected":false},"featured_media":6921,"template":"","meta":{"_genesis_hide_title":false,"_genesis_hide_breadcrumbs":false,"_genesis_hide_singular_image":false,"_genesis_hide_footer_widgets":false,"_genesis_custom_body_class":"","_genesis_custom_post_class":"","_genesis_layout":""},"product_brand":[],"product_cat":[28,27],"product_tag":[],"class_list":{"0":"post-6920","1":"product","2":"type-product","3":"status-publish","4":"has-post-thumbnail","6":"product_cat-hard-tubing-petg","7":"product_cat-tubing","8":"entry","10":"first","11":"instock","12":"taxable","13":"shipping-taxable","14":"purchasable","15":"product-type-simple"},"_links":{"self":[{"href":"https:\/\/proliquidpc.com\/fr\/wp-json\/wp\/v2\/product\/6920","targetHints":{"allow":["GET"]}}],"collection":[{"href":"https:\/\/proliquidpc.com\/fr\/wp-json\/wp\/v2\/product"}],"about":[{"href":"https:\/\/proliquidpc.com\/fr\/wp-json\/wp\/v2\/types\/product"}],"wp:featuredmedia":[{"embeddable":true,"href":"https:\/\/proliquidpc.com\/fr\/wp-json\/wp\/v2\/media\/6921"}],"wp:attachment":[{"href":"https:\/\/proliquidpc.com\/fr\/wp-json\/wp\/v2\/media?parent=6920"}],"wp:term":[{"taxonomy":"product_brand","embeddable":true,"href":"https:\/\/proliquidpc.com\/fr\/wp-json\/wp\/v2\/product_brand?post=6920"},{"taxonomy":"product_cat","embeddable":true,"href":"https:\/\/proliquidpc.com\/fr\/wp-json\/wp\/v2\/product_cat?post=6920"},{"taxonomy":"product_tag","embeddable":true,"href":"https:\/\/proliquidpc.com\/fr\/wp-json\/wp\/v2\/product_tag?post=6920"}],"curies":[{"name":"wp","href":"https:\/\/api.w.org\/{rel}","templated":true}]}}